{"id":13439,"date":"2025-04-23T11:20:52","date_gmt":"2025-04-23T11:20:52","guid":{"rendered":"https:\/\/kurita-eu-gudza2cjbzfhcwbx.francecentral-01.azurewebsites.net\/?page_id=13439"},"modified":"2026-01-20T14:01:09","modified_gmt":"2026-01-20T14:01:09","slug":"desalinizacion","status":"publish","type":"page","link":"https:\/\/latam.kurita-water.com\/es\/industrias\/desalinizacion\/","title":{"rendered":"Desalinizaci\u00f3n"},"content":{"rendered":"<div data-elementor-type=\"wp-page\" data-elementor-id=\"13439\" class=\"elementor elementor-13439\" data-elementor-post-type=\"page\">\n\t\t\t\t\t\t<section class=\"elementor-section elementor-top-section elementor-element elementor-element-3c719d8d elementor-section-full_width elementor-section-height-default elementor-section-height-default\" data-id=\"3c719d8d\" data-element_type=\"section\">\n\t\t\t\t\t\t<div class=\"elementor-container elementor-column-gap-default\">\n\t\t\t\t\t<div class=\"elementor-column elementor-col-100 elementor-top-column elementor-element elementor-element-62f71dec\" data-id=\"62f71dec\" data-element_type=\"column\">\n\t\t\t<div class=\"elementor-widget-wrap elementor-element-populated\">\n\t\t\t\t\t\t<div class=\"elementor-element elementor-element-77f57d42 elementor--h-position-center elementor--v-position-middle elementor-arrows-position-inside elementor-pagination-position-inside elementor-widget elementor-widget-slides\" data-id=\"77f57d42\" data-element_type=\"widget\" data-settings=\"{&quot;navigation&quot;:&quot;both&quot;,&quot;autoplay&quot;:&quot;yes&quot;,&quot;pause_on_hover&quot;:&quot;yes&quot;,&quot;pause_on_interaction&quot;:&quot;yes&quot;,&quot;autoplay_speed&quot;:5000,&quot;infinite&quot;:&quot;yes&quot;,&quot;transition&quot;:&quot;slide&quot;,&quot;transition_speed&quot;:500}\" data-widget_type=\"slides.default\">\n\t\t\t\t<div class=\"elementor-widget-container\">\n\t\t\t\t\t\t\t\t\t<div class=\"elementor-swiper\">\n\t\t\t\t\t<div class=\"elementor-slides-wrapper elementor-main-swiper swiper\" role=\"region\" aria-roledescription=\"carousel\" aria-label=\"Diapositivas\" dir=\"ltr\" data-animation=\"fadeInUp\">\n\t\t\t\t<div class=\"swiper-wrapper elementor-slides\">\n\t\t\t\t\t\t\t\t\t\t<div class=\"elementor-repeater-item-4e0b9f7 swiper-slide\" role=\"group\" aria-roledescription=\"slide\"><div class=\"swiper-slide-bg elementor-ken-burns elementor-ken-burns--in\" role=\"img\"><\/div><div class=\"elementor-background-overlay\"><\/div><div class=\"swiper-slide-inner\" ><div class=\"swiper-slide-contents\"><h1 class=\"elementor-slide-heading\">Industria de la desalaci\u00f3n<\/h1><\/div><\/div><\/div>\t\t\t\t<\/div>\n\t\t\t\t\t\t\t<\/div>\n\t\t\t\t<\/div>\n\t\t\t\t\t\t\t\t<\/div>\n\t\t\t\t<\/div>\n\t\t\t\t\t<\/div>\n\t\t<\/div>\n\t\t\t\t\t<\/div>\n\t\t<\/section>\n\t\t\t\t<section class=\"elementor-section elementor-top-section elementor-element elementor-element-14cf491f elementor-section-boxed elementor-section-height-default elementor-section-height-default\" data-id=\"14cf491f\" data-element_type=\"section\">\n\t\t\t\t\t\t<div class=\"elementor-container elementor-column-gap-default\">\n\t\t\t\t\t<div class=\"elementor-column elementor-col-100 elementor-top-column elementor-element elementor-element-27c168fd margin-content\" data-id=\"27c168fd\" data-element_type=\"column\">\n\t\t\t<div class=\"elementor-widget-wrap elementor-element-populated\">\n\t\t\t\t\t\t<div class=\"elementor-element elementor-element-d8655f6 elementor-widget elementor-widget-text-editor\" data-id=\"d8655f6\" data-element_type=\"widget\" data-widget_type=\"text-editor.default\">\n\t\t\t\t<div class=\"elementor-widget-container\">\n\t\t\t\t\t\t\t\t\t<p>El agua es nuestro bien m\u00e1s preciado.<\/p><p>El agua potable es cada vez m\u00e1s escasa debido al aumento de la demanda y al agotamiento de los recursos. La situaci\u00f3n est\u00e1 empeorando dr\u00e1sticamente, sobre todo en regiones \u00e1ridas como Oriente Medio, \u00c1frica y, cada vez m\u00e1s, el sur de Europa.<\/p><p>Para resolver este problema, la purificaci\u00f3n del agua de mar se ha convertido en una alternativa viable de suministro de agua. Las plantas desalinizadoras utilizan procesos como\u00a0<a href=\"https:\/\/www.kurita.eu\/en\/applications\/water-treatment\/membrane-treatment\/\">sistemas de \u00f3smosis inversa<\/a>\u00a0para la producci\u00f3n segura de agua potable.<\/p><p>Tras una intensa investigaci\u00f3n, Kurita ha desarrollado nuevos m\u00e9todos y productos que contribuyen al funcionamiento eficaz y sin problemas de\u00a0<a href=\"https:\/\/www.kurita.eu\/en\/solutions\/avista\/\">Plantas de \u00f3smosis inversa<\/a>.<\/p><p>Naturalmente, todos nuestros productos utilizados para el tratamiento del agua potable son\u00a0<span style=\"box-sizing: border-box; margin: 0px; padding: 0px;\"><a href=\"http:\/\/www.nsf.org\/\" target=\"_blank\" rel=\"noopener\">NSF-<\/a>certificado<\/span>.<\/p>\t\t\t\t\t\t\t\t<\/div>\n\t\t\t\t<\/div>\n\t\t\t\t\t<\/div>\n\t\t<\/div>\n\t\t\t\t\t<\/div>\n\t\t<\/section>\n\t\t\t\t<section class=\"elementor-section elementor-top-section elementor-element elementor-element-4fc24b09 elementor-section-boxed elementor-section-height-default elementor-section-height-default\" data-id=\"4fc24b09\" data-element_type=\"section\">\n\t\t\t\t\t\t<div class=\"elementor-container elementor-column-gap-default\">\n\t\t\t\t\t<div class=\"elementor-column elementor-col-100 elementor-top-column elementor-element elementor-element-e1f6ba6\" data-id=\"e1f6ba6\" data-element_type=\"column\">\n\t\t\t<div class=\"elementor-widget-wrap elementor-element-populated\">\n\t\t\t\t\t\t<div class=\"elementor-element elementor-element-7857e3ad elementor-grid-widescreen-4 elementor-grid-laptop-3 elementor-posts--thumbnail-none elementor-grid-tablet-3 elementor-grid-3 elementor-grid-mobile-1 elementor-card-shadow-yes elementor-posts__hover-gradient elementor-widget elementor-widget-posts\" data-id=\"7857e3ad\" data-element_type=\"widget\" data-settings=\"{&quot;cards_columns_widescreen&quot;:&quot;4&quot;,&quot;cards_columns_laptop&quot;:&quot;3&quot;,&quot;cards_columns_tablet&quot;:&quot;3&quot;,&quot;pagination_type&quot;:&quot;load_more_infinite_scroll&quot;,&quot;cards_columns&quot;:&quot;3&quot;,&quot;cards_columns_mobile&quot;:&quot;1&quot;,&quot;cards_row_gap&quot;:{&quot;unit&quot;:&quot;px&quot;,&quot;size&quot;:35,&quot;sizes&quot;:[]},&quot;cards_row_gap_widescreen&quot;:{&quot;unit&quot;:&quot;px&quot;,&quot;size&quot;:&quot;&quot;,&quot;sizes&quot;:[]},&quot;cards_row_gap_laptop&quot;:{&quot;unit&quot;:&quot;px&quot;,&quot;size&quot;:&quot;&quot;,&quot;sizes&quot;:[]},&quot;cards_row_gap_tablet&quot;:{&quot;unit&quot;:&quot;px&quot;,&quot;size&quot;:&quot;&quot;,&quot;sizes&quot;:[]},&quot;cards_row_gap_mobile&quot;:{&quot;unit&quot;:&quot;px&quot;,&quot;size&quot;:&quot;&quot;,&quot;sizes&quot;:[]},&quot;load_more_spinner&quot;:{&quot;value&quot;:&quot;fas fa-spinner&quot;,&quot;library&quot;:&quot;fa-solid&quot;}}\" data-widget_type=\"posts.cards\">\n\t\t\t\t<div class=\"elementor-widget-container\">\n\t\t\t\t\t\t\t<div class=\"elementor-posts-container elementor-posts elementor-posts--skin-cards elementor-grid\">\n\t\t\t\t<article class=\"elementor-post elementor-grid-item post-13919 page type-page status-publish hentry\">\n\t\t\t<div class=\"elementor-post__card\">\n\t\t\t\t<div class=\"elementor-post__text\">\n\t\t\t\t<h4 class=\"elementor-post__title\">\n\t\t\t<a href=\"https:\/\/latam.kurita-water.com\/es\/soluciones\/avista\/\" target=\"&quot;_blank&quot;\">\n\t\t\t\tSoluciones de tratamiento con membrana Avista\t\t\t<\/a>\n\t\t<\/h4>\n\t\t\t\t<div class=\"elementor-post__excerpt\">\n\t\t\t<p>AVISTA\u2122 MEMBRANE TREATMENT SOLUTIONS Creating Shared Value Trough System Optimisation Descargar folleto Avista, una marca global de Kurita para soluciones de tratamiento de membranas Avista es una marca l\u00edder mundial reconocida por operadores, dise\u00f1adores de sistemas, fabricantes de membranas y proveedores de equipos para la aplicaci\u00f3n<\/p>\n\t\t<\/div>\n\t\t\t\t\t<div class=\"elementor-post__read-more-wrapper\">\n\t\t\n\t\t<a class=\"elementor-post__read-more\" href=\"https:\/\/latam.kurita-water.com\/es\/soluciones\/avista\/\" aria-label=\"M\u00e1s informaci\u00f3n sobre Avista\u2122 Membrane Treatment Solutions\" tabindex=\"-1\" target=\"_blank\">\n\t\t\tM\u00e1s informaci\u00f3n \"\t\t<\/a>\n\n\t\t\t\t\t<\/div>\n\t\t\t\t<\/div>\n\t\t\t\t\t<\/div>\n\t\t<\/article>\n\t\t\t\t<article class=\"elementor-post elementor-grid-item post-14113 page type-page status-publish hentry\">\n\t\t\t<div class=\"elementor-post__card\">\n\t\t\t\t<div class=\"elementor-post__text\">\n\t\t\t\t<h4 class=\"elementor-post__title\">\n\t\t\t<a href=\"https:\/\/latam.kurita-water.com\/es\/soluciones\/avance-hidrobio\/\" target=\"&quot;_blank&quot;\">\n\t\t\t\tHydroBio\u00ae Advance\t\t\t<\/a>\n\t\t<\/h4>\n\t\t\t\t<div class=\"elementor-post__excerpt\">\n\t\t\t<p>HydroBio\u00ae Advance HydroBio\u00ae Advance - M\u00e9todo en l\u00ednea para determinar y controlar las biopel\u00edculas en todos los sistemas de agua. Ahora disponible con nuevas funciones como la compensaci\u00f3n autom\u00e1tica del caudal para mediciones de incrustaciones y un nuevo sensor para aplicaciones geot\u00e9rmicas de hasta 250 \u00b0C. Biopel\u00edculas<\/p>\n\t\t<\/div>\n\t\t\t\t\t<div class=\"elementor-post__read-more-wrapper\">\n\t\t\n\t\t<a class=\"elementor-post__read-more\" href=\"https:\/\/latam.kurita-water.com\/es\/soluciones\/avance-hidrobio\/\" aria-label=\"M\u00e1s informaci\u00f3n sobre HydroBio\u00ae Advance\" tabindex=\"-1\" target=\"_blank\">\n\t\t\tM\u00e1s informaci\u00f3n \"\t\t<\/a>\n\n\t\t\t\t\t<\/div>\n\t\t\t\t<\/div>\n\t\t\t\t\t<\/div>\n\t\t<\/article>\n\t\t\t\t<article class=\"elementor-post elementor-grid-item post-14195 page type-page status-publish hentry\">\n\t\t\t<div class=\"elementor-post__card\">\n\t\t\t\t<div class=\"elementor-post__text\">\n\t\t\t\t<h4 class=\"elementor-post__title\">\n\t\t\t<a href=\"https:\/\/latam.kurita-water.com\/es\/soluciones\/kurita-connect-360\/\" target=\"&quot;_blank&quot;\">\n\t\t\t\tKurita Conectar 360\t\t\t<\/a>\n\t\t<\/h4>\n\t\t\t\t<div class=\"elementor-post__excerpt\">\n\t\t\t<p>La plataforma digital para clientes de Kurita para la gesti\u00f3n global del agua mejora el rendimiento de su sistema proporcionando recomendaciones inteligentes continuas y monitorizaci\u00f3n de sus aplicaciones de tratamiento del agua.<\/p>\n\t\t<\/div>\n\t\t\t\t\t<div class=\"elementor-post__read-more-wrapper\">\n\t\t\n\t\t<a class=\"elementor-post__read-more\" href=\"https:\/\/latam.kurita-water.com\/es\/soluciones\/kurita-connect-360\/\" aria-label=\"M\u00e1s informaci\u00f3n sobre Kurita Connect 360\" tabindex=\"-1\" target=\"_blank\">\n\t\t\tM\u00e1s informaci\u00f3n \"\t\t<\/a>\n\n\t\t\t\t\t<\/div>\n\t\t\t\t<\/div>\n\t\t\t\t\t<\/div>\n\t\t<\/article>\n\t\t\t\t<\/div>\n\t\t\t\t\t<span class=\"e-load-more-spinner\">\n\t\t\t\t<svg aria-hidden=\"true\" class=\"e-font-icon-svg e-fas-spinner\" viewbox=\"0 0 512 512\" xmlns=\"http:\/\/www.w3.org\/2000\/svg\"><path d=\"M304 48c0 26.51-21.49 48-48 48s-48-21.49-48-48 21.49-48 48-48 48 21.49 48 48zm-48 368c-26.51 0-48 21.49-48 48s21.49 48 48 48 48-21.49 48-48-21.49-48-48-48zm208-208c-26.51 0-48 21.49-48 48s21.49 48 48 48 48-21.49 48-48-21.49-48-48-48zM96 256c0-26.51-21.49-48-48-48S0 229.49 0 256s21.49 48 48 48 48-21.49 48-48zm12.922 99.078c-26.51 0-48 21.49-48 48s21.49 48 48 48 48-21.49 48-48c0-26.509-21.491-48-48-48zm294.156 0c-26.51 0-48 21.49-48 48s21.49 48 48 48 48-21.49 48-48c0-26.509-21.49-48-48-48zM108.922 60.922c-26.51 0-48 21.49-48 48s21.49 48 48 48 48-21.49 48-48-21.491-48-48-48z\"><\/path><\/svg>\t\t\t<\/span>\n\t\t\n\t\t\t\t<div class=\"e-load-more-anchor\" data-page=\"1\" data-max-page=\"2\" data-next-page=\"https:\/\/latam.kurita-water.com\/wp-json\/wp\/v2\/pages\/13439\/page\/2\/\"><\/div>\n\t\t\t\t<div class=\"e-load-more-message\"><\/div>\n\t\t\t\t\t\t<\/div>\n\t\t\t\t<\/div>\n\t\t\t\t\t<\/div>\n\t\t<\/div>\n\t\t\t\t\t<\/div>\n\t\t<\/section>\n\t\t\t\t<section class=\"elementor-section elementor-top-section elementor-element elementor-element-9318338 elementor-section-boxed elementor-section-height-default elementor-section-height-default\" data-id=\"9318338\" data-element_type=\"section\" data-settings=\"{&quot;background_background&quot;:&quot;classic&quot;}\">\n\t\t\t\t\t\t<div class=\"elementor-container elementor-column-gap-default\">\n\t\t\t\t\t<div class=\"elementor-column elementor-col-100 elementor-top-column elementor-element elementor-element-2294a79 margin-content\" data-id=\"2294a79\" data-element_type=\"column\">\n\t\t\t<div class=\"elementor-widget-wrap elementor-element-populated\">\n\t\t\t\t\t\t<div class=\"elementor-element elementor-element-ab93623 elementor-widget elementor-widget-heading\" data-id=\"ab93623\" data-element_type=\"widget\" data-widget_type=\"heading.default\">\n\t\t\t\t<div class=\"elementor-widget-container\">\n\t\t\t\t\t<h2 class=\"elementor-heading-title elementor-size-default\">Estamos a su servicio<\/h2>\t\t\t\t<\/div>\n\t\t\t\t<\/div>\n\t\t\t\t<div class=\"elementor-element elementor-element-0587111 elementor-widget elementor-widget-html\" data-id=\"0587111\" data-element_type=\"widget\" data-widget_type=\"html.default\">\n\t\t\t\t<div class=\"elementor-widget-container\">\n\t\t\t\t\t<div\r\n        data-form-id='f4d0a8e4-73ce-ef11-b8e8-000d3ab41b62'\r\n        data-form-api-url='https:\/\/public-eur.mkt.dynamics.com\/api\/v1.0\/orgs\/30cac5a2-33f9-ed11-a66d-000d3a64d748\/landingpageforms'\r\n        data-cached-form-url='https:\/\/assets-eur.mkt.dynamics.com\/30cac5a2-33f9-ed11-a66d-000d3a64d748\/digitalassets\/forms\/f4d0a8e4-73ce-ef11-b8e8-000d3ab41b62' ><\/div>\r\n        <script src = 'https:\/\/cxppusa1formui01cdnsa01-endpoint.azureedge.net\/eur\/FormLoader\/FormLoader.bundle.js' ><\/script>\r\n        <script>document.documentElement.lang = navigator.language;<\/script>\t\t\t\t<\/div>\n\t\t\t\t<\/div>\n\t\t\t\t\t<\/div>\n\t\t<\/div>\n\t\t\t\t\t<\/div>\n\t\t<\/section>\n\t\t\t\t<\/div>","protected":false},"excerpt":{"rendered":"<p>Industria de la desalinizaci\u00f3n El agua es nuestro bien m\u00e1s preciado. El agua potable es cada vez m\u00e1s escasa debido al aumento de la demanda y al agotamiento de los recursos. La situaci\u00f3n est\u00e1 empeorando dr\u00e1sticamente, sobre todo en regiones \u00e1ridas como Oriente Medio, \u00c1frica y, cada vez m\u00e1s, el sur de Europa. Para resolver este problema, la purificaci\u00f3n del agua de mar ha [...]<\/p>","protected":false},"author":2,"featured_media":13441,"parent":17058,"menu_order":0,"comment_status":"closed","ping_status":"closed","template":"","meta":{"footnotes":""},"class_list":["post-13439","page","type-page","status-publish","has-post-thumbnail","hentry"],"yoast_head":"<!-- This site is optimized with the Yoast SEO plugin v25.5 - https:\/\/yoast.com\/wordpress\/plugins\/seo\/ -->\n<title>Desalination - Kurita LATAM<\/title>\n<meta name=\"description\" content=\"Kurita Europe provides advanced water treatment for desalination\u2014enhancing membrane performance, efficiency, and sustainability.\" \/>\n<meta name=\"robots\" content=\"index, follow, max-snippet:-1, max-image-preview:large, max-video-preview:-1\" \/>\n<link rel=\"canonical\" href=\"https:\/\/latam.kurita-water.com\/es\/industrias\/desalinizacion\/\" \/>\n<meta property=\"og:locale\" content=\"es_ES\" \/>\n<meta property=\"og:type\" content=\"article\" \/>\n<meta property=\"og:title\" content=\"Desalination - Kurita LATAM\" \/>\n<meta property=\"og:description\" content=\"Kurita Europe provides advanced water treatment for desalination\u2014enhancing membrane performance, efficiency, and sustainability.\" \/>\n<meta property=\"og:url\" content=\"https:\/\/latam.kurita-water.com\/es\/industrias\/desalinizacion\/\" \/>\n<meta property=\"og:site_name\" content=\"Kurita LATAM\" \/>\n<meta property=\"article:modified_time\" content=\"2026-01-20T14:01:09+00:00\" \/>\n<meta property=\"og:image\" content=\"https:\/\/latam.kurita-water.com\/wp-content\/uploads\/2025\/04\/Industries_Desalination-eac43837-2.jpg\" \/>\n\t<meta property=\"og:image:width\" content=\"870\" \/>\n\t<meta property=\"og:image:height\" content=\"350\" \/>\n\t<meta property=\"og:image:type\" content=\"image\/jpeg\" \/>\n<meta name=\"twitter:card\" content=\"summary_large_image\" \/>\n<meta name=\"twitter:label1\" content=\"Tiempo de lectura\" \/>\n\t<meta name=\"twitter:data1\" content=\"4 minutos\" \/>\n<script type=\"application\/ld+json\" class=\"yoast-schema-graph\">{\"@context\":\"https:\/\/schema.org\",\"@graph\":[{\"@type\":\"WebPage\",\"@id\":\"https:\/\/latam.kurita-water.com\/es\/industrias\/desalinizacion\/\",\"url\":\"https:\/\/latam.kurita-water.com\/es\/industrias\/desalinizacion\/\",\"name\":\"Desalination - Kurita LATAM\",\"isPartOf\":{\"@id\":\"https:\/\/latam.kurita-water.com\/es\/#website\"},\"primaryImageOfPage\":{\"@id\":\"https:\/\/latam.kurita-water.com\/es\/industrias\/desalinizacion\/#primaryimage\"},\"image\":{\"@id\":\"https:\/\/latam.kurita-water.com\/es\/industrias\/desalinizacion\/#primaryimage\"},\"thumbnailUrl\":\"\/wp-content\/uploads\/2025\/04\/Industries_Desalination-eac43837-2.jpg\",\"datePublished\":\"2025-04-23T11:20:52+00:00\",\"dateModified\":\"2026-01-20T14:01:09+00:00\",\"description\":\"Kurita Europe provides advanced water treatment for desalination\u2014enhancing membrane performance, efficiency, and sustainability.\",\"breadcrumb\":{\"@id\":\"https:\/\/latam.kurita-water.com\/es\/industrias\/desalinizacion\/#breadcrumb\"},\"inLanguage\":\"es\",\"potentialAction\":[{\"@type\":\"ReadAction\",\"target\":[\"https:\/\/latam.kurita-water.com\/es\/industrias\/desalinizacion\/\"]}]},{\"@type\":\"ImageObject\",\"inLanguage\":\"es\",\"@id\":\"https:\/\/latam.kurita-water.com\/es\/industrias\/desalinizacion\/#primaryimage\",\"url\":\"\/wp-content\/uploads\/2025\/04\/Industries_Desalination-eac43837-2.jpg\",\"contentUrl\":\"\/wp-content\/uploads\/2025\/04\/Industries_Desalination-eac43837-2.jpg\",\"width\":870,\"height\":350},{\"@type\":\"BreadcrumbList\",\"@id\":\"https:\/\/latam.kurita-water.com\/es\/industrias\/desalinizacion\/#breadcrumb\",\"itemListElement\":[{\"@type\":\"ListItem\",\"position\":1,\"name\":\"Home\",\"item\":\"https:\/\/latam.kurita-water.com\/en\/\"},{\"@type\":\"ListItem\",\"position\":2,\"name\":\"Industries\",\"item\":\"https:\/\/latamkurit-5281ce4bb8-cteaeha6g3c2hjhc.a03.azurefd.net\/en\/industries\/\"},{\"@type\":\"ListItem\",\"position\":3,\"name\":\"Desalination\"}]},{\"@type\":\"WebSite\",\"@id\":\"https:\/\/latam.kurita-water.com\/es\/#website\",\"url\":\"https:\/\/latam.kurita-water.com\/es\/\",\"name\":\"Kurita LATAM\",\"description\":\"Water Treatment Solutions\",\"publisher\":{\"@id\":\"https:\/\/latam.kurita-water.com\/es\/#organization\"},\"potentialAction\":[{\"@type\":\"SearchAction\",\"target\":{\"@type\":\"EntryPoint\",\"urlTemplate\":\"https:\/\/latam.kurita-water.com\/es\/?s={search_term_string}\"},\"query-input\":{\"@type\":\"PropertyValueSpecification\",\"valueRequired\":true,\"valueName\":\"search_term_string\"}}],\"inLanguage\":\"es\"},{\"@type\":\"Organization\",\"@id\":\"https:\/\/latam.kurita-water.com\/es\/#organization\",\"name\":\"Kurita LATAM\",\"url\":\"https:\/\/latam.kurita-water.com\/es\/\",\"logo\":{\"@type\":\"ImageObject\",\"inLanguage\":\"es\",\"@id\":\"https:\/\/latam.kurita-water.com\/es\/#\/schema\/logo\/image\/\",\"url\":\"\/wp-content\/uploads\/2025\/05\/cropped-brand_mark_horizon_blue.png\",\"contentUrl\":\"\/wp-content\/uploads\/2025\/05\/cropped-brand_mark_horizon_blue.png\",\"width\":712,\"height\":204,\"caption\":\"Kurita LATAM\"},\"image\":{\"@id\":\"https:\/\/latam.kurita-water.com\/es\/#\/schema\/logo\/image\/\"}}]}<\/script>\n<!-- \/ Yoast SEO plugin. -->","yoast_head_json":{"title":"Desalinizaci\u00f3n - Kurita LATAM","description":"Kurita Europa proporciona un tratamiento avanzado del agua para la desalinizaci\u00f3n, mejorando el rendimiento, la eficiencia y la sostenibilidad de las membranas.","robots":{"index":"index","follow":"follow","max-snippet":"max-snippet:-1","max-image-preview":"max-image-preview:large","max-video-preview":"max-video-preview:-1"},"canonical":"https:\/\/latam.kurita-water.com\/es\/industrias\/desalinizacion\/","og_locale":"es_ES","og_type":"article","og_title":"Desalination - Kurita LATAM","og_description":"Kurita Europe provides advanced water treatment for desalination\u2014enhancing membrane performance, efficiency, and sustainability.","og_url":"https:\/\/latam.kurita-water.com\/es\/industrias\/desalinizacion\/","og_site_name":"Kurita LATAM","article_modified_time":"2026-01-20T14:01:09+00:00","og_image":[{"width":870,"height":350,"url":"https:\/\/latam.kurita-water.com\/wp-content\/uploads\/2025\/04\/Industries_Desalination-eac43837-2.jpg","type":"image\/jpeg"}],"twitter_card":"summary_large_image","twitter_misc":{"Tiempo de lectura":"4 minutos"},"schema":{"@context":"https:\/\/schema.org","@graph":[{"@type":"WebPage","@id":"https:\/\/latam.kurita-water.com\/es\/industrias\/desalinizacion\/","url":"https:\/\/latam.kurita-water.com\/es\/industrias\/desalinizacion\/","name":"Desalinizaci\u00f3n - Kurita LATAM","isPartOf":{"@id":"https:\/\/latam.kurita-water.com\/es\/#website"},"primaryImageOfPage":{"@id":"https:\/\/latam.kurita-water.com\/es\/industrias\/desalinizacion\/#primaryimage"},"image":{"@id":"https:\/\/latam.kurita-water.com\/es\/industrias\/desalinizacion\/#primaryimage"},"thumbnailUrl":"\/wp-content\/uploads\/2025\/04\/Industries_Desalination-eac43837-2.jpg","datePublished":"2025-04-23T11:20:52+00:00","dateModified":"2026-01-20T14:01:09+00:00","description":"Kurita Europa proporciona un tratamiento avanzado del agua para la desalinizaci\u00f3n, mejorando el rendimiento, la eficiencia y la sostenibilidad de las membranas.","breadcrumb":{"@id":"https:\/\/latam.kurita-water.com\/es\/industrias\/desalinizacion\/#breadcrumb"},"inLanguage":"es","potentialAction":[{"@type":"ReadAction","target":["https:\/\/latam.kurita-water.com\/es\/industrias\/desalinizacion\/"]}]},{"@type":"ImageObject","inLanguage":"es","@id":"https:\/\/latam.kurita-water.com\/es\/industrias\/desalinizacion\/#primaryimage","url":"\/wp-content\/uploads\/2025\/04\/Industries_Desalination-eac43837-2.jpg","contentUrl":"\/wp-content\/uploads\/2025\/04\/Industries_Desalination-eac43837-2.jpg","width":870,"height":350},{"@type":"BreadcrumbList","@id":"https:\/\/latam.kurita-water.com\/es\/industrias\/desalinizacion\/#breadcrumb","itemListElement":[{"@type":"ListItem","position":1,"name":"Home","item":"https:\/\/latam.kurita-water.com\/en\/"},{"@type":"ListItem","position":2,"name":"Industries","item":"https:\/\/latamkurit-5281ce4bb8-cteaeha6g3c2hjhc.a03.azurefd.net\/en\/industries\/"},{"@type":"ListItem","position":3,"name":"Desalination"}]},{"@type":"WebSite","@id":"https:\/\/latam.kurita-water.com\/es\/#website","url":"https:\/\/latam.kurita-water.com\/es\/","name":"Kurita LATAM","description":"Soluciones para el tratamiento del agua","publisher":{"@id":"https:\/\/latam.kurita-water.com\/es\/#organization"},"potentialAction":[{"@type":"SearchAction","target":{"@type":"EntryPoint","urlTemplate":"https:\/\/latam.kurita-water.com\/es\/?s={search_term_string}"},"query-input":{"@type":"PropertyValueSpecification","valueRequired":true,"valueName":"search_term_string"}}],"inLanguage":"es"},{"@type":"Organization","@id":"https:\/\/latam.kurita-water.com\/es\/#organization","name":"Kurita LATAM","url":"https:\/\/latam.kurita-water.com\/es\/","logo":{"@type":"ImageObject","inLanguage":"es","@id":"https:\/\/latam.kurita-water.com\/es\/#\/schema\/logo\/image\/","url":"\/wp-content\/uploads\/2025\/05\/cropped-brand_mark_horizon_blue.png","contentUrl":"\/wp-content\/uploads\/2025\/05\/cropped-brand_mark_horizon_blue.png","width":712,"height":204,"caption":"Kurita LATAM"},"image":{"@id":"https:\/\/latam.kurita-water.com\/es\/#\/schema\/logo\/image\/"}}]}},"_links":{"self":[{"href":"https:\/\/latam.kurita-water.com\/es\/wp-json\/wp\/v2\/pages\/13439","targetHints":{"allow":["GET"]}}],"collection":[{"href":"https:\/\/latam.kurita-water.com\/es\/wp-json\/wp\/v2\/pages"}],"about":[{"href":"https:\/\/latam.kurita-water.com\/es\/wp-json\/wp\/v2\/types\/page"}],"author":[{"embeddable":true,"href":"https:\/\/latam.kurita-water.com\/es\/wp-json\/wp\/v2\/users\/2"}],"replies":[{"embeddable":true,"href":"https:\/\/latam.kurita-water.com\/es\/wp-json\/wp\/v2\/comments?post=13439"}],"version-history":[{"count":16,"href":"https:\/\/latam.kurita-water.com\/es\/wp-json\/wp\/v2\/pages\/13439\/revisions"}],"predecessor-version":[{"id":19222,"href":"https:\/\/latam.kurita-water.com\/es\/wp-json\/wp\/v2\/pages\/13439\/revisions\/19222"}],"up":[{"embeddable":true,"href":"https:\/\/latam.kurita-water.com\/es\/wp-json\/wp\/v2\/pages\/17058"}],"wp:featuredmedia":[{"embeddable":true,"href":"https:\/\/latam.kurita-water.com\/es\/wp-json\/wp\/v2\/media\/13441"}],"wp:attachment":[{"href":"https:\/\/latam.kurita-water.com\/es\/wp-json\/wp\/v2\/media?parent=13439"}],"curies":[{"name":"wp","href":"https:\/\/api.w.org\/{rel}","templated":true}]}}