{"id":13839,"date":"2025-04-24T13:12:38","date_gmt":"2025-04-24T13:12:38","guid":{"rendered":"https:\/\/kurita-eu-gudza2cjbzfhcwbx.francecentral-01.azurewebsites.net\/?page_id=13839"},"modified":"2026-01-21T07:53:46","modified_gmt":"2026-01-21T07:53:46","slug":"servicios","status":"publish","type":"page","link":"https:\/\/latam.kurita-water.com\/es\/servicios\/","title":{"rendered":"Servicios"},"content":{"rendered":"<div data-elementor-type=\"wp-page\" data-elementor-id=\"13839\" class=\"elementor elementor-13839\" data-elementor-post-type=\"page\">\n\t\t\t\t\t\t<section class=\"elementor-section elementor-top-section elementor-element elementor-element-59b699e6 elementor-section-full_width elementor-section-height-default elementor-section-height-default\" data-id=\"59b699e6\" data-element_type=\"section\">\n\t\t\t\t\t\t<div class=\"elementor-container elementor-column-gap-default\">\n\t\t\t\t\t<div class=\"elementor-column elementor-col-100 elementor-top-column elementor-element elementor-element-3577daae\" data-id=\"3577daae\" data-element_type=\"column\">\n\t\t\t<div class=\"elementor-widget-wrap elementor-element-populated\">\n\t\t\t\t\t\t<div class=\"elementor-element elementor-element-3f34ac6b elementor--h-position-center elementor--v-position-middle elementor-arrows-position-inside elementor-pagination-position-inside elementor-widget elementor-widget-slides\" data-id=\"3f34ac6b\" data-element_type=\"widget\" data-settings=\"{&quot;navigation&quot;:&quot;both&quot;,&quot;autoplay&quot;:&quot;yes&quot;,&quot;pause_on_hover&quot;:&quot;yes&quot;,&quot;pause_on_interaction&quot;:&quot;yes&quot;,&quot;autoplay_speed&quot;:5000,&quot;infinite&quot;:&quot;yes&quot;,&quot;transition&quot;:&quot;slide&quot;,&quot;transition_speed&quot;:500}\" data-widget_type=\"slides.default\">\n\t\t\t\t<div class=\"elementor-widget-container\">\n\t\t\t\t\t\t\t\t\t<div class=\"elementor-swiper\">\n\t\t\t\t\t<div class=\"elementor-slides-wrapper elementor-main-swiper swiper\" role=\"region\" aria-roledescription=\"carousel\" aria-label=\"Diapositivas\" dir=\"ltr\" data-animation=\"fadeInUp\">\n\t\t\t\t<div class=\"swiper-wrapper elementor-slides\">\n\t\t\t\t\t\t\t\t\t\t<div class=\"elementor-repeater-item-4e0b9f7 swiper-slide\" role=\"group\" aria-roledescription=\"slide\"><div class=\"swiper-slide-bg elementor-ken-burns elementor-ken-burns--in\" role=\"img\"><\/div><div class=\"elementor-background-overlay\"><\/div><div class=\"swiper-slide-inner\" ><div class=\"swiper-slide-contents\"><div class=\"elementor-slide-heading\">Servicio<\/div><\/div><\/div><\/div>\t\t\t\t<\/div>\n\t\t\t\t\t\t\t<\/div>\n\t\t\t\t<\/div>\n\t\t\t\t\t\t\t\t<\/div>\n\t\t\t\t<\/div>\n\t\t\t\t\t<\/div>\n\t\t<\/div>\n\t\t\t\t\t<\/div>\n\t\t<\/section>\n\t\t\t\t<section class=\"elementor-section elementor-top-section elementor-element elementor-element-7c420cf elementor-section-boxed elementor-section-height-default elementor-section-height-default\" data-id=\"7c420cf\" data-element_type=\"section\">\n\t\t\t\t\t\t<div class=\"elementor-container elementor-column-gap-default\">\n\t\t\t\t\t<div class=\"elementor-column elementor-col-100 elementor-top-column elementor-element elementor-element-7afe63e4 margin-content\" data-id=\"7afe63e4\" data-element_type=\"column\">\n\t\t\t<div class=\"elementor-widget-wrap elementor-element-populated\">\n\t\t\t\t\t\t<div class=\"elementor-element elementor-element-2bc3e001 elementor-widget elementor-widget-heading\" data-id=\"2bc3e001\" data-element_type=\"widget\" data-widget_type=\"heading.default\">\n\t\t\t\t<div class=\"elementor-widget-container\">\n\t\t\t\t\t<h1 class=\"elementor-heading-title elementor-size-default\">La proximidad al cliente es el punto fuerte de Kurita<\/h1>\t\t\t\t<\/div>\n\t\t\t\t<\/div>\n\t\t\t\t<div class=\"elementor-element elementor-element-a2819d1 elementor-widget elementor-widget-text-editor\" data-id=\"a2819d1\" data-element_type=\"widget\" data-widget_type=\"text-editor.default\">\n\t\t\t\t<div class=\"elementor-widget-container\">\n\t\t\t\t\t\t\t\t\t<p>Nos tomamos muy en serio la mejora continua de la disponibilidad de su planta. Por eso ponemos tanto \u00e9nfasis en un servicio competente: desde el m\u00e1s sencillo an\u00e1lisis del agua hasta una soluci\u00f3n de servicio completa.<\/p><p>Nuestra cartera incluye:<\/p><ul><li>Estudio y an\u00e1lisis del sistema<\/li><li>Desarrollo de conceptos de tratamiento individuales<\/li><li>An\u00e1lisis (in situ y en laboratorios propios)<\/li><li>Limpieza del agua y de las plantas de proceso<\/li><li>Consultor\u00eda para el dise\u00f1o y la optimizaci\u00f3n de plantas<\/li><li>Asesoramiento para la elecci\u00f3n de equipos<\/li><li>Log\u00edstica (transporte y gesti\u00f3n de existencias)<\/li><li>Control remoto y transferencia de datos en l\u00ednea con <a href=\"https:\/\/www.kurita.eu\/en\/solutions\/kurita-connect-360\/\">Kurita Conectar 360<\/a><\/li><\/ul><p>\u00a0<\/p><p>Nuestros cualificados y experimentados representantes sobre el terreno estar\u00e1n encantados de\u00a0<a href=\"#contact\">para asesorarle\u00a0<\/a>sobre cuestiones relativas al servicio que mejor se adapta a sus necesidades individuales. Desaf\u00edenos. Estamos deseando trabajar con usted.<\/p>\t\t\t\t\t\t\t\t<\/div>\n\t\t\t\t<\/div>\n\t\t\t\t\t<\/div>\n\t\t<\/div>\n\t\t\t\t\t<\/div>\n\t\t<\/section>\n\t\t\t\t<section class=\"elementor-section elementor-top-section elementor-element elementor-element-3c73006f elementor-section-full_width elementor-section-height-default elementor-section-height-default\" data-id=\"3c73006f\" data-element_type=\"section\" data-settings=\"{&quot;background_background&quot;:&quot;classic&quot;}\">\n\t\t\t\t\t\t<div class=\"elementor-container elementor-column-gap-no\">\n\t\t\t\t\t<div class=\"elementor-column elementor-col-100 elementor-top-column elementor-element elementor-element-5ed876d9 margin-content\" data-id=\"5ed876d9\" data-element_type=\"column\">\n\t\t\t<div class=\"elementor-widget-wrap elementor-element-populated\">\n\t\t\t\t\t\t<div class=\"elementor-element elementor-element-453113aa elementor-widget elementor-widget-heading\" data-id=\"453113aa\" data-element_type=\"widget\" data-widget_type=\"heading.default\">\n\t\t\t\t<div class=\"elementor-widget-container\">\n\t\t\t\t\t<h2 class=\"elementor-heading-title elementor-size-default\">Estamos a su servicio<\/h2>\t\t\t\t<\/div>\n\t\t\t\t<\/div>\n\t\t\t\t<div class=\"elementor-element elementor-element-18b1e93f elementor-widget elementor-widget-html\" data-id=\"18b1e93f\" data-element_type=\"widget\" data-widget_type=\"html.default\">\n\t\t\t\t<div class=\"elementor-widget-container\">\n\t\t\t\t\t<div\r\n        data-form-id='f4d0a8e4-73ce-ef11-b8e8-000d3ab41b62'\r\n        data-form-api-url='https:\/\/public-eur.mkt.dynamics.com\/api\/v1.0\/orgs\/30cac5a2-33f9-ed11-a66d-000d3a64d748\/landingpageforms'\r\n        data-cached-form-url='https:\/\/assets-eur.mkt.dynamics.com\/30cac5a2-33f9-ed11-a66d-000d3a64d748\/digitalassets\/forms\/f4d0a8e4-73ce-ef11-b8e8-000d3ab41b62' ><\/div>\r\n        <script src = 'https:\/\/cxppusa1formui01cdnsa01-endpoint.azureedge.net\/eur\/FormLoader\/FormLoader.bundle.js' ><\/script>\r\n        <script>document.documentElement.lang = navigator.language;<\/script>\t\t\t\t<\/div>\n\t\t\t\t<\/div>\n\t\t\t\t\t<\/div>\n\t\t<\/div>\n\t\t\t\t\t<\/div>\n\t\t<\/section>\n\t\t\t\t<\/div>","protected":false},"excerpt":{"rendered":"<p>Servicio La proximidad al cliente es el punto fuerte de Kurita Nos tomamos muy en serio la mejora continua de la disponibilidad de su planta. Por eso ponemos tanto \u00e9nfasis en un servicio competente: desde el an\u00e1lisis de agua m\u00e1s sencillo hasta una soluci\u00f3n de servicio completa. Nuestra cartera incluye: Estudio del sistema y an\u00e1lisis del sistema Desarrollo de conceptos de tratamiento individuales An\u00e1lisis (in situ [...]<\/p>","protected":false},"author":2,"featured_media":13841,"parent":0,"menu_order":0,"comment_status":"closed","ping_status":"closed","template":"","meta":{"footnotes":""},"class_list":["post-13839","page","type-page","status-publish","has-post-thumbnail","hentry"],"yoast_head":"<!-- This site is optimized with the Yoast SEO plugin v25.5 - https:\/\/yoast.com\/wordpress\/plugins\/seo\/ -->\n<title>Services - Kurita LATAM<\/title>\n<meta name=\"description\" content=\"Kurita offers water treatment services like consulting, monitoring, and digital tools to boost industrial efficiency and sustainability.\" \/>\n<meta name=\"robots\" content=\"index, follow, max-snippet:-1, max-image-preview:large, max-video-preview:-1\" \/>\n<link rel=\"canonical\" href=\"https:\/\/latam.kurita-water.com\/es\/servicios\/\" \/>\n<meta property=\"og:locale\" content=\"es_ES\" \/>\n<meta property=\"og:type\" content=\"article\" \/>\n<meta property=\"og:title\" content=\"Services - Kurita LATAM\" \/>\n<meta property=\"og:description\" content=\"Kurita offers water treatment services like consulting, monitoring, and digital tools to boost industrial efficiency and sustainability.\" \/>\n<meta property=\"og:url\" content=\"https:\/\/latam.kurita-water.com\/es\/servicios\/\" \/>\n<meta property=\"og:site_name\" content=\"Kurita LATAM\" \/>\n<meta property=\"article:modified_time\" content=\"2026-01-21T07:53:46+00:00\" \/>\n<meta property=\"og:image\" content=\"https:\/\/latam.kurita-water.com\/wp-content\/uploads\/2025\/04\/Applications_Service-0e1bc3fa.jpg\" \/>\n\t<meta property=\"og:image:width\" content=\"870\" \/>\n\t<meta property=\"og:image:height\" content=\"350\" \/>\n\t<meta property=\"og:image:type\" content=\"image\/jpeg\" \/>\n<meta name=\"twitter:card\" content=\"summary_large_image\" \/>\n<meta name=\"twitter:label1\" content=\"Tiempo de lectura\" \/>\n\t<meta name=\"twitter:data1\" content=\"1 minuto\" \/>\n<script type=\"application\/ld+json\" class=\"yoast-schema-graph\">{\"@context\":\"https:\/\/schema.org\",\"@graph\":[{\"@type\":\"WebPage\",\"@id\":\"https:\/\/latam.kurita-water.com\/es\/servicios\/\",\"url\":\"https:\/\/latam.kurita-water.com\/es\/servicios\/\",\"name\":\"Services - Kurita LATAM\",\"isPartOf\":{\"@id\":\"https:\/\/latam.kurita-water.com\/es\/#website\"},\"primaryImageOfPage\":{\"@id\":\"https:\/\/latam.kurita-water.com\/es\/servicios\/#primaryimage\"},\"image\":{\"@id\":\"https:\/\/latam.kurita-water.com\/es\/servicios\/#primaryimage\"},\"thumbnailUrl\":\"\/wp-content\/uploads\/2025\/04\/Applications_Service-0e1bc3fa.jpg\",\"datePublished\":\"2025-04-24T13:12:38+00:00\",\"dateModified\":\"2026-01-21T07:53:46+00:00\",\"description\":\"Kurita offers water treatment services like consulting, monitoring, and digital tools to boost industrial efficiency and sustainability.\",\"breadcrumb\":{\"@id\":\"https:\/\/latam.kurita-water.com\/es\/servicios\/#breadcrumb\"},\"inLanguage\":\"es\",\"potentialAction\":[{\"@type\":\"ReadAction\",\"target\":[\"https:\/\/latam.kurita-water.com\/es\/servicios\/\"]}]},{\"@type\":\"ImageObject\",\"inLanguage\":\"es\",\"@id\":\"https:\/\/latam.kurita-water.com\/es\/servicios\/#primaryimage\",\"url\":\"\/wp-content\/uploads\/2025\/04\/Applications_Service-0e1bc3fa.jpg\",\"contentUrl\":\"\/wp-content\/uploads\/2025\/04\/Applications_Service-0e1bc3fa.jpg\",\"width\":870,\"height\":350},{\"@type\":\"BreadcrumbList\",\"@id\":\"https:\/\/latam.kurita-water.com\/es\/servicios\/#breadcrumb\",\"itemListElement\":[{\"@type\":\"ListItem\",\"position\":1,\"name\":\"Home\",\"item\":\"https:\/\/latam.kurita-water.com\/en\/\"},{\"@type\":\"ListItem\",\"position\":2,\"name\":\"Services\"}]},{\"@type\":\"WebSite\",\"@id\":\"https:\/\/latam.kurita-water.com\/es\/#website\",\"url\":\"https:\/\/latam.kurita-water.com\/es\/\",\"name\":\"Kurita LATAM\",\"description\":\"Water Treatment Solutions\",\"publisher\":{\"@id\":\"https:\/\/latam.kurita-water.com\/es\/#organization\"},\"potentialAction\":[{\"@type\":\"SearchAction\",\"target\":{\"@type\":\"EntryPoint\",\"urlTemplate\":\"https:\/\/latam.kurita-water.com\/es\/?s={search_term_string}\"},\"query-input\":{\"@type\":\"PropertyValueSpecification\",\"valueRequired\":true,\"valueName\":\"search_term_string\"}}],\"inLanguage\":\"es\"},{\"@type\":\"Organization\",\"@id\":\"https:\/\/latam.kurita-water.com\/es\/#organization\",\"name\":\"Kurita LATAM\",\"url\":\"https:\/\/latam.kurita-water.com\/es\/\",\"logo\":{\"@type\":\"ImageObject\",\"inLanguage\":\"es\",\"@id\":\"https:\/\/latam.kurita-water.com\/es\/#\/schema\/logo\/image\/\",\"url\":\"\/wp-content\/uploads\/2025\/05\/cropped-brand_mark_horizon_blue.png\",\"contentUrl\":\"\/wp-content\/uploads\/2025\/05\/cropped-brand_mark_horizon_blue.png\",\"width\":712,\"height\":204,\"caption\":\"Kurita LATAM\"},\"image\":{\"@id\":\"https:\/\/latam.kurita-water.com\/es\/#\/schema\/logo\/image\/\"}}]}<\/script>\n<!-- \/ Yoast SEO plugin. -->","yoast_head_json":{"title":"Servicios - Kurita LATAM","description":"Kurita ofrece servicios de tratamiento de aguas como consultor\u00eda, monitorizaci\u00f3n y herramientas digitales para impulsar la eficiencia y la sostenibilidad industriales.","robots":{"index":"index","follow":"follow","max-snippet":"max-snippet:-1","max-image-preview":"max-image-preview:large","max-video-preview":"max-video-preview:-1"},"canonical":"https:\/\/latam.kurita-water.com\/es\/servicios\/","og_locale":"es_ES","og_type":"article","og_title":"Services - Kurita LATAM","og_description":"Kurita offers water treatment services like consulting, monitoring, and digital tools to boost industrial efficiency and sustainability.","og_url":"https:\/\/latam.kurita-water.com\/es\/servicios\/","og_site_name":"Kurita LATAM","article_modified_time":"2026-01-21T07:53:46+00:00","og_image":[{"width":870,"height":350,"url":"https:\/\/latam.kurita-water.com\/wp-content\/uploads\/2025\/04\/Applications_Service-0e1bc3fa.jpg","type":"image\/jpeg"}],"twitter_card":"summary_large_image","twitter_misc":{"Tiempo de lectura":"1 minuto"},"schema":{"@context":"https:\/\/schema.org","@graph":[{"@type":"WebPage","@id":"https:\/\/latam.kurita-water.com\/es\/servicios\/","url":"https:\/\/latam.kurita-water.com\/es\/servicios\/","name":"Servicios - Kurita LATAM","isPartOf":{"@id":"https:\/\/latam.kurita-water.com\/es\/#website"},"primaryImageOfPage":{"@id":"https:\/\/latam.kurita-water.com\/es\/servicios\/#primaryimage"},"image":{"@id":"https:\/\/latam.kurita-water.com\/es\/servicios\/#primaryimage"},"thumbnailUrl":"\/wp-content\/uploads\/2025\/04\/Applications_Service-0e1bc3fa.jpg","datePublished":"2025-04-24T13:12:38+00:00","dateModified":"2026-01-21T07:53:46+00:00","description":"Kurita ofrece servicios de tratamiento de aguas como consultor\u00eda, monitorizaci\u00f3n y herramientas digitales para impulsar la eficiencia y la sostenibilidad industriales.","breadcrumb":{"@id":"https:\/\/latam.kurita-water.com\/es\/servicios\/#breadcrumb"},"inLanguage":"es","potentialAction":[{"@type":"ReadAction","target":["https:\/\/latam.kurita-water.com\/es\/servicios\/"]}]},{"@type":"ImageObject","inLanguage":"es","@id":"https:\/\/latam.kurita-water.com\/es\/servicios\/#primaryimage","url":"\/wp-content\/uploads\/2025\/04\/Applications_Service-0e1bc3fa.jpg","contentUrl":"\/wp-content\/uploads\/2025\/04\/Applications_Service-0e1bc3fa.jpg","width":870,"height":350},{"@type":"BreadcrumbList","@id":"https:\/\/latam.kurita-water.com\/es\/servicios\/#breadcrumb","itemListElement":[{"@type":"ListItem","position":1,"name":"Home","item":"https:\/\/latam.kurita-water.com\/en\/"},{"@type":"ListItem","position":2,"name":"Services"}]},{"@type":"WebSite","@id":"https:\/\/latam.kurita-water.com\/es\/#website","url":"https:\/\/latam.kurita-water.com\/es\/","name":"Kurita LATAM","description":"Soluciones para el tratamiento del agua","publisher":{"@id":"https:\/\/latam.kurita-water.com\/es\/#organization"},"potentialAction":[{"@type":"SearchAction","target":{"@type":"EntryPoint","urlTemplate":"https:\/\/latam.kurita-water.com\/es\/?s={search_term_string}"},"query-input":{"@type":"PropertyValueSpecification","valueRequired":true,"valueName":"search_term_string"}}],"inLanguage":"es"},{"@type":"Organization","@id":"https:\/\/latam.kurita-water.com\/es\/#organization","name":"Kurita LATAM","url":"https:\/\/latam.kurita-water.com\/es\/","logo":{"@type":"ImageObject","inLanguage":"es","@id":"https:\/\/latam.kurita-water.com\/es\/#\/schema\/logo\/image\/","url":"\/wp-content\/uploads\/2025\/05\/cropped-brand_mark_horizon_blue.png","contentUrl":"\/wp-content\/uploads\/2025\/05\/cropped-brand_mark_horizon_blue.png","width":712,"height":204,"caption":"Kurita LATAM"},"image":{"@id":"https:\/\/latam.kurita-water.com\/es\/#\/schema\/logo\/image\/"}}]}},"_links":{"self":[{"href":"https:\/\/latam.kurita-water.com\/es\/wp-json\/wp\/v2\/pages\/13839","targetHints":{"allow":["GET"]}}],"collection":[{"href":"https:\/\/latam.kurita-water.com\/es\/wp-json\/wp\/v2\/pages"}],"about":[{"href":"https:\/\/latam.kurita-water.com\/es\/wp-json\/wp\/v2\/types\/page"}],"author":[{"embeddable":true,"href":"https:\/\/latam.kurita-water.com\/es\/wp-json\/wp\/v2\/users\/2"}],"replies":[{"embeddable":true,"href":"https:\/\/latam.kurita-water.com\/es\/wp-json\/wp\/v2\/comments?post=13839"}],"version-history":[{"count":13,"href":"https:\/\/latam.kurita-water.com\/es\/wp-json\/wp\/v2\/pages\/13839\/revisions"}],"predecessor-version":[{"id":19439,"href":"https:\/\/latam.kurita-water.com\/es\/wp-json\/wp\/v2\/pages\/13839\/revisions\/19439"}],"wp:featuredmedia":[{"embeddable":true,"href":"https:\/\/latam.kurita-water.com\/es\/wp-json\/wp\/v2\/media\/13841"}],"wp:attachment":[{"href":"https:\/\/latam.kurita-water.com\/es\/wp-json\/wp\/v2\/media?parent=13839"}],"curies":[{"name":"wp","href":"https:\/\/api.w.org\/{rel}","templated":true}]}}