{"id":14067,"date":"2025-04-24T14:40:55","date_gmt":"2025-04-24T14:40:55","guid":{"rendered":"https:\/\/kurita-eu-gudza2cjbzfhcwbx.francecentral-01.azurewebsites.net\/?page_id=14067"},"modified":"2026-01-20T14:17:56","modified_gmt":"2026-01-20T14:17:56","slug":"ferrolix","status":"publish","type":"page","link":"https:\/\/latam.kurita-water.com\/es\/soluciones\/ferrolix\/","title":{"rendered":"Ferrolix"},"content":{"rendered":"<div data-elementor-type=\"wp-page\" data-elementor-id=\"14067\" class=\"elementor elementor-14067\" data-elementor-post-type=\"page\">\n\t\t\t\t\t\t<section class=\"elementor-section elementor-top-section elementor-element elementor-element-17ae3074 elementor-section-full_width elementor-section-height-default elementor-section-height-default\" data-id=\"17ae3074\" data-element_type=\"section\">\n\t\t\t\t\t\t<div class=\"elementor-container elementor-column-gap-default\">\n\t\t\t\t\t<div class=\"elementor-column elementor-col-100 elementor-top-column elementor-element elementor-element-2e7e3aca\" data-id=\"2e7e3aca\" data-element_type=\"column\">\n\t\t\t<div class=\"elementor-widget-wrap elementor-element-populated\">\n\t\t\t\t\t\t<div class=\"elementor-element elementor-element-d35233 elementor--h-position-center elementor--v-position-middle elementor-arrows-position-inside elementor-pagination-position-inside elementor-widget elementor-widget-slides\" data-id=\"d35233\" data-element_type=\"widget\" data-settings=\"{&quot;navigation&quot;:&quot;both&quot;,&quot;autoplay&quot;:&quot;yes&quot;,&quot;pause_on_hover&quot;:&quot;yes&quot;,&quot;pause_on_interaction&quot;:&quot;yes&quot;,&quot;autoplay_speed&quot;:5000,&quot;infinite&quot;:&quot;yes&quot;,&quot;transition&quot;:&quot;slide&quot;,&quot;transition_speed&quot;:500}\" data-widget_type=\"slides.default\">\n\t\t\t\t<div class=\"elementor-widget-container\">\n\t\t\t\t\t\t\t\t\t<div class=\"elementor-swiper\">\n\t\t\t\t\t<div class=\"elementor-slides-wrapper elementor-main-swiper swiper\" role=\"region\" aria-roledescription=\"carousel\" aria-label=\"Diapositivas\" dir=\"ltr\" data-animation=\"fadeInUp\">\n\t\t\t\t<div class=\"swiper-wrapper elementor-slides\">\n\t\t\t\t\t\t\t\t\t\t<div class=\"elementor-repeater-item-4e0b9f7 swiper-slide\" role=\"group\" aria-roledescription=\"slide\"><div class=\"swiper-slide-bg elementor-ken-burns elementor-ken-burns--in\" role=\"img\"><\/div><div class=\"elementor-background-overlay\"><\/div><div class=\"swiper-slide-inner\" ><div class=\"swiper-slide-contents\"><h1 class=\"elementor-slide-heading\">Ferrolix<\/h1><\/div><\/div><\/div>\t\t\t\t<\/div>\n\t\t\t\t\t\t\t<\/div>\n\t\t\t\t<\/div>\n\t\t\t\t\t\t\t\t<\/div>\n\t\t\t\t<\/div>\n\t\t\t\t\t<\/div>\n\t\t<\/div>\n\t\t\t\t\t<\/div>\n\t\t<\/section>\n\t\t\t\t<section class=\"elementor-section elementor-top-section elementor-element elementor-element-62edeb56 elementor-section-boxed elementor-section-height-default elementor-section-height-default\" data-id=\"62edeb56\" data-element_type=\"section\">\n\t\t\t\t\t\t<div class=\"elementor-container elementor-column-gap-default\">\n\t\t\t\t\t<div class=\"elementor-column elementor-col-66 elementor-top-column elementor-element elementor-element-4e9c4924 margin-content\" data-id=\"4e9c4924\" data-element_type=\"column\">\n\t\t\t<div class=\"elementor-widget-wrap elementor-element-populated\">\n\t\t\t\t\t\t<div class=\"elementor-element elementor-element-146adbd0 elementor-widget elementor-widget-heading\" data-id=\"146adbd0\" data-element_type=\"widget\" data-widget_type=\"heading.default\">\n\t\t\t\t<div class=\"elementor-widget-container\">\n\t\t\t\t\t<h2 class=\"elementor-heading-title elementor-size-default\">Amplia gama de programas de tratamiento especial para generadores de vapor y sistemas de calderas - Ferrolix\u00ae.<\/h2>\t\t\t\t<\/div>\n\t\t\t\t<\/div>\n\t\t\t\t<div class=\"elementor-element elementor-element-99914f6 elementor-invisible elementor-widget elementor-widget-text-editor\" data-id=\"99914f6\" data-element_type=\"widget\" data-settings=\"{&quot;_animation&quot;:&quot;fadeInUp&quot;}\" data-widget_type=\"text-editor.default\">\n\t\t\t\t<div class=\"elementor-widget-container\">\n\t\t\t\t\t\t\t\t\t<p>Ferrolix<sup>\u00ae<\/sup>\u00a0est\u00e1n dise\u00f1ados para ofrecer soluciones \u00f3ptimas que garanticen la protecci\u00f3n contra la corrosi\u00f3n y las incrustaciones en todo el sistema de calderas y el ciclo de vapor de agua. Nuestro Ferrolix<sup>\u00ae<\/sup>\u00a0incluye tecnolog\u00edas innovadoras para reducir los costes operativos y aumentar la fiabilidad y vida \u00fatil de los sistemas. Ferrolix<sup>\u00ae<\/sup>\u00a0est\u00e1n disponibles como componentes individuales o como soluciones completas \"todo en uno\".<\/p>\t\t\t\t\t\t\t\t<\/div>\n\t\t\t\t<\/div>\n\t\t\t\t\t<\/div>\n\t\t<\/div>\n\t\t\t\t<div class=\"elementor-column elementor-col-33 elementor-top-column elementor-element elementor-element-5a759bd0 margin-content\" data-id=\"5a759bd0\" data-element_type=\"column\">\n\t\t\t<div class=\"elementor-widget-wrap elementor-element-populated\">\n\t\t\t\t\t\t<div class=\"elementor-element elementor-element-5cee3d47 elementor-invisible elementor-widget elementor-widget-image\" data-id=\"5cee3d47\" data-element_type=\"widget\" data-settings=\"{&quot;_animation&quot;:&quot;fadeIn&quot;}\" data-widget_type=\"image.default\">\n\t\t\t\t<div class=\"elementor-widget-container\">\n\t\t\t\t\t\t\t\t\t\t\t\t\t\t\t<img fetchpriority=\"high\" decoding=\"async\" width=\"350\" height=\"299\" src=\"\/wp-content\/uploads\/2025\/04\/Stamp-Kurita-PATENTED-SOLUTION-0e304df3.png\" class=\"attachment-large size-large wp-image-12806\" alt=\"\" srcset=\"\/wp-content\/uploads\/2025\/04\/Stamp-Kurita-PATENTED-SOLUTION-0e304df3.png 350w, \/wp-content\/uploads\/2025\/04\/Stamp-Kurita-PATENTED-SOLUTION-0e304df3-300x256.png 300w\" sizes=\"(max-width: 350px) 100vw, 350px\" data-no-translation=\"\" \/>\t\t\t\t\t\t\t\t\t\t\t\t\t\t\t<\/div>\n\t\t\t\t<\/div>\n\t\t\t\t\t<\/div>\n\t\t<\/div>\n\t\t\t\t\t<\/div>\n\t\t<\/section>\n\t\t\t\t<section class=\"elementor-section elementor-top-section elementor-element elementor-element-42b946f1 elementor-section-boxed elementor-section-height-default elementor-section-height-default\" data-id=\"42b946f1\" data-element_type=\"section\" data-settings=\"{&quot;background_background&quot;:&quot;classic&quot;}\">\n\t\t\t\t\t\t<div class=\"elementor-container elementor-column-gap-default\">\n\t\t\t\t\t<div class=\"elementor-column elementor-col-100 elementor-top-column elementor-element elementor-element-1feadc2f margin-content\" data-id=\"1feadc2f\" data-element_type=\"column\">\n\t\t\t<div class=\"elementor-widget-wrap elementor-element-populated\">\n\t\t\t\t\t\t<div class=\"elementor-element elementor-element-7b18aa85 elementor-widget elementor-widget-heading\" data-id=\"7b18aa85\" data-element_type=\"widget\" data-widget_type=\"heading.default\">\n\t\t\t\t<div class=\"elementor-widget-container\">\n\t\t\t\t\t<h4 class=\"elementor-heading-title elementor-size-default\">Limpiadores de ox\u00edgeno \/ agentes reductores<\/h4>\t\t\t\t<\/div>\n\t\t\t\t<\/div>\n\t\t\t\t<div class=\"elementor-element elementor-element-5f417ffb elementor-invisible elementor-widget elementor-widget-text-editor\" data-id=\"5f417ffb\" data-element_type=\"widget\" data-settings=\"{&quot;_animation&quot;:&quot;fadeIn&quot;}\" data-widget_type=\"text-editor.default\">\n\t\t\t\t<div class=\"elementor-widget-container\">\n\t\t\t\t\t\t\t\t\t<p>Incluso peque\u00f1as cantidades de ox\u00edgeno disuelto pueden causar corrosi\u00f3n en los sistemas de calderas. Kurita ofrece secuestrantes de ox\u00edgeno vol\u00e1tiles y no vol\u00e1tiles para controlar la concentraci\u00f3n de ox\u00edgeno disuelto en un nivel adecuado.<\/p><ul><li>Depuradores de ox\u00edgeno org\u00e1nicos e inorg\u00e1nicos para la industria alimentaria de conformidad con FDA \u00a7 173.310<\/li><li>Depuradores de ox\u00edgeno vol\u00e1til para sistemas de alta presi\u00f3n y conceptos de tratamiento totalmente vol\u00e1til (AVT)<\/li><li>Depuradores de ox\u00edgeno no t\u00f3xicos para sustituir a la hidracina<\/li><li>Depurador de ox\u00edgeno catalizado no t\u00f3xico para agua de alimentaci\u00f3n a baja temperatura<\/li><\/ul>\t\t\t\t\t\t\t\t<\/div>\n\t\t\t\t<\/div>\n\t\t\t\t\t<\/div>\n\t\t<\/div>\n\t\t\t\t\t<\/div>\n\t\t<\/section>\n\t\t\t\t<section class=\"elementor-section elementor-top-section elementor-element elementor-element-431f840b elementor-section-boxed elementor-section-height-default elementor-section-height-default\" data-id=\"431f840b\" data-element_type=\"section\" data-settings=\"{&quot;background_background&quot;:&quot;classic&quot;}\">\n\t\t\t\t\t\t<div class=\"elementor-container elementor-column-gap-default\">\n\t\t\t\t\t<div class=\"elementor-column elementor-col-100 elementor-top-column elementor-element elementor-element-69a9177 margin-content\" data-id=\"69a9177\" data-element_type=\"column\">\n\t\t\t<div class=\"elementor-widget-wrap elementor-element-populated\">\n\t\t\t\t\t\t<div class=\"elementor-element elementor-element-135b926e elementor-widget elementor-widget-heading\" data-id=\"135b926e\" data-element_type=\"widget\" data-widget_type=\"heading.default\">\n\t\t\t\t<div class=\"elementor-widget-container\">\n\t\t\t\t\t<h4 class=\"elementor-heading-title elementor-size-default\">Tratamiento interno \/ Inhibidores de incrustaciones<\/h4>\t\t\t\t<\/div>\n\t\t\t\t<\/div>\n\t\t\t\t<div class=\"elementor-element elementor-element-4e3d2445 elementor-invisible elementor-widget elementor-widget-text-editor\" data-id=\"4e3d2445\" data-element_type=\"widget\" data-settings=\"{&quot;_animation&quot;:&quot;fadeIn&quot;}\" data-widget_type=\"text-editor.default\">\n\t\t\t\t<div class=\"elementor-widget-container\">\n\t\t\t\t\t\t\t\t\t<p>La formaci\u00f3n de incrustaciones en los sistemas de calderas reduce la eficiencia y la vida \u00fatil del sistema y representa un grave riesgo para la seguridad. Kurita ofrece inhibidores de incrustaciones basados en fosfatos y pol\u00edmeros para proteger las superficies del sistema contra las incrustaciones y la corrosi\u00f3n.<\/p><ul><li>Productos exclusivos para el control de la dureza y la s\u00edlice<\/li><li>Programas de control de dep\u00f3sitos a base de fosfatos y fosfonatos<\/li><li>Control de dep\u00f3sitos sin f\u00f3sforo a base de dispersantes<\/li><li>Programas de tratamiento para la industria alimentaria de acuerdo con la FDA \u00a7 173.310<\/li><li>Productos fosfatados y pol\u00edmeros para calderas de alta presi\u00f3n<\/li><li>Aditivos para el control de la espuma<\/li><\/ul>\t\t\t\t\t\t\t\t<\/div>\n\t\t\t\t<\/div>\n\t\t\t\t\t<\/div>\n\t\t<\/div>\n\t\t\t\t\t<\/div>\n\t\t<\/section>\n\t\t\t\t<section class=\"elementor-section elementor-top-section elementor-element elementor-element-4101d3fc elementor-section-boxed elementor-section-height-default elementor-section-height-default\" data-id=\"4101d3fc\" data-element_type=\"section\" data-settings=\"{&quot;background_background&quot;:&quot;classic&quot;}\">\n\t\t\t\t\t\t<div class=\"elementor-container elementor-column-gap-default\">\n\t\t\t\t\t<div class=\"elementor-column elementor-col-100 elementor-top-column elementor-element elementor-element-45992c3c margin-content\" data-id=\"45992c3c\" data-element_type=\"column\">\n\t\t\t<div class=\"elementor-widget-wrap elementor-element-populated\">\n\t\t\t\t\t\t<div class=\"elementor-element elementor-element-35f301d8 elementor-widget elementor-widget-heading\" data-id=\"35f301d8\" data-element_type=\"widget\" data-widget_type=\"heading.default\">\n\t\t\t\t<div class=\"elementor-widget-container\">\n\t\t\t\t\t<h4 class=\"elementor-heading-title elementor-size-default\">Alcalinizaci\u00f3n de agua de alimentaci\u00f3n y vapor\/condensado<\/h4>\t\t\t\t<\/div>\n\t\t\t\t<\/div>\n\t\t\t\t<div class=\"elementor-element elementor-element-be31ceb elementor-invisible elementor-widget elementor-widget-text-editor\" data-id=\"be31ceb\" data-element_type=\"widget\" data-settings=\"{&quot;_animation&quot;:&quot;fadeIn&quot;}\" data-widget_type=\"text-editor.default\">\n\t\t\t\t<div class=\"elementor-widget-container\">\n\t\t\t\t\t\t\t\t\t<p>La corrosi\u00f3n y la p\u00e9rdida de material en l\u00edneas de agua de alimentaci\u00f3n y sistemas de vapor\/condensado suelen estar causadas por condiciones de bajo valor de pH. Kurita ofrece una gama completa de aminas neutralizantes y alcalinizantes para su aplicaci\u00f3n en sistemas de baja, media y alta presi\u00f3n.<\/p><ul><li>Mezclas de aminas alcalinizantes para la industria alimentaria de conformidad con FDA \u00a7 173.310<\/li><li>Mezclas de aminas alcalinizantes espec\u00edficas para sistemas de retorno de condensado bajo, medio y alto<\/li><li>Programas de tratamiento para sistemas industriales con largas l\u00edneas de vapor y condensado<\/li><\/ul>\t\t\t\t\t\t\t\t<\/div>\n\t\t\t\t<\/div>\n\t\t\t\t\t<\/div>\n\t\t<\/div>\n\t\t\t\t\t<\/div>\n\t\t<\/section>\n\t\t\t\t<section class=\"elementor-section elementor-top-section elementor-element elementor-element-3f7b85d9 elementor-section-boxed elementor-section-height-default elementor-section-height-default\" data-id=\"3f7b85d9\" data-element_type=\"section\" data-settings=\"{&quot;background_background&quot;:&quot;classic&quot;}\">\n\t\t\t\t\t\t<div class=\"elementor-container elementor-column-gap-default\">\n\t\t\t\t\t<div class=\"elementor-column elementor-col-100 elementor-top-column elementor-element elementor-element-77082868 margin-content\" data-id=\"77082868\" data-element_type=\"column\">\n\t\t\t<div class=\"elementor-widget-wrap elementor-element-populated\">\n\t\t\t\t\t\t<div class=\"elementor-element elementor-element-305de92 elementor-widget elementor-widget-heading\" data-id=\"305de92\" data-element_type=\"widget\" data-widget_type=\"heading.default\">\n\t\t\t\t<div class=\"elementor-widget-container\">\n\t\t\t\t\t<h2 class=\"elementor-heading-title elementor-size-default\">Estamos a su servicio<\/h2>\t\t\t\t<\/div>\n\t\t\t\t<\/div>\n\t\t\t\t<div class=\"elementor-element elementor-element-22f12666 elementor-widget elementor-widget-html\" data-id=\"22f12666\" data-element_type=\"widget\" data-widget_type=\"html.default\">\n\t\t\t\t<div class=\"elementor-widget-container\">\n\t\t\t\t\t<div\r\n        data-form-id='f4d0a8e4-73ce-ef11-b8e8-000d3ab41b62'\r\n        data-form-api-url='https:\/\/public-eur.mkt.dynamics.com\/api\/v1.0\/orgs\/30cac5a2-33f9-ed11-a66d-000d3a64d748\/landingpageforms'\r\n        data-cached-form-url='https:\/\/assets-eur.mkt.dynamics.com\/30cac5a2-33f9-ed11-a66d-000d3a64d748\/digitalassets\/forms\/f4d0a8e4-73ce-ef11-b8e8-000d3ab41b62' ><\/div>\r\n        <script src = 'https:\/\/cxppusa1formui01cdnsa01-endpoint.azureedge.net\/eur\/FormLoader\/FormLoader.bundle.js' ><\/script>\r\n        <script>document.documentElement.lang = navigator.language;<\/script>\t\t\t\t<\/div>\n\t\t\t\t<\/div>\n\t\t\t\t\t<\/div>\n\t\t<\/div>\n\t\t\t\t\t<\/div>\n\t\t<\/section>\n\t\t\t\t<\/div>","protected":false},"excerpt":{"rendered":"<p>Ferrolix\u00ae Amplia gama de programas de tratamiento especial para generadores de vapor y sistemas de calderas - Ferrolix\u00ae Los productos Ferrolix\u00ae est\u00e1n dise\u00f1ados para ofrecer soluciones \u00f3ptimas que garanticen la protecci\u00f3n contra la corrosi\u00f3n y la formaci\u00f3n de incrustaciones en todo el sistema de calderas y el ciclo de vapor de agua. Nuestra gama de productos Ferrolix\u00ae incluye tecnolog\u00edas innovadoras para reducir los costes operativos y aumentar la fiabilidad y vida \u00fatil del sistema. [...]<\/p>","protected":false},"author":2,"featured_media":0,"parent":13875,"menu_order":0,"comment_status":"closed","ping_status":"closed","template":"","meta":{"footnotes":""},"class_list":["post-14067","page","type-page","status-publish","hentry"],"yoast_head":"<!-- This site is optimized with the Yoast SEO plugin v25.5 - https:\/\/yoast.com\/wordpress\/plugins\/seo\/ -->\n<title>Ferrolix\u00ae - Kurita LATAM<\/title>\n<meta name=\"description\" content=\"Ferrolix\u00ae by Kurita: premium boiler water treatment to prevent corrosion, scaling, and boost system efficiency.\" \/>\n<meta name=\"robots\" content=\"index, follow, max-snippet:-1, max-image-preview:large, max-video-preview:-1\" \/>\n<link rel=\"canonical\" href=\"https:\/\/latamkurit-5281ce4bb8-cteaeha6g3c2hjhc.a03.azurefd.net\/es\/soluciones\/ferrolix\/\" \/>\n<meta property=\"og:locale\" content=\"es_ES\" \/>\n<meta property=\"og:type\" content=\"article\" \/>\n<meta property=\"og:title\" content=\"Ferrolix\u00ae - Kurita LATAM\" \/>\n<meta property=\"og:description\" content=\"Ferrolix\u00ae by Kurita: premium boiler water treatment to prevent corrosion, scaling, and boost system efficiency.\" \/>\n<meta property=\"og:url\" content=\"https:\/\/latamkurit-5281ce4bb8-cteaeha6g3c2hjhc.a03.azurefd.net\/es\/soluciones\/ferrolix\/\" \/>\n<meta property=\"og:site_name\" content=\"Kurita LATAM\" \/>\n<meta property=\"article:modified_time\" content=\"2026-01-20T14:17:56+00:00\" \/>\n<meta property=\"og:image\" content=\"https:\/\/latam.kurita-water.com\/wp-content\/uploads\/2025\/07\/kurita-favicon-512x512-1.png\" \/>\n\t<meta property=\"og:image:width\" content=\"512\" \/>\n\t<meta property=\"og:image:height\" content=\"512\" \/>\n\t<meta property=\"og:image:type\" content=\"image\/png\" \/>\n<meta name=\"twitter:card\" content=\"summary_large_image\" \/>\n<meta name=\"twitter:label1\" content=\"Tiempo de lectura\" \/>\n\t<meta name=\"twitter:data1\" content=\"4 minutos\" \/>\n<script type=\"application\/ld+json\" class=\"yoast-schema-graph\">{\"@context\":\"https:\/\/schema.org\",\"@graph\":[{\"@type\":\"WebPage\",\"@id\":\"https:\/\/latamkurit-5281ce4bb8-cteaeha6g3c2hjhc.a03.azurefd.net\/es\/soluciones\/ferrolix\/\",\"url\":\"https:\/\/latamkurit-5281ce4bb8-cteaeha6g3c2hjhc.a03.azurefd.net\/es\/soluciones\/ferrolix\/\",\"name\":\"Ferrolix\u00ae - Kurita LATAM\",\"isPartOf\":{\"@id\":\"https:\/\/latam.kurita-water.com\/es\/#website\"},\"datePublished\":\"2025-04-24T14:40:55+00:00\",\"dateModified\":\"2026-01-20T14:17:56+00:00\",\"description\":\"Ferrolix\u00ae by Kurita: premium boiler water treatment to prevent corrosion, scaling, and boost system efficiency.\",\"breadcrumb\":{\"@id\":\"https:\/\/latamkurit-5281ce4bb8-cteaeha6g3c2hjhc.a03.azurefd.net\/es\/soluciones\/ferrolix\/#breadcrumb\"},\"inLanguage\":\"es\",\"potentialAction\":[{\"@type\":\"ReadAction\",\"target\":[\"https:\/\/latamkurit-5281ce4bb8-cteaeha6g3c2hjhc.a03.azurefd.net\/es\/soluciones\/ferrolix\/\"]}]},{\"@type\":\"BreadcrumbList\",\"@id\":\"https:\/\/latamkurit-5281ce4bb8-cteaeha6g3c2hjhc.a03.azurefd.net\/es\/soluciones\/ferrolix\/#breadcrumb\",\"itemListElement\":[{\"@type\":\"ListItem\",\"position\":1,\"name\":\"Home\",\"item\":\"https:\/\/latam.kurita-water.com\/en\/\"},{\"@type\":\"ListItem\",\"position\":2,\"name\":\"Solutions\",\"item\":\"https:\/\/latamkurit-5281ce4bb8-cteaeha6g3c2hjhc.a03.azurefd.net\/es\/soluciones\/\"},{\"@type\":\"ListItem\",\"position\":3,\"name\":\"Ferrolix\u00ae\"}]},{\"@type\":\"WebSite\",\"@id\":\"https:\/\/latam.kurita-water.com\/es\/#website\",\"url\":\"https:\/\/latam.kurita-water.com\/es\/\",\"name\":\"Kurita LATAM\",\"description\":\"Water Treatment Solutions\",\"publisher\":{\"@id\":\"https:\/\/latam.kurita-water.com\/es\/#organization\"},\"potentialAction\":[{\"@type\":\"SearchAction\",\"target\":{\"@type\":\"EntryPoint\",\"urlTemplate\":\"https:\/\/latam.kurita-water.com\/es\/?s={search_term_string}\"},\"query-input\":{\"@type\":\"PropertyValueSpecification\",\"valueRequired\":true,\"valueName\":\"search_term_string\"}}],\"inLanguage\":\"es\"},{\"@type\":\"Organization\",\"@id\":\"https:\/\/latam.kurita-water.com\/es\/#organization\",\"name\":\"Kurita LATAM\",\"url\":\"https:\/\/latam.kurita-water.com\/es\/\",\"logo\":{\"@type\":\"ImageObject\",\"inLanguage\":\"es\",\"@id\":\"https:\/\/latam.kurita-water.com\/es\/#\/schema\/logo\/image\/\",\"url\":\"\/wp-content\/uploads\/2025\/05\/cropped-brand_mark_horizon_blue.png\",\"contentUrl\":\"\/wp-content\/uploads\/2025\/05\/cropped-brand_mark_horizon_blue.png\",\"width\":712,\"height\":204,\"caption\":\"Kurita LATAM\"},\"image\":{\"@id\":\"https:\/\/latam.kurita-water.com\/es\/#\/schema\/logo\/image\/\"}}]}<\/script>\n<!-- \/ Yoast SEO plugin. -->","yoast_head_json":{"title":"Ferrolix\u00ae - Kurita LATAM","description":"Ferrolix\u00ae de Kurita: tratamiento de primera calidad del agua de caldera para evitar la corrosi\u00f3n, la formaci\u00f3n de incrustaciones y aumentar la eficacia del sistema.","robots":{"index":"index","follow":"follow","max-snippet":"max-snippet:-1","max-image-preview":"max-image-preview:large","max-video-preview":"max-video-preview:-1"},"canonical":"https:\/\/latamkurit-5281ce4bb8-cteaeha6g3c2hjhc.a03.azurefd.net\/es\/soluciones\/ferrolix\/","og_locale":"es_ES","og_type":"article","og_title":"Ferrolix\u00ae - Kurita LATAM","og_description":"Ferrolix\u00ae by Kurita: premium boiler water treatment to prevent corrosion, scaling, and boost system efficiency.","og_url":"https:\/\/latamkurit-5281ce4bb8-cteaeha6g3c2hjhc.a03.azurefd.net\/es\/soluciones\/ferrolix\/","og_site_name":"Kurita LATAM","article_modified_time":"2026-01-20T14:17:56+00:00","og_image":[{"width":512,"height":512,"url":"https:\/\/latam.kurita-water.com\/wp-content\/uploads\/2025\/07\/kurita-favicon-512x512-1.png","type":"image\/png"}],"twitter_card":"summary_large_image","twitter_misc":{"Tiempo de lectura":"4 minutos"},"schema":{"@context":"https:\/\/schema.org","@graph":[{"@type":"WebPage","@id":"https:\/\/latamkurit-5281ce4bb8-cteaeha6g3c2hjhc.a03.azurefd.net\/es\/soluciones\/ferrolix\/","url":"https:\/\/latamkurit-5281ce4bb8-cteaeha6g3c2hjhc.a03.azurefd.net\/es\/soluciones\/ferrolix\/","name":"Ferrolix\u00ae - Kurita LATAM","isPartOf":{"@id":"https:\/\/latam.kurita-water.com\/es\/#website"},"datePublished":"2025-04-24T14:40:55+00:00","dateModified":"2026-01-20T14:17:56+00:00","description":"Ferrolix\u00ae de Kurita: tratamiento de primera calidad del agua de caldera para evitar la corrosi\u00f3n, la formaci\u00f3n de incrustaciones y aumentar la eficacia del sistema.","breadcrumb":{"@id":"https:\/\/latamkurit-5281ce4bb8-cteaeha6g3c2hjhc.a03.azurefd.net\/es\/soluciones\/ferrolix\/#breadcrumb"},"inLanguage":"es","potentialAction":[{"@type":"ReadAction","target":["https:\/\/latamkurit-5281ce4bb8-cteaeha6g3c2hjhc.a03.azurefd.net\/es\/soluciones\/ferrolix\/"]}]},{"@type":"BreadcrumbList","@id":"https:\/\/latamkurit-5281ce4bb8-cteaeha6g3c2hjhc.a03.azurefd.net\/es\/soluciones\/ferrolix\/#breadcrumb","itemListElement":[{"@type":"ListItem","position":1,"name":"Home","item":"https:\/\/latam.kurita-water.com\/en\/"},{"@type":"ListItem","position":2,"name":"Solutions","item":"https:\/\/latamkurit-5281ce4bb8-cteaeha6g3c2hjhc.a03.azurefd.net\/es\/soluciones\/"},{"@type":"ListItem","position":3,"name":"Ferrolix\u00ae"}]},{"@type":"WebSite","@id":"https:\/\/latam.kurita-water.com\/es\/#website","url":"https:\/\/latam.kurita-water.com\/es\/","name":"Kurita LATAM","description":"Soluciones para el tratamiento del agua","publisher":{"@id":"https:\/\/latam.kurita-water.com\/es\/#organization"},"potentialAction":[{"@type":"SearchAction","target":{"@type":"EntryPoint","urlTemplate":"https:\/\/latam.kurita-water.com\/es\/?s={search_term_string}"},"query-input":{"@type":"PropertyValueSpecification","valueRequired":true,"valueName":"search_term_string"}}],"inLanguage":"es"},{"@type":"Organization","@id":"https:\/\/latam.kurita-water.com\/es\/#organization","name":"Kurita LATAM","url":"https:\/\/latam.kurita-water.com\/es\/","logo":{"@type":"ImageObject","inLanguage":"es","@id":"https:\/\/latam.kurita-water.com\/es\/#\/schema\/logo\/image\/","url":"\/wp-content\/uploads\/2025\/05\/cropped-brand_mark_horizon_blue.png","contentUrl":"\/wp-content\/uploads\/2025\/05\/cropped-brand_mark_horizon_blue.png","width":712,"height":204,"caption":"Kurita LATAM"},"image":{"@id":"https:\/\/latam.kurita-water.com\/es\/#\/schema\/logo\/image\/"}}]}},"_links":{"self":[{"href":"https:\/\/latam.kurita-water.com\/es\/wp-json\/wp\/v2\/pages\/14067","targetHints":{"allow":["GET"]}}],"collection":[{"href":"https:\/\/latam.kurita-water.com\/es\/wp-json\/wp\/v2\/pages"}],"about":[{"href":"https:\/\/latam.kurita-water.com\/es\/wp-json\/wp\/v2\/types\/page"}],"author":[{"embeddable":true,"href":"https:\/\/latam.kurita-water.com\/es\/wp-json\/wp\/v2\/users\/2"}],"replies":[{"embeddable":true,"href":"https:\/\/latam.kurita-water.com\/es\/wp-json\/wp\/v2\/comments?post=14067"}],"version-history":[{"count":7,"href":"https:\/\/latam.kurita-water.com\/es\/wp-json\/wp\/v2\/pages\/14067\/revisions"}],"predecessor-version":[{"id":19285,"href":"https:\/\/latam.kurita-water.com\/es\/wp-json\/wp\/v2\/pages\/14067\/revisions\/19285"}],"up":[{"embeddable":true,"href":"https:\/\/latam.kurita-water.com\/es\/wp-json\/wp\/v2\/pages\/13875"}],"wp:attachment":[{"href":"https:\/\/latam.kurita-water.com\/es\/wp-json\/wp\/v2\/media?parent=14067"}],"curies":[{"name":"wp","href":"https:\/\/api.w.org\/{rel}","templated":true}]}}