{"id":14143,"date":"2025-04-25T07:15:29","date_gmt":"2025-04-25T07:15:29","guid":{"rendered":"https:\/\/kurita-eu-gudza2cjbzfhcwbx.francecentral-01.azurewebsites.net\/?page_id=14143"},"modified":"2026-01-20T14:21:08","modified_gmt":"2026-01-20T14:21:08","slug":"kuriauto","status":"publish","type":"page","link":"https:\/\/latam.kurita-water.com\/es\/soluciones\/kuriauto\/","title":{"rendered":"Kuriauto"},"content":{"rendered":"<div data-elementor-type=\"wp-page\" data-elementor-id=\"14143\" class=\"elementor elementor-14143\" data-elementor-post-type=\"page\">\n\t\t\t\t\t\t<section class=\"elementor-section elementor-top-section elementor-element elementor-element-40ec5212 elementor-section-full_width elementor-section-height-default elementor-section-height-default\" data-id=\"40ec5212\" data-element_type=\"section\">\n\t\t\t\t\t\t<div class=\"elementor-container elementor-column-gap-default\">\n\t\t\t\t\t<div class=\"elementor-column elementor-col-100 elementor-top-column elementor-element elementor-element-3dc4a8a0\" data-id=\"3dc4a8a0\" data-element_type=\"column\">\n\t\t\t<div class=\"elementor-widget-wrap elementor-element-populated\">\n\t\t\t\t\t\t<div class=\"elementor-element elementor-element-82f2869 elementor--h-position-center elementor--v-position-middle elementor-arrows-position-inside elementor-pagination-position-inside elementor-widget elementor-widget-slides\" data-id=\"82f2869\" data-element_type=\"widget\" data-settings=\"{&quot;navigation&quot;:&quot;both&quot;,&quot;autoplay&quot;:&quot;yes&quot;,&quot;pause_on_hover&quot;:&quot;yes&quot;,&quot;pause_on_interaction&quot;:&quot;yes&quot;,&quot;autoplay_speed&quot;:5000,&quot;infinite&quot;:&quot;yes&quot;,&quot;transition&quot;:&quot;slide&quot;,&quot;transition_speed&quot;:500}\" data-widget_type=\"slides.default\">\n\t\t\t\t<div class=\"elementor-widget-container\">\n\t\t\t\t\t\t\t\t\t<div class=\"elementor-swiper\">\n\t\t\t\t\t<div class=\"elementor-slides-wrapper elementor-main-swiper swiper\" role=\"region\" aria-roledescription=\"carousel\" aria-label=\"Diapositivas\" dir=\"ltr\" data-animation=\"fadeInUp\">\n\t\t\t\t<div class=\"swiper-wrapper elementor-slides\">\n\t\t\t\t\t\t\t\t\t\t<div class=\"elementor-repeater-item-4e0b9f7 swiper-slide\" role=\"group\" aria-roledescription=\"slide\"><div class=\"swiper-slide-bg elementor-ken-burns elementor-ken-burns--in\" role=\"img\"><\/div><div class=\"elementor-background-overlay\"><\/div><div class=\"swiper-slide-inner\" ><div class=\"swiper-slide-contents\"><h1 class=\"elementor-slide-heading\">Kuriauto<\/h1><\/div><\/div><\/div>\t\t\t\t<\/div>\n\t\t\t\t\t\t\t<\/div>\n\t\t\t\t<\/div>\n\t\t\t\t\t\t\t\t<\/div>\n\t\t\t\t<\/div>\n\t\t\t\t\t<\/div>\n\t\t<\/div>\n\t\t\t\t\t<\/div>\n\t\t<\/section>\n\t\t\t\t<section class=\"elementor-section elementor-top-section elementor-element elementor-element-5db5a5bb elementor-section-boxed elementor-section-height-default elementor-section-height-default\" data-id=\"5db5a5bb\" data-element_type=\"section\">\n\t\t\t\t\t\t<div class=\"elementor-container elementor-column-gap-default\">\n\t\t\t\t\t<div class=\"elementor-column elementor-col-66 elementor-top-column elementor-element elementor-element-3ba311d5 margin-content\" data-id=\"3ba311d5\" data-element_type=\"column\">\n\t\t\t<div class=\"elementor-widget-wrap elementor-element-populated\">\n\t\t\t\t\t\t<div class=\"elementor-element elementor-element-62887b83 elementor-widget elementor-widget-heading\" data-id=\"62887b83\" data-element_type=\"widget\" data-widget_type=\"heading.default\">\n\t\t\t\t<div class=\"elementor-widget-container\">\n\t\t\t\t\t<h2 class=\"elementor-heading-title elementor-size-default\">Programas de tratamiento avanzados con Kuriauto\u00ae Online Monitoring.<\/h2>\t\t\t\t<\/div>\n\t\t\t\t<\/div>\n\t\t\t\t<div class=\"elementor-element elementor-element-47cc06e3 elementor-invisible elementor-widget elementor-widget-text-editor\" data-id=\"47cc06e3\" data-element_type=\"widget\" data-settings=\"{&quot;_animation&quot;:&quot;fadeInUp&quot;}\" data-widget_type=\"text-editor.default\">\n\t\t\t\t<div class=\"elementor-widget-container\">\n\t\t\t\t\t\t\t\t\t<p>Las soluciones de seguimiento adecuadas para el tratamiento adecuado:<\/p><ul><li>Los an\u00e1lisis de principios activos garantizan que siempre se mida el producto activo.<\/li><li>Mediciones fotom\u00e9tricas, por ejemplo\u00a0<a href=\"https:\/\/www.kurita.eu\/en\/solutions\/turbodispin-basidin\/\">Turbodispin<sup>\u00ae<\/sup><\/a>mediciones basadas en pol\u00edmeros, sino tambi\u00e9n para\u00a0<a href=\"https:\/\/www.kurita.eu\/en\/solutions\/cetamine\/\">Cetamina<sup>\u00ae<\/sup><\/a>\u00a0contenido.<\/li><li>Intervalos de an\u00e1lisis ajustables de f\u00e1cil uso para una frecuencia de an\u00e1lisis y un consumo de reactivo \u00f3ptimos en funci\u00f3n del \u00edndice de tiempo de mantenimiento.<\/li><li>Automatizaci\u00f3n de antiespumantes para un funcionamiento \u00f3ptimo de la planta mediante el control de la espuma.<\/li><li>Las diferentes gamas disponibles le permiten elegir la unidad adecuada para su aplicaci\u00f3n (por ejemplo, para el control de incrustaciones y biopel\u00edculas en\u00a0<a href=\"https:\/\/www.kurita.eu\/en\/applications\/water-treatment\/cooling-process-water\/\">Agua de refrigeraci\u00f3n<\/a>,\u00a0<a href=\"https:\/\/www.kurita.eu\/en\/applications\/water-treatment\/membrane-treatment\/\">\u00d3smosis inversa\u00a0<\/a>o\u00a0<a href=\"https:\/\/www.kurita.eu\/en\/applications\/water-treatment\/boiler-water-treatment\/\">Agua de la caldera<\/a>)<\/li><\/ul><p>Adem\u00e1s, existen otros dispositivos de medici\u00f3n para par\u00e1metros clave del agua, como la alcalinidad o la dureza.<\/p><p>M\u00e1s informaci\u00f3n sobre nuestras soluciones de equipamiento:<\/p><ul><li><a href=\"https:\/\/www.kurita.eu\/en\/applications\/equipment-and-engineering\/\">Equipamiento e ingenier\u00eda<\/a><\/li><li><a href=\"https:\/\/www.kurita.eu\/en\/solutions\/hydrobio-advance\/\">HydroBio<sup>\u00ae<\/sup>:\u00a0<\/a>Programas de tratamiento eficaces y optimizados mediante la determinaci\u00f3n en l\u00ednea de los dep\u00f3sitos de biopel\u00edculas e incrustaciones con HydroBio<sup>\u00ae<\/sup>\u00a0tecnolog\u00eda.<\/li><li><a href=\"https:\/\/www.kurita.eu\/en\/solutions\/hydrobio-advance\/\">HydroBio<sup>\u00ae<\/sup>\u00a0Avance:<\/a>\u00a0M\u00e9todo en l\u00ednea para determinar y controlar la biopel\u00edcula en todos los sistemas de agua.<\/li><li><a href=\"https:\/\/www.kurita.eu\/en\/solutions\/sensing-mx\/\">S.sensing<sup>TM<\/sup> Sistema Matrix:<\/a>\u00a0Aprenda a controlar la dosificaci\u00f3n del producto y a supervisar con \u00e9xito los indicadores clave de rendimiento en aplicaciones de agua de refrigeraci\u00f3n.<\/li><li><a href=\"https:\/\/www.kurita.eu\/solutions\/ssensing\/\">S.sensing<sup>TM<\/sup> CS <\/a>: Control y dosificaci\u00f3n de aguas residuales en tiempo real.<\/li><\/ul>\t\t\t\t\t\t\t\t<\/div>\n\t\t\t\t<\/div>\n\t\t\t\t\t<\/div>\n\t\t<\/div>\n\t\t\t\t<div class=\"elementor-column elementor-col-33 elementor-top-column elementor-element elementor-element-6b189ff5 margin-content\" data-id=\"6b189ff5\" data-element_type=\"column\">\n\t\t\t<div class=\"elementor-widget-wrap elementor-element-populated\">\n\t\t\t\t\t\t<div class=\"elementor-element elementor-element-49449901 elementor-invisible elementor-widget elementor-widget-image\" data-id=\"49449901\" data-element_type=\"widget\" data-settings=\"{&quot;_animation&quot;:&quot;fadeIn&quot;}\" data-widget_type=\"image.default\">\n\t\t\t\t<div class=\"elementor-widget-container\">\n\t\t\t\t\t\t\t\t\t\t\t\t\t\t\t<img fetchpriority=\"high\" decoding=\"async\" width=\"768\" height=\"1153\" src=\"\/wp-content\/uploads\/2025\/04\/KuriAuto_without-nipple_closed5-Large-768x1153.jpg\" class=\"attachment-medium_large size-medium_large wp-image-14145\" alt=\"\" srcset=\"\/wp-content\/uploads\/2025\/04\/KuriAuto_without-nipple_closed5-Large-768x1153.jpg 768w, \/wp-content\/uploads\/2025\/04\/KuriAuto_without-nipple_closed5-Large-200x300.jpg 200w, \/wp-content\/uploads\/2025\/04\/KuriAuto_without-nipple_closed5-Large-682x1024.jpg 682w, \/wp-content\/uploads\/2025\/04\/KuriAuto_without-nipple_closed5-Large.jpg 799w\" sizes=\"(max-width: 768px) 100vw, 768px\" data-no-translation=\"\" \/>\t\t\t\t\t\t\t\t\t\t\t\t\t\t\t<\/div>\n\t\t\t\t<\/div>\n\t\t\t\t\t<\/div>\n\t\t<\/div>\n\t\t\t\t\t<\/div>\n\t\t<\/section>\n\t\t\t\t<section class=\"elementor-section elementor-top-section elementor-element elementor-element-15aff78b elementor-section-boxed elementor-section-height-default elementor-section-height-default\" data-id=\"15aff78b\" data-element_type=\"section\" data-settings=\"{&quot;background_background&quot;:&quot;classic&quot;}\">\n\t\t\t\t\t\t<div class=\"elementor-container elementor-column-gap-default\">\n\t\t\t\t\t<div class=\"elementor-column elementor-col-100 elementor-top-column elementor-element elementor-element-42d866b2 margin-content\" data-id=\"42d866b2\" data-element_type=\"column\">\n\t\t\t<div class=\"elementor-widget-wrap elementor-element-populated\">\n\t\t\t\t\t\t<div class=\"elementor-element elementor-element-4199b0fa elementor-widget elementor-widget-heading\" data-id=\"4199b0fa\" data-element_type=\"widget\" data-widget_type=\"heading.default\">\n\t\t\t\t<div class=\"elementor-widget-container\">\n\t\t\t\t\t<h2 class=\"elementor-heading-title elementor-size-default\">Estamos a su servicio<\/h2>\t\t\t\t<\/div>\n\t\t\t\t<\/div>\n\t\t\t\t<div class=\"elementor-element elementor-element-50898590 elementor-widget elementor-widget-html\" data-id=\"50898590\" data-element_type=\"widget\" data-widget_type=\"html.default\">\n\t\t\t\t<div class=\"elementor-widget-container\">\n\t\t\t\t\t<div\r\n        data-form-id='f4d0a8e4-73ce-ef11-b8e8-000d3ab41b62'\r\n        data-form-api-url='https:\/\/public-eur.mkt.dynamics.com\/api\/v1.0\/orgs\/30cac5a2-33f9-ed11-a66d-000d3a64d748\/landingpageforms'\r\n        data-cached-form-url='https:\/\/assets-eur.mkt.dynamics.com\/30cac5a2-33f9-ed11-a66d-000d3a64d748\/digitalassets\/forms\/f4d0a8e4-73ce-ef11-b8e8-000d3ab41b62' ><\/div>\r\n        <script src = 'https:\/\/cxppusa1formui01cdnsa01-endpoint.azureedge.net\/eur\/FormLoader\/FormLoader.bundle.js' ><\/script>\r\n        <script>document.documentElement.lang = navigator.language;<\/script>\t\t\t\t<\/div>\n\t\t\t\t<\/div>\n\t\t\t\t\t<\/div>\n\t\t<\/div>\n\t\t\t\t\t<\/div>\n\t\t<\/section>\n\t\t\t\t<\/div>","protected":false},"excerpt":{"rendered":"<p>Kuriauto\u00ae Programas de tratamiento avanzados con Kuriauto\u00ae Online Monitoring. Las soluciones de monitorizaci\u00f3n adecuadas para el tratamiento adecuado: El an\u00e1lisis de ingredientes activos garantiza que siempre se mide el producto activo. Mediciones fotom\u00e9tricas, por ejemplo, Turbodispin\u00ae, mediciones basadas en pol\u00edmeros, pero tambi\u00e9n para el contenido de Cetamine\u00ae. Intervalos de an\u00e1lisis ajustables y f\u00e1ciles de usar para una frecuencia de an\u00e1lisis y un consumo de reactivos \u00f3ptimos en funci\u00f3n del tiempo de mantenimiento [...].<\/p>","protected":false},"author":2,"featured_media":0,"parent":13875,"menu_order":0,"comment_status":"closed","ping_status":"closed","template":"","meta":{"footnotes":""},"class_list":["post-14143","page","type-page","status-publish","hentry"],"yoast_head":"<!-- This site is optimized with the Yoast SEO plugin v25.5 - https:\/\/yoast.com\/wordpress\/plugins\/seo\/ -->\n<title>Kuriauto\u00ae - Kurita LATAM<\/title>\n<meta name=\"description\" content=\"Kuriauto\u00ae by Kurita: automated water treatment control system for precise dosing, monitoring, and improved plant efficiency.\" \/>\n<meta name=\"robots\" content=\"index, follow, max-snippet:-1, max-image-preview:large, max-video-preview:-1\" \/>\n<link rel=\"canonical\" href=\"https:\/\/latam.kurita-water.com\/es\/soluciones\/kuriauto\/\" \/>\n<meta property=\"og:locale\" content=\"es_ES\" \/>\n<meta property=\"og:type\" content=\"article\" \/>\n<meta property=\"og:title\" content=\"Kuriauto\u00ae - Kurita LATAM\" \/>\n<meta property=\"og:description\" content=\"Kuriauto\u00ae by Kurita: automated water treatment control system for precise dosing, monitoring, and improved plant efficiency.\" \/>\n<meta property=\"og:url\" content=\"https:\/\/latam.kurita-water.com\/es\/soluciones\/kuriauto\/\" \/>\n<meta property=\"og:site_name\" content=\"Kurita LATAM\" \/>\n<meta property=\"article:modified_time\" content=\"2026-01-20T14:21:08+00:00\" \/>\n<meta property=\"og:image\" content=\"https:\/\/latam.kurita-water.com\/wp-content\/uploads\/2025\/07\/kurita-favicon-512x512-1.png\" \/>\n\t<meta property=\"og:image:width\" content=\"512\" \/>\n\t<meta property=\"og:image:height\" content=\"512\" \/>\n\t<meta property=\"og:image:type\" content=\"image\/png\" \/>\n<meta name=\"twitter:card\" content=\"summary_large_image\" \/>\n<meta name=\"twitter:label1\" content=\"Tiempo de lectura\" \/>\n\t<meta name=\"twitter:data1\" content=\"3 minutos\" \/>\n<script type=\"application\/ld+json\" class=\"yoast-schema-graph\">{\"@context\":\"https:\/\/schema.org\",\"@graph\":[{\"@type\":\"WebPage\",\"@id\":\"https:\/\/latam.kurita-water.com\/en\/solutions\/kuriauto\/\",\"url\":\"https:\/\/latam.kurita-water.com\/en\/solutions\/kuriauto\/\",\"name\":\"Kuriauto\u00ae - Kurita LATAM\",\"isPartOf\":{\"@id\":\"https:\/\/latam.kurita-water.com\/es\/#website\"},\"datePublished\":\"2025-04-25T07:15:29+00:00\",\"dateModified\":\"2026-01-20T14:21:08+00:00\",\"description\":\"Kuriauto\u00ae by Kurita: automated water treatment control system for precise dosing, monitoring, and improved plant efficiency.\",\"breadcrumb\":{\"@id\":\"https:\/\/latam.kurita-water.com\/en\/solutions\/kuriauto\/#breadcrumb\"},\"inLanguage\":\"es\",\"potentialAction\":[{\"@type\":\"ReadAction\",\"target\":[\"https:\/\/latam.kurita-water.com\/en\/solutions\/kuriauto\/\"]}]},{\"@type\":\"BreadcrumbList\",\"@id\":\"https:\/\/latam.kurita-water.com\/en\/solutions\/kuriauto\/#breadcrumb\",\"itemListElement\":[{\"@type\":\"ListItem\",\"position\":1,\"name\":\"Home\",\"item\":\"https:\/\/latam.kurita-water.com\/en\/\"},{\"@type\":\"ListItem\",\"position\":2,\"name\":\"Solutions\",\"item\":\"https:\/\/latamkurit-5281ce4bb8-cteaeha6g3c2hjhc.a03.azurefd.net\/es\/soluciones\/\"},{\"@type\":\"ListItem\",\"position\":3,\"name\":\"Kuriauto\u00ae\"}]},{\"@type\":\"WebSite\",\"@id\":\"https:\/\/latam.kurita-water.com\/es\/#website\",\"url\":\"https:\/\/latam.kurita-water.com\/es\/\",\"name\":\"Kurita LATAM\",\"description\":\"Water Treatment Solutions\",\"publisher\":{\"@id\":\"https:\/\/latam.kurita-water.com\/es\/#organization\"},\"potentialAction\":[{\"@type\":\"SearchAction\",\"target\":{\"@type\":\"EntryPoint\",\"urlTemplate\":\"https:\/\/latam.kurita-water.com\/es\/?s={search_term_string}\"},\"query-input\":{\"@type\":\"PropertyValueSpecification\",\"valueRequired\":true,\"valueName\":\"search_term_string\"}}],\"inLanguage\":\"es\"},{\"@type\":\"Organization\",\"@id\":\"https:\/\/latam.kurita-water.com\/es\/#organization\",\"name\":\"Kurita LATAM\",\"url\":\"https:\/\/latam.kurita-water.com\/es\/\",\"logo\":{\"@type\":\"ImageObject\",\"inLanguage\":\"es\",\"@id\":\"https:\/\/latam.kurita-water.com\/es\/#\/schema\/logo\/image\/\",\"url\":\"\/wp-content\/uploads\/2025\/05\/cropped-brand_mark_horizon_blue.png\",\"contentUrl\":\"\/wp-content\/uploads\/2025\/05\/cropped-brand_mark_horizon_blue.png\",\"width\":712,\"height\":204,\"caption\":\"Kurita LATAM\"},\"image\":{\"@id\":\"https:\/\/latam.kurita-water.com\/es\/#\/schema\/logo\/image\/\"}}]}<\/script>\n<!-- \/ Yoast SEO plugin. -->","yoast_head_json":{"title":"Kuriauto\u00ae - Kurita LATAM","description":"Kuriauto\u00ae de Kurita: sistema automatizado de control del tratamiento del agua para una dosificaci\u00f3n y supervisi\u00f3n precisas y una mayor eficacia de la planta.","robots":{"index":"index","follow":"follow","max-snippet":"max-snippet:-1","max-image-preview":"max-image-preview:large","max-video-preview":"max-video-preview:-1"},"canonical":"https:\/\/latam.kurita-water.com\/es\/soluciones\/kuriauto\/","og_locale":"es_ES","og_type":"article","og_title":"Kuriauto\u00ae - Kurita LATAM","og_description":"Kuriauto\u00ae by Kurita: automated water treatment control system for precise dosing, monitoring, and improved plant efficiency.","og_url":"https:\/\/latam.kurita-water.com\/es\/soluciones\/kuriauto\/","og_site_name":"Kurita LATAM","article_modified_time":"2026-01-20T14:21:08+00:00","og_image":[{"width":512,"height":512,"url":"https:\/\/latam.kurita-water.com\/wp-content\/uploads\/2025\/07\/kurita-favicon-512x512-1.png","type":"image\/png"}],"twitter_card":"summary_large_image","twitter_misc":{"Tiempo de lectura":"3 minutos"},"schema":{"@context":"https:\/\/schema.org","@graph":[{"@type":"WebPage","@id":"https:\/\/latam.kurita-water.com\/en\/solutions\/kuriauto\/","url":"https:\/\/latam.kurita-water.com\/en\/solutions\/kuriauto\/","name":"Kuriauto\u00ae - Kurita LATAM","isPartOf":{"@id":"https:\/\/latam.kurita-water.com\/es\/#website"},"datePublished":"2025-04-25T07:15:29+00:00","dateModified":"2026-01-20T14:21:08+00:00","description":"Kuriauto\u00ae de Kurita: sistema automatizado de control del tratamiento del agua para una dosificaci\u00f3n y supervisi\u00f3n precisas y una mayor eficacia de la planta.","breadcrumb":{"@id":"https:\/\/latam.kurita-water.com\/en\/solutions\/kuriauto\/#breadcrumb"},"inLanguage":"es","potentialAction":[{"@type":"ReadAction","target":["https:\/\/latam.kurita-water.com\/en\/solutions\/kuriauto\/"]}]},{"@type":"BreadcrumbList","@id":"https:\/\/latam.kurita-water.com\/en\/solutions\/kuriauto\/#breadcrumb","itemListElement":[{"@type":"ListItem","position":1,"name":"Home","item":"https:\/\/latam.kurita-water.com\/en\/"},{"@type":"ListItem","position":2,"name":"Solutions","item":"https:\/\/latamkurit-5281ce4bb8-cteaeha6g3c2hjhc.a03.azurefd.net\/es\/soluciones\/"},{"@type":"ListItem","position":3,"name":"Kuriauto\u00ae"}]},{"@type":"WebSite","@id":"https:\/\/latam.kurita-water.com\/es\/#website","url":"https:\/\/latam.kurita-water.com\/es\/","name":"Kurita LATAM","description":"Soluciones para el tratamiento del agua","publisher":{"@id":"https:\/\/latam.kurita-water.com\/es\/#organization"},"potentialAction":[{"@type":"SearchAction","target":{"@type":"EntryPoint","urlTemplate":"https:\/\/latam.kurita-water.com\/es\/?s={search_term_string}"},"query-input":{"@type":"PropertyValueSpecification","valueRequired":true,"valueName":"search_term_string"}}],"inLanguage":"es"},{"@type":"Organization","@id":"https:\/\/latam.kurita-water.com\/es\/#organization","name":"Kurita LATAM","url":"https:\/\/latam.kurita-water.com\/es\/","logo":{"@type":"ImageObject","inLanguage":"es","@id":"https:\/\/latam.kurita-water.com\/es\/#\/schema\/logo\/image\/","url":"\/wp-content\/uploads\/2025\/05\/cropped-brand_mark_horizon_blue.png","contentUrl":"\/wp-content\/uploads\/2025\/05\/cropped-brand_mark_horizon_blue.png","width":712,"height":204,"caption":"Kurita LATAM"},"image":{"@id":"https:\/\/latam.kurita-water.com\/es\/#\/schema\/logo\/image\/"}}]}},"_links":{"self":[{"href":"https:\/\/latam.kurita-water.com\/es\/wp-json\/wp\/v2\/pages\/14143","targetHints":{"allow":["GET"]}}],"collection":[{"href":"https:\/\/latam.kurita-water.com\/es\/wp-json\/wp\/v2\/pages"}],"about":[{"href":"https:\/\/latam.kurita-water.com\/es\/wp-json\/wp\/v2\/types\/page"}],"author":[{"embeddable":true,"href":"https:\/\/latam.kurita-water.com\/es\/wp-json\/wp\/v2\/users\/2"}],"replies":[{"embeddable":true,"href":"https:\/\/latam.kurita-water.com\/es\/wp-json\/wp\/v2\/comments?post=14143"}],"version-history":[{"count":16,"href":"https:\/\/latam.kurita-water.com\/es\/wp-json\/wp\/v2\/pages\/14143\/revisions"}],"predecessor-version":[{"id":19300,"href":"https:\/\/latam.kurita-water.com\/es\/wp-json\/wp\/v2\/pages\/14143\/revisions\/19300"}],"up":[{"embeddable":true,"href":"https:\/\/latam.kurita-water.com\/es\/wp-json\/wp\/v2\/pages\/13875"}],"wp:attachment":[{"href":"https:\/\/latam.kurita-water.com\/es\/wp-json\/wp\/v2\/media?parent=14143"}],"curies":[{"name":"wp","href":"https:\/\/api.w.org\/{rel}","templated":true}]}}