{"id":14160,"date":"2025-04-25T07:22:30","date_gmt":"2025-04-25T07:22:30","guid":{"rendered":"https:\/\/kurita-eu-gudza2cjbzfhcwbx.francecentral-01.azurewebsites.net\/?page_id=14160"},"modified":"2026-01-20T14:22:29","modified_gmt":"2026-01-20T14:22:29","slug":"kuriflock","status":"publish","type":"page","link":"https:\/\/latam.kurita-water.com\/es\/soluciones\/kuriflock\/","title":{"rendered":"Kuriflock"},"content":{"rendered":"<div data-elementor-type=\"wp-page\" data-elementor-id=\"14160\" class=\"elementor elementor-14160\" data-elementor-post-type=\"page\">\n\t\t\t\t\t\t<section class=\"elementor-section elementor-top-section elementor-element elementor-element-42ed35ab elementor-section-full_width elementor-section-height-default elementor-section-height-default\" data-id=\"42ed35ab\" data-element_type=\"section\">\n\t\t\t\t\t\t<div class=\"elementor-container elementor-column-gap-default\">\n\t\t\t\t\t<div class=\"elementor-column elementor-col-100 elementor-top-column elementor-element elementor-element-12b6231a\" data-id=\"12b6231a\" data-element_type=\"column\">\n\t\t\t<div class=\"elementor-widget-wrap elementor-element-populated\">\n\t\t\t\t\t\t<div class=\"elementor-element elementor-element-1e9d5224 elementor--h-position-center elementor--v-position-middle elementor-arrows-position-inside elementor-pagination-position-inside elementor-widget elementor-widget-slides\" data-id=\"1e9d5224\" data-element_type=\"widget\" data-settings=\"{&quot;navigation&quot;:&quot;both&quot;,&quot;autoplay&quot;:&quot;yes&quot;,&quot;pause_on_hover&quot;:&quot;yes&quot;,&quot;pause_on_interaction&quot;:&quot;yes&quot;,&quot;autoplay_speed&quot;:5000,&quot;infinite&quot;:&quot;yes&quot;,&quot;transition&quot;:&quot;slide&quot;,&quot;transition_speed&quot;:500}\" data-widget_type=\"slides.default\">\n\t\t\t\t<div class=\"elementor-widget-container\">\n\t\t\t\t\t\t\t\t\t<div class=\"elementor-swiper\">\n\t\t\t\t\t<div class=\"elementor-slides-wrapper elementor-main-swiper swiper\" role=\"region\" aria-roledescription=\"carousel\" aria-label=\"Diapositivas\" dir=\"ltr\" data-animation=\"fadeInUp\">\n\t\t\t\t<div class=\"swiper-wrapper elementor-slides\">\n\t\t\t\t\t\t\t\t\t\t<div class=\"elementor-repeater-item-4e0b9f7 swiper-slide\" role=\"group\" aria-roledescription=\"slide\"><div class=\"swiper-slide-bg elementor-ken-burns elementor-ken-burns--in\" role=\"img\"><\/div><div class=\"elementor-background-overlay\"><\/div><div class=\"swiper-slide-inner\" ><div class=\"swiper-slide-contents\"><h1 class=\"elementor-slide-heading\">Kuriflock<\/h1><\/div><\/div><\/div>\t\t\t\t<\/div>\n\t\t\t\t\t\t\t<\/div>\n\t\t\t\t<\/div>\n\t\t\t\t\t\t\t\t<\/div>\n\t\t\t\t<\/div>\n\t\t\t\t\t<\/div>\n\t\t<\/div>\n\t\t\t\t\t<\/div>\n\t\t<\/section>\n\t\t\t\t<section class=\"elementor-section elementor-top-section elementor-element elementor-element-4cf67644 elementor-section-boxed elementor-section-height-default elementor-section-height-default\" data-id=\"4cf67644\" data-element_type=\"section\">\n\t\t\t\t\t\t<div class=\"elementor-container elementor-column-gap-default\">\n\t\t\t\t\t<div class=\"elementor-column elementor-col-100 elementor-top-column elementor-element elementor-element-53a91c24 margin-content\" data-id=\"53a91c24\" data-element_type=\"column\">\n\t\t\t<div class=\"elementor-widget-wrap elementor-element-populated\">\n\t\t\t\t\t\t<div class=\"elementor-element elementor-element-441c5e5a elementor-widget elementor-widget-heading\" data-id=\"441c5e5a\" data-element_type=\"widget\" data-widget_type=\"heading.default\">\n\t\t\t\t<div class=\"elementor-widget-container\">\n\t\t\t\t\t<h2 class=\"elementor-heading-title elementor-size-default\">Cartera avanzada para procesos de tratamiento de aguas residuales - Kuriflock<\/h2>\t\t\t\t<\/div>\n\t\t\t\t<\/div>\n\t\t\t\t<div class=\"elementor-element elementor-element-af4bd71 elementor-invisible elementor-widget elementor-widget-text-editor\" data-id=\"af4bd71\" data-element_type=\"widget\" data-settings=\"{&quot;_animation&quot;:&quot;fadeInUp&quot;}\" data-widget_type=\"text-editor.default\">\n\t\t\t\t<div class=\"elementor-widget-container\">\n\t\t\t\t\t\t\t\t\t<p>Cada cliente tiene necesidades diferentes. Con la amplia gama de productos de coagulaci\u00f3n y floculaci\u00f3n de Kurita, satisfacemos las necesidades de diversas aplicaciones en diferentes procesos de fabricaci\u00f3n en el campo de la construcci\u00f3n, la industria, el agua y el papel. Mediante la clarificaci\u00f3n del agua de reposici\u00f3n y\/o la depuraci\u00f3n de las aguas residuales, colaboramos con nuestros clientes para obtener los mejores resultados.<\/p>\t\t\t\t\t\t\t\t<\/div>\n\t\t\t\t<\/div>\n\t\t\t\t\t<\/div>\n\t\t<\/div>\n\t\t\t\t\t<\/div>\n\t\t<\/section>\n\t\t\t\t<section class=\"elementor-section elementor-top-section elementor-element elementor-element-c9bcb8c elementor-section-boxed elementor-section-height-default elementor-section-height-default\" data-id=\"c9bcb8c\" data-element_type=\"section\" data-settings=\"{&quot;background_background&quot;:&quot;classic&quot;}\">\n\t\t\t\t\t\t<div class=\"elementor-container elementor-column-gap-default\">\n\t\t\t\t\t<div class=\"elementor-column elementor-col-100 elementor-top-column elementor-element elementor-element-468ee879 margin-content\" data-id=\"468ee879\" data-element_type=\"column\">\n\t\t\t<div class=\"elementor-widget-wrap elementor-element-populated\">\n\t\t\t\t\t\t<div class=\"elementor-element elementor-element-25b1665a elementor-widget elementor-widget-heading\" data-id=\"25b1665a\" data-element_type=\"widget\" data-widget_type=\"heading.default\">\n\t\t\t\t<div class=\"elementor-widget-container\">\n\t\t\t\t\t<h4 class=\"elementor-heading-title elementor-size-default\">Coagulantes inorg\u00e1nicos\n<\/h4>\t\t\t\t<\/div>\n\t\t\t\t<\/div>\n\t\t\t\t<div class=\"elementor-element elementor-element-1b592b32 elementor-invisible elementor-widget elementor-widget-text-editor\" data-id=\"1b592b32\" data-element_type=\"widget\" data-settings=\"{&quot;_animation&quot;:&quot;fadeIn&quot;}\" data-widget_type=\"text-editor.default\">\n\t\t\t\t<div class=\"elementor-widget-container\">\n\t\t\t\t\t\t\t\t\t<ul><li>Amplia gama de productos a base de aluminio en diferentes concentraciones y basicidades.<\/li><li>Sales de aluminio de producci\u00f3n propia.<\/li><\/ul>\t\t\t\t\t\t\t\t<\/div>\n\t\t\t\t<\/div>\n\t\t\t\t<div class=\"elementor-element elementor-element-df4622b elementor-widget elementor-widget-heading\" data-id=\"df4622b\" data-element_type=\"widget\" data-widget_type=\"heading.default\">\n\t\t\t\t<div class=\"elementor-widget-container\">\n\t\t\t\t\t<h4 class=\"elementor-heading-title elementor-size-default\">Coagulantes naturales, org\u00e1nicos y mixtos:\n\n<\/h4>\t\t\t\t<\/div>\n\t\t\t\t<\/div>\n\t\t\t\t<div class=\"elementor-element elementor-element-3896a277 elementor-invisible elementor-widget elementor-widget-text-editor\" data-id=\"3896a277\" data-element_type=\"widget\" data-settings=\"{&quot;_animation&quot;:&quot;fadeIn&quot;}\" data-widget_type=\"text-editor.default\">\n\t\t\t\t<div class=\"elementor-widget-container\">\n\t\t\t\t\t\t\t\t\t<ul><li>Formulaciones sin\u00e9rgicas para mejorar la clarificaci\u00f3n, reducir el consumo de productos qu\u00edmicos y la generaci\u00f3n de lodos.<\/li><li>Mejora la clarificaci\u00f3n en presencia de aceites, agentes complejantes y tensioactivos.<\/li><li>Soluciones personalizadas para aguas residuales de la industria alimentaria, la automoci\u00f3n, las acer\u00edas y la industria en general.<\/li><\/ul>\t\t\t\t\t\t\t\t<\/div>\n\t\t\t\t<\/div>\n\t\t\t\t<div class=\"elementor-element elementor-element-187c2a59 elementor-widget elementor-widget-heading\" data-id=\"187c2a59\" data-element_type=\"widget\" data-widget_type=\"heading.default\">\n\t\t\t\t<div class=\"elementor-widget-container\">\n\t\t\t\t\t<h4 class=\"elementor-heading-title elementor-size-default\">Rompedores de emulsi\u00f3n org\u00e1nicos:\n\n<\/h4>\t\t\t\t<\/div>\n\t\t\t\t<\/div>\n\t\t\t\t<div class=\"elementor-element elementor-element-6af8b27a elementor-invisible elementor-widget elementor-widget-text-editor\" data-id=\"6af8b27a\" data-element_type=\"widget\" data-settings=\"{&quot;_animation&quot;:&quot;fadeIn&quot;}\" data-widget_type=\"text-editor.default\">\n\t\t\t\t<div class=\"elementor-widget-container\">\n\t\t\t\t\t\t\t\t\t<ul><li>Separadores de emulsiones naturales y org\u00e1nicos, eficaces en una amplia gama de pH, sin control de pH ni calentamiento para una mejor valorizaci\u00f3n del aceite agotado y de las emulsiones.<\/li><li>Innovadores rompedores de emulsiones para una separaci\u00f3n n\u00edtida del agua y el aceite.<\/li><li>Reducci\u00f3n de la producci\u00f3n de lodos y de los costes globales de depuraci\u00f3n.<\/li><\/ul>\t\t\t\t\t\t\t\t<\/div>\n\t\t\t\t<\/div>\n\t\t\t\t<div class=\"elementor-element elementor-element-72703bf0 elementor-widget elementor-widget-heading\" data-id=\"72703bf0\" data-element_type=\"widget\" data-widget_type=\"heading.default\">\n\t\t\t\t<div class=\"elementor-widget-container\">\n\t\t\t\t\t<h4 class=\"elementor-heading-title elementor-size-default\">Agentes adsorbentes especiales:\n\n<\/h4>\t\t\t\t<\/div>\n\t\t\t\t<\/div>\n\t\t\t\t<div class=\"elementor-element elementor-element-3a5911b3 elementor-invisible elementor-widget elementor-widget-text-editor\" data-id=\"3a5911b3\" data-element_type=\"widget\" data-settings=\"{&quot;_animation&quot;:&quot;fadeIn&quot;}\" data-widget_type=\"text-editor.default\">\n\t\t\t\t<div class=\"elementor-widget-container\">\n\t\t\t\t\t\t\t\t\t<ul><li>Para la reducci\u00f3n de DQO soluble, DBO, hidrocarburos y la eliminaci\u00f3n de colorantes y metales pesados.<\/li><\/ul>\t\t\t\t\t\t\t\t<\/div>\n\t\t\t\t<\/div>\n\t\t\t\t<div class=\"elementor-element elementor-element-7adbe5ce elementor-widget elementor-widget-heading\" data-id=\"7adbe5ce\" data-element_type=\"widget\" data-widget_type=\"heading.default\">\n\t\t\t\t<div class=\"elementor-widget-container\">\n\t\t\t\t\t<h4 class=\"elementor-heading-title elementor-size-default\">Amplia gama de floculantes:\n<\/h4>\t\t\t\t<\/div>\n\t\t\t\t<\/div>\n\t\t\t\t<div class=\"elementor-element elementor-element-2363bef6 elementor-invisible elementor-widget elementor-widget-text-editor\" data-id=\"2363bef6\" data-element_type=\"widget\" data-settings=\"{&quot;_animation&quot;:&quot;fadeIn&quot;}\" data-widget_type=\"text-editor.default\">\n\t\t\t\t<div class=\"elementor-widget-container\">\n\t\t\t\t\t\t\t\t\t<ul><li>Pol\u00edmeros cl\u00e1sicos en polvo y en emulsi\u00f3n, gama de floculantes innovadores de base acuosa respetuosos con el medio ambiente.<\/li><li>Nueva generaci\u00f3n de productos sin poliacrilamida.<\/li><\/ul>\t\t\t\t\t\t\t\t<\/div>\n\t\t\t\t<\/div>\n\t\t\t\t<div class=\"elementor-element elementor-element-2972cb97 elementor-widget elementor-widget-heading\" data-id=\"2972cb97\" data-element_type=\"widget\" data-widget_type=\"heading.default\">\n\t\t\t\t<div class=\"elementor-widget-container\">\n\t\t\t\t\t<h4 class=\"elementor-heading-title elementor-size-default\">Deshidratantes de lodos:\n<\/h4>\t\t\t\t<\/div>\n\t\t\t\t<\/div>\n\t\t\t\t<div class=\"elementor-element elementor-element-7f9cc141 elementor-invisible elementor-widget elementor-widget-text-editor\" data-id=\"7f9cc141\" data-element_type=\"widget\" data-settings=\"{&quot;_animation&quot;:&quot;fadeIn&quot;}\" data-widget_type=\"text-editor.default\">\n\t\t\t\t<div class=\"elementor-widget-container\">\n\t\t\t\t\t\t\t\t\t<ul><li>Productos en polvo, emulsi\u00f3n y base acuosa compatibles con los principales sistemas de deshidrataci\u00f3n de lodos, para la mejora de la sequedad y la reducci\u00f3n del volumen de los lodos.<\/li><\/ul>\t\t\t\t\t\t\t\t<\/div>\n\t\t\t\t<\/div>\n\t\t\t\t<div class=\"elementor-element elementor-element-749406e0 elementor-widget elementor-widget-heading\" data-id=\"749406e0\" data-element_type=\"widget\" data-widget_type=\"heading.default\">\n\t\t\t\t<div class=\"elementor-widget-container\">\n\t\t\t\t\t<h4 class=\"elementor-heading-title elementor-size-default\">Especialidades para la eliminaci\u00f3n de metales pesados y aniones:<\/h4>\t\t\t\t<\/div>\n\t\t\t\t<\/div>\n\t\t\t\t<div class=\"elementor-element elementor-element-2c78973e elementor-invisible elementor-widget elementor-widget-text-editor\" data-id=\"2c78973e\" data-element_type=\"widget\" data-settings=\"{&quot;_animation&quot;:&quot;fadeIn&quot;}\" data-widget_type=\"text-editor.default\">\n\t\t\t\t<div class=\"elementor-widget-container\">\n\t\t\t\t\t\t\t\t\t<ul><li>Eliminadores de metales pesados y aniones aplicables a una amplia gama de pH para eliminar, por ejemplo, Zn, Cr, Pb, Hg, Ni, fluoruros, sulfatos y fosfatos.<\/li><\/ul>\t\t\t\t\t\t\t\t<\/div>\n\t\t\t\t<\/div>\n\t\t\t\t\t<\/div>\n\t\t<\/div>\n\t\t\t\t\t<\/div>\n\t\t<\/section>\n\t\t\t\t<section class=\"elementor-section elementor-top-section elementor-element elementor-element-3951ea40 elementor-section-boxed elementor-section-height-default elementor-section-height-default\" data-id=\"3951ea40\" data-element_type=\"section\" data-settings=\"{&quot;background_background&quot;:&quot;classic&quot;}\">\n\t\t\t\t\t\t<div class=\"elementor-container elementor-column-gap-default\">\n\t\t\t\t\t<div class=\"elementor-column elementor-col-100 elementor-top-column elementor-element elementor-element-509e4e49 margin-content\" data-id=\"509e4e49\" data-element_type=\"column\">\n\t\t\t<div class=\"elementor-widget-wrap elementor-element-populated\">\n\t\t\t\t\t\t<div class=\"elementor-element elementor-element-296eaea6 elementor-widget elementor-widget-heading\" data-id=\"296eaea6\" data-element_type=\"widget\" data-widget_type=\"heading.default\">\n\t\t\t\t<div class=\"elementor-widget-container\">\n\t\t\t\t\t<h4 class=\"elementor-heading-title elementor-size-default\">Casos pr\u00e1cticos<\/h4>\t\t\t\t<\/div>\n\t\t\t\t<\/div>\n\t\t\t\t<section class=\"elementor-section elementor-inner-section elementor-element elementor-element-7379defe elementor-section-boxed elementor-section-height-default elementor-section-height-default\" data-id=\"7379defe\" data-element_type=\"section\" data-settings=\"{&quot;background_background&quot;:&quot;classic&quot;}\">\n\t\t\t\t\t\t\t<div class=\"elementor-background-overlay\"><\/div>\n\t\t\t\t\t\t\t<div class=\"elementor-container elementor-column-gap-default\">\n\t\t\t\t\t<div class=\"elementor-column elementor-col-100 elementor-inner-column elementor-element elementor-element-42c81b20\" data-id=\"42c81b20\" data-element_type=\"column\">\n\t\t\t<div class=\"elementor-widget-wrap elementor-element-populated\">\n\t\t\t\t\t\t<div class=\"elementor-element elementor-element-718518e elementor-cta--skin-classic elementor-animated-content elementor-bg-transform elementor-bg-transform-zoom-in elementor-widget elementor-widget-call-to-action\" data-id=\"718518e\" data-element_type=\"widget\" data-widget_type=\"call-to-action.default\">\n\t\t\t\t<div class=\"elementor-widget-container\">\n\t\t\t\t\t\t\t<div class=\"elementor-cta\">\n\t\t\t\t\t<div class=\"elementor-cta__bg-wrapper\">\n\t\t\t\t<div class=\"elementor-cta__bg elementor-bg\" style=\"background-image: url(\/wp-content\/uploads\/2025\/04\/panoramic-wastewater-treatment-process-plant-filtration-scaled-1.webp);\" role=\"img\" aria-label=\"panoramica-planta-de-tratamiento-de-aguas-residuales-filtracion-a-escala.webp\"><\/div>\n\t\t\t\t<div class=\"elementor-cta__bg-overlay\"><\/div>\n\t\t\t<\/div>\n\t\t\t\t\t\t\t<div class=\"elementor-cta__content\">\n\t\t\t\t\n\t\t\t\t\t\t\t\t\t<h2 class=\"elementor-cta__title elementor-cta__content-item elementor-content-item\">\n\t\t\t\t\t\tKuriflock 6003 - La soluci\u00f3n definitiva para la eliminaci\u00f3n del cianuro\t\t\t\t\t<\/h2>\n\t\t\t\t\n\t\t\t\t\t\t\t\t\t<div class=\"elementor-cta__description elementor-cta__content-item elementor-content-item\">\n\t\t\t\t\t\tUna planta petroqu\u00edmica ha conseguido reducir considerablemente sus vertidos de cianuro.\t\t\t\t\t<\/div>\n\t\t\t\t\n\t\t\t\t\t\t\t\t\t<div class=\"elementor-cta__button-wrapper elementor-cta__content-item elementor-content-item\">\n\t\t\t\t\t<a class=\"elementor-cta__button elementor-button elementor-size- no-translate\" href=\"https:\/\/www.kurita.eu\/download-assets-form\/?asset_interested=UID-571-2025025148\" target=\"_blank\">\n\t\t\t\t\t\tDescargar ahora\t\t\t\t\t<\/a>\n\t\t\t\t\t<\/div>\n\t\t\t\t\t\t\t<\/div>\n\t\t\t\t\t\t<\/div>\n\t\t\t\t\t\t<\/div>\n\t\t\t\t<\/div>\n\t\t\t\t\t<\/div>\n\t\t<\/div>\n\t\t\t\t\t<\/div>\n\t\t<\/section>\n\t\t\t\t\t<\/div>\n\t\t<\/div>\n\t\t\t\t\t<\/div>\n\t\t<\/section>\n\t\t\t\t<section class=\"elementor-section elementor-top-section elementor-element elementor-element-47f4c4b7 elementor-section-boxed elementor-section-height-default elementor-section-height-default\" data-id=\"47f4c4b7\" data-element_type=\"section\" data-settings=\"{&quot;background_background&quot;:&quot;classic&quot;}\">\n\t\t\t\t\t\t<div class=\"elementor-container elementor-column-gap-default\">\n\t\t\t\t\t<div class=\"elementor-column elementor-col-100 elementor-top-column elementor-element elementor-element-2b1b4d5a margin-content\" data-id=\"2b1b4d5a\" data-element_type=\"column\">\n\t\t\t<div class=\"elementor-widget-wrap elementor-element-populated\">\n\t\t\t\t\t\t<div class=\"elementor-element elementor-element-15d8a117 elementor-widget elementor-widget-heading\" data-id=\"15d8a117\" data-element_type=\"widget\" data-widget_type=\"heading.default\">\n\t\t\t\t<div class=\"elementor-widget-container\">\n\t\t\t\t\t<h2 class=\"elementor-heading-title elementor-size-default\">Estamos a su servicio<\/h2>\t\t\t\t<\/div>\n\t\t\t\t<\/div>\n\t\t\t\t<div class=\"elementor-element elementor-element-20887083 elementor-widget elementor-widget-html\" data-id=\"20887083\" data-element_type=\"widget\" data-widget_type=\"html.default\">\n\t\t\t\t<div class=\"elementor-widget-container\">\n\t\t\t\t\t<div\r\n        data-form-id='f4d0a8e4-73ce-ef11-b8e8-000d3ab41b62'\r\n        data-form-api-url='https:\/\/public-eur.mkt.dynamics.com\/api\/v1.0\/orgs\/30cac5a2-33f9-ed11-a66d-000d3a64d748\/landingpageforms'\r\n        data-cached-form-url='https:\/\/assets-eur.mkt.dynamics.com\/30cac5a2-33f9-ed11-a66d-000d3a64d748\/digitalassets\/forms\/f4d0a8e4-73ce-ef11-b8e8-000d3ab41b62' ><\/div>\r\n        <script src = 'https:\/\/cxppusa1formui01cdnsa01-endpoint.azureedge.net\/eur\/FormLoader\/FormLoader.bundle.js' ><\/script>\r\n        <script>document.documentElement.lang = navigator.language;<\/script>\t\t\t\t<\/div>\n\t\t\t\t<\/div>\n\t\t\t\t\t<\/div>\n\t\t<\/div>\n\t\t\t\t\t<\/div>\n\t\t<\/section>\n\t\t\t\t<\/div>","protected":false},"excerpt":{"rendered":"<p>Amplia gama de productos de coagulaci\u00f3n y floculaci\u00f3n de Kurita para procesos de tratamiento de aguas residuales.<\/p>","protected":false},"author":2,"featured_media":0,"parent":13875,"menu_order":0,"comment_status":"closed","ping_status":"closed","template":"","meta":{"footnotes":""},"class_list":["post-14160","page","type-page","status-publish","hentry"],"yoast_head":"<!-- This site is optimized with the Yoast SEO plugin v25.5 - https:\/\/yoast.com\/wordpress\/plugins\/seo\/ -->\n<title>Kuriflock - Kurita LATAM<\/title>\n<meta name=\"robots\" content=\"index, follow, max-snippet:-1, max-image-preview:large, max-video-preview:-1\" \/>\n<link rel=\"canonical\" href=\"https:\/\/latam.kurita-water.com\/es\/soluciones\/kuriflock\/\" \/>\n<meta property=\"og:locale\" content=\"es_ES\" \/>\n<meta property=\"og:type\" content=\"article\" \/>\n<meta property=\"og:title\" content=\"Kuriflock - Kurita LATAM\" \/>\n<meta property=\"og:description\" content=\"Kurita&#039;s broad range of coagulation and flocculation products for waste water treatment processes.\" \/>\n<meta property=\"og:url\" content=\"https:\/\/latam.kurita-water.com\/es\/soluciones\/kuriflock\/\" \/>\n<meta property=\"og:site_name\" content=\"Kurita LATAM\" \/>\n<meta property=\"article:modified_time\" content=\"2026-01-20T14:22:29+00:00\" \/>\n<meta property=\"og:image\" content=\"https:\/\/latam.kurita-water.com\/wp-content\/uploads\/2025\/07\/kurita-favicon-512x512-1.png\" \/>\n\t<meta property=\"og:image:width\" content=\"512\" \/>\n\t<meta property=\"og:image:height\" content=\"512\" \/>\n\t<meta property=\"og:image:type\" content=\"image\/png\" \/>\n<meta name=\"twitter:card\" content=\"summary_large_image\" \/>\n<meta name=\"twitter:label1\" content=\"Tiempo de lectura\" \/>\n\t<meta name=\"twitter:data1\" content=\"4 minutos\" \/>\n<script type=\"application\/ld+json\" class=\"yoast-schema-graph\">{\"@context\":\"https:\/\/schema.org\",\"@graph\":[{\"@type\":\"WebPage\",\"@id\":\"https:\/\/latam.kurita-water.com\/es\/soluciones\/kuriflock\/\",\"url\":\"https:\/\/latam.kurita-water.com\/es\/soluciones\/kuriflock\/\",\"name\":\"Kuriflock - Kurita LATAM\",\"isPartOf\":{\"@id\":\"https:\/\/latam.kurita-water.com\/es\/#website\"},\"datePublished\":\"2025-04-25T07:22:30+00:00\",\"dateModified\":\"2026-01-20T14:22:29+00:00\",\"breadcrumb\":{\"@id\":\"https:\/\/latam.kurita-water.com\/es\/soluciones\/kuriflock\/#breadcrumb\"},\"inLanguage\":\"es\",\"potentialAction\":[{\"@type\":\"ReadAction\",\"target\":[\"https:\/\/latam.kurita-water.com\/es\/soluciones\/kuriflock\/\"]}]},{\"@type\":\"BreadcrumbList\",\"@id\":\"https:\/\/latam.kurita-water.com\/es\/soluciones\/kuriflock\/#breadcrumb\",\"itemListElement\":[{\"@type\":\"ListItem\",\"position\":1,\"name\":\"Home\",\"item\":\"https:\/\/latam.kurita-water.com\/en\/\"},{\"@type\":\"ListItem\",\"position\":2,\"name\":\"Solutions\",\"item\":\"https:\/\/latamkurit-5281ce4bb8-cteaeha6g3c2hjhc.a03.azurefd.net\/es\/soluciones\/\"},{\"@type\":\"ListItem\",\"position\":3,\"name\":\"Kuriflock\"}]},{\"@type\":\"WebSite\",\"@id\":\"https:\/\/latam.kurita-water.com\/es\/#website\",\"url\":\"https:\/\/latam.kurita-water.com\/es\/\",\"name\":\"Kurita LATAM\",\"description\":\"Water Treatment Solutions\",\"publisher\":{\"@id\":\"https:\/\/latam.kurita-water.com\/es\/#organization\"},\"potentialAction\":[{\"@type\":\"SearchAction\",\"target\":{\"@type\":\"EntryPoint\",\"urlTemplate\":\"https:\/\/latam.kurita-water.com\/es\/?s={search_term_string}\"},\"query-input\":{\"@type\":\"PropertyValueSpecification\",\"valueRequired\":true,\"valueName\":\"search_term_string\"}}],\"inLanguage\":\"es\"},{\"@type\":\"Organization\",\"@id\":\"https:\/\/latam.kurita-water.com\/es\/#organization\",\"name\":\"Kurita LATAM\",\"url\":\"https:\/\/latam.kurita-water.com\/es\/\",\"logo\":{\"@type\":\"ImageObject\",\"inLanguage\":\"es\",\"@id\":\"https:\/\/latam.kurita-water.com\/es\/#\/schema\/logo\/image\/\",\"url\":\"\/wp-content\/uploads\/2025\/05\/cropped-brand_mark_horizon_blue.png\",\"contentUrl\":\"\/wp-content\/uploads\/2025\/05\/cropped-brand_mark_horizon_blue.png\",\"width\":712,\"height\":204,\"caption\":\"Kurita LATAM\"},\"image\":{\"@id\":\"https:\/\/latam.kurita-water.com\/es\/#\/schema\/logo\/image\/\"}}]}<\/script>\n<!-- \/ Yoast SEO plugin. -->","yoast_head_json":{"title":"Kuriflock - Kurita LATAM","robots":{"index":"index","follow":"follow","max-snippet":"max-snippet:-1","max-image-preview":"max-image-preview:large","max-video-preview":"max-video-preview:-1"},"canonical":"https:\/\/latam.kurita-water.com\/es\/soluciones\/kuriflock\/","og_locale":"es_ES","og_type":"article","og_title":"Kuriflock - Kurita LATAM","og_description":"Kurita's broad range of coagulation and flocculation products for waste water treatment processes.","og_url":"https:\/\/latam.kurita-water.com\/es\/soluciones\/kuriflock\/","og_site_name":"Kurita LATAM","article_modified_time":"2026-01-20T14:22:29+00:00","og_image":[{"width":512,"height":512,"url":"https:\/\/latam.kurita-water.com\/wp-content\/uploads\/2025\/07\/kurita-favicon-512x512-1.png","type":"image\/png"}],"twitter_card":"summary_large_image","twitter_misc":{"Tiempo de lectura":"4 minutos"},"schema":{"@context":"https:\/\/schema.org","@graph":[{"@type":"WebPage","@id":"https:\/\/latam.kurita-water.com\/es\/soluciones\/kuriflock\/","url":"https:\/\/latam.kurita-water.com\/es\/soluciones\/kuriflock\/","name":"Kuriflock - Kurita LATAM","isPartOf":{"@id":"https:\/\/latam.kurita-water.com\/es\/#website"},"datePublished":"2025-04-25T07:22:30+00:00","dateModified":"2026-01-20T14:22:29+00:00","breadcrumb":{"@id":"https:\/\/latam.kurita-water.com\/es\/soluciones\/kuriflock\/#breadcrumb"},"inLanguage":"es","potentialAction":[{"@type":"ReadAction","target":["https:\/\/latam.kurita-water.com\/es\/soluciones\/kuriflock\/"]}]},{"@type":"BreadcrumbList","@id":"https:\/\/latam.kurita-water.com\/es\/soluciones\/kuriflock\/#breadcrumb","itemListElement":[{"@type":"ListItem","position":1,"name":"Home","item":"https:\/\/latam.kurita-water.com\/en\/"},{"@type":"ListItem","position":2,"name":"Solutions","item":"https:\/\/latamkurit-5281ce4bb8-cteaeha6g3c2hjhc.a03.azurefd.net\/es\/soluciones\/"},{"@type":"ListItem","position":3,"name":"Kuriflock"}]},{"@type":"WebSite","@id":"https:\/\/latam.kurita-water.com\/es\/#website","url":"https:\/\/latam.kurita-water.com\/es\/","name":"Kurita LATAM","description":"Soluciones para el tratamiento del agua","publisher":{"@id":"https:\/\/latam.kurita-water.com\/es\/#organization"},"potentialAction":[{"@type":"SearchAction","target":{"@type":"EntryPoint","urlTemplate":"https:\/\/latam.kurita-water.com\/es\/?s={search_term_string}"},"query-input":{"@type":"PropertyValueSpecification","valueRequired":true,"valueName":"search_term_string"}}],"inLanguage":"es"},{"@type":"Organization","@id":"https:\/\/latam.kurita-water.com\/es\/#organization","name":"Kurita LATAM","url":"https:\/\/latam.kurita-water.com\/es\/","logo":{"@type":"ImageObject","inLanguage":"es","@id":"https:\/\/latam.kurita-water.com\/es\/#\/schema\/logo\/image\/","url":"\/wp-content\/uploads\/2025\/05\/cropped-brand_mark_horizon_blue.png","contentUrl":"\/wp-content\/uploads\/2025\/05\/cropped-brand_mark_horizon_blue.png","width":712,"height":204,"caption":"Kurita LATAM"},"image":{"@id":"https:\/\/latam.kurita-water.com\/es\/#\/schema\/logo\/image\/"}}]}},"_links":{"self":[{"href":"https:\/\/latam.kurita-water.com\/es\/wp-json\/wp\/v2\/pages\/14160","targetHints":{"allow":["GET"]}}],"collection":[{"href":"https:\/\/latam.kurita-water.com\/es\/wp-json\/wp\/v2\/pages"}],"about":[{"href":"https:\/\/latam.kurita-water.com\/es\/wp-json\/wp\/v2\/types\/page"}],"author":[{"embeddable":true,"href":"https:\/\/latam.kurita-water.com\/es\/wp-json\/wp\/v2\/users\/2"}],"replies":[{"embeddable":true,"href":"https:\/\/latam.kurita-water.com\/es\/wp-json\/wp\/v2\/comments?post=14160"}],"version-history":[{"count":11,"href":"https:\/\/latam.kurita-water.com\/es\/wp-json\/wp\/v2\/pages\/14160\/revisions"}],"predecessor-version":[{"id":19306,"href":"https:\/\/latam.kurita-water.com\/es\/wp-json\/wp\/v2\/pages\/14160\/revisions\/19306"}],"up":[{"embeddable":true,"href":"https:\/\/latam.kurita-water.com\/es\/wp-json\/wp\/v2\/pages\/13875"}],"wp:attachment":[{"href":"https:\/\/latam.kurita-water.com\/es\/wp-json\/wp\/v2\/media?parent=14160"}],"curies":[{"name":"wp","href":"https:\/\/api.w.org\/{rel}","templated":true}]}}