{"id":14364,"date":"2025-04-25T08:56:24","date_gmt":"2025-04-25T08:56:24","guid":{"rendered":"https:\/\/kurita-eu-gudza2cjbzfhcwbx.francecentral-01.azurewebsites.net\/?page_id=14364"},"modified":"2026-01-20T16:32:23","modified_gmt":"2026-01-20T16:32:23","slug":"deteccion-mx","status":"publish","type":"page","link":"https:\/\/latam.kurita-water.com\/es\/soluciones\/deteccion-mx\/","title":{"rendered":"S.sensingTM MX"},"content":{"rendered":"<div data-elementor-type=\"wp-page\" data-elementor-id=\"14364\" class=\"elementor elementor-14364\" data-elementor-post-type=\"page\">\n\t\t\t\t\t\t<section class=\"elementor-section elementor-top-section elementor-element elementor-element-569ff37f elementor-section-full_width elementor-section-height-default elementor-section-height-default\" data-id=\"569ff37f\" data-element_type=\"section\">\n\t\t\t\t\t\t<div class=\"elementor-container elementor-column-gap-default\">\n\t\t\t\t\t<div class=\"elementor-column elementor-col-100 elementor-top-column elementor-element elementor-element-4516d03b\" data-id=\"4516d03b\" data-element_type=\"column\">\n\t\t\t<div class=\"elementor-widget-wrap elementor-element-populated\">\n\t\t\t\t\t\t<div class=\"elementor-element elementor-element-6b224937 elementor--h-position-center elementor--v-position-middle elementor-arrows-position-inside elementor-pagination-position-inside elementor-widget elementor-widget-slides\" data-id=\"6b224937\" data-element_type=\"widget\" data-settings=\"{&quot;navigation&quot;:&quot;both&quot;,&quot;autoplay&quot;:&quot;yes&quot;,&quot;pause_on_hover&quot;:&quot;yes&quot;,&quot;pause_on_interaction&quot;:&quot;yes&quot;,&quot;autoplay_speed&quot;:5000,&quot;infinite&quot;:&quot;yes&quot;,&quot;transition&quot;:&quot;slide&quot;,&quot;transition_speed&quot;:500}\" data-widget_type=\"slides.default\">\n\t\t\t\t<div class=\"elementor-widget-container\">\n\t\t\t\t\t\t\t\t\t<div class=\"elementor-swiper\">\n\t\t\t\t\t<div class=\"elementor-slides-wrapper elementor-main-swiper swiper\" role=\"region\" aria-roledescription=\"carousel\" aria-label=\"Diapositivas\" dir=\"ltr\" data-animation=\"fadeInUp\">\n\t\t\t\t<div class=\"swiper-wrapper elementor-slides\">\n\t\t\t\t\t\t\t\t\t\t<div class=\"elementor-repeater-item-4e0b9f7 swiper-slide\" role=\"group\" aria-roledescription=\"slide\"><div class=\"swiper-slide-bg elementor-ken-burns elementor-ken-burns--in\" role=\"img\"><\/div><div class=\"elementor-background-overlay\"><\/div><div class=\"swiper-slide-inner\" ><div class=\"swiper-slide-contents\"><h1 class=\"elementor-slide-heading\">S.sensing<sup>TM<\/sup> MX<\/h1><\/div><\/div><\/div>\t\t\t\t<\/div>\n\t\t\t\t\t\t\t<\/div>\n\t\t\t\t<\/div>\n\t\t\t\t\t\t\t\t<\/div>\n\t\t\t\t<\/div>\n\t\t\t\t\t<\/div>\n\t\t<\/div>\n\t\t\t\t\t<\/div>\n\t\t<\/section>\n\t\t\t\t<section class=\"elementor-section elementor-top-section elementor-element elementor-element-546c2bb5 elementor-section-boxed elementor-section-height-default elementor-section-height-default\" data-id=\"546c2bb5\" data-element_type=\"section\">\n\t\t\t\t\t\t<div class=\"elementor-container elementor-column-gap-default\">\n\t\t\t\t\t<div class=\"elementor-column elementor-col-66 elementor-top-column elementor-element elementor-element-38fd6914 margin-content\" data-id=\"38fd6914\" data-element_type=\"column\">\n\t\t\t<div class=\"elementor-widget-wrap elementor-element-populated\">\n\t\t\t\t\t\t<div class=\"elementor-element elementor-element-3d17691f elementor-widget elementor-widget-heading\" data-id=\"3d17691f\" data-element_type=\"widget\" data-widget_type=\"heading.default\">\n\t\t\t\t<div class=\"elementor-widget-container\">\n\t\t\t\t\t<h2 class=\"elementor-heading-title elementor-size-default\">S.sensing<sup>TM<\/sup> MX - La plataforma modular multiparam\u00e9trica de Kurita para la monitorizaci\u00f3n del agua de refrigeraci\u00f3n.<\/h2>\t\t\t\t<\/div>\n\t\t\t\t<\/div>\n\t\t\t\t<div class=\"elementor-element elementor-element-2a2dcb90 elementor-invisible elementor-widget elementor-widget-text-editor\" data-id=\"2a2dcb90\" data-element_type=\"widget\" data-settings=\"{&quot;_animation&quot;:&quot;fadeInUp&quot;}\" data-widget_type=\"text-editor.default\">\n\t\t\t\t<div class=\"elementor-widget-container\">\n\t\t\t\t\t\t\t\t\t<strong>S.sensing<sup>TM<\/sup>\u00a0MX<\/strong>\u00a0es un nuevo sistema analizador modular especialmente dise\u00f1ado para aplicaciones de agua de refrigeraci\u00f3n industrial.\n\nEl sistema modular contiene diferentes tipos de sensores y analizadores conectados a un controlador central de torre de refrigeraci\u00f3n. Esto permite instalar S.sensing<sup>TM<\/sup> MX a pr\u00e1cticamente cualquier aplicaci\u00f3n.\n\n<strong>S.sensing<sup>TM<\/sup>MX<\/strong>\u00a0consta de tres elementos principales:<\/p>\n<ul>\n \t<li>Panel de l\u00ednea de flotaci\u00f3n<\/li>\n \t<li>Serie de controladores de torres de refrigeraci\u00f3n,<\/li>\n \t<li>M\u00f3dulos analizadores<\/li>\n<\/ul><\/p>\nCada uno de estos elementos se ha dise\u00f1ado para que\u00a0<strong>S.sensing<sup>TM<\/sup> MX<\/strong>\u00a0tan amplio como sea posible, pero al mismo tiempo tan espec\u00edfico como sea necesario para ajustarlo a las necesidades de la vigilancia moderna del agua de refrigeraci\u00f3n y la comunicaci\u00f3n de datos.\n\n<strong>S.sensing<sup>TM<\/sup> MX<\/strong>\u00a0es muy f\u00e1cil de usar. Ya desde la instalaci\u00f3n del sistema: no se necesitan instalaciones especiales, todo est\u00e1 preparado. Basta con conectar la unidad a la corriente y al suministro de agua y ya est\u00e1 lista.\n\nLas conexiones est\u00e1ndar universales tanto para el agua como para la electricidad permiten cambiar y actualizar r\u00e1pidamente cualquier\u00a0<strong>S.sensing<sup>TM<\/sup> Sistema MX<\/strong>\u00a0a un nuevo sensor o m\u00f3dulo.\n\nBasamos la selecci\u00f3n de m\u00f3dulos en las necesidades reales de los sistemas de refrigeraci\u00f3n. Existen sensores y analizadores para medir distintos par\u00e1metros de calidad del agua de las torres de refrigeraci\u00f3n:<\/p>\n<ul>\n \t<li><strong>Medici\u00f3n con electrodos est\u00e1ndar:<\/strong>\u00a0pH, Conductividad, Redox<\/li>\n \t<li><strong>Control de la concentraci\u00f3n del producto:<\/strong>\u00a0La concentraci\u00f3n del producto se mide analizando el componente activo de los productos de tratamiento del agua aplicados. Kurita ofrece un dispositivo para todos los pol\u00edmeros y mezclas y un nuevo dispositivo para el cloro libre o total.<\/li>\n \t<li><strong>Medici\u00f3n de los KPI:<\/strong>\u00a0corrosi\u00f3n, incrustaci\u00f3n, biopel\u00edcula pueden utilizarse para controlar el efecto del tratamiento.<\/li>\n<\/ul><\/p>\nPor lo tanto\u00a0<strong>S.detecci\u00f3n MX<\/strong>\u00a0permite una doble seguridad del proceso: Controle la aplicaci\u00f3n del producto y el \u00e9xito de su tratamiento qu\u00edmico.\n\n<strong>S.sensing<sup>TM<\/sup> MX<\/strong>\u00a0es la tecnolog\u00eda punta que ayuda a ahorrar energ\u00eda y recursos.\n\nLos m\u00f3dulos individuales pueden intercambiarse o a\u00f1adirse f\u00e1cilmente en caso de que cambien los par\u00e1metros de calidad de la torre de refrigeraci\u00f3n. El panel de l\u00ednea de flotaci\u00f3n de\u00a0<strong>S.sensing<sup>TM<\/sup> MX<\/strong>\u00a0seguir\u00e1 siendo la base del sistema en el futuro.\t\t\t\t\t\t\t\t<\/div>\n\t\t\t\t<\/div>\n\t\t\t\t\t<\/div>\n\t\t<\/div>\n\t\t\t\t<div class=\"elementor-column elementor-col-33 elementor-top-column elementor-element elementor-element-e5de5f4 margin-content\" data-id=\"e5de5f4\" data-element_type=\"column\">\n\t\t\t<div class=\"elementor-widget-wrap elementor-element-populated\">\n\t\t\t\t\t\t\t<\/div>\n\t\t<\/div>\n\t\t\t\t\t<\/div>\n\t\t<\/section>\n\t\t\t\t<section class=\"elementor-section elementor-top-section elementor-element elementor-element-24cea3b5 elementor-section-boxed elementor-section-height-default elementor-section-height-default\" data-id=\"24cea3b5\" data-element_type=\"section\" data-settings=\"{&quot;background_background&quot;:&quot;classic&quot;}\">\n\t\t\t\t\t\t<div class=\"elementor-container elementor-column-gap-default\">\n\t\t\t\t\t<div class=\"elementor-column elementor-col-100 elementor-top-column elementor-element elementor-element-4a1fe61f margin-content\" data-id=\"4a1fe61f\" data-element_type=\"column\">\n\t\t\t<div class=\"elementor-widget-wrap elementor-element-populated\">\n\t\t\t\t\t\t<div class=\"elementor-element elementor-element-55153138 elementor-widget elementor-widget-heading\" data-id=\"55153138\" data-element_type=\"widget\" data-widget_type=\"heading.default\">\n\t\t\t\t<div class=\"elementor-widget-container\">\n\t\t\t\t\t<h4 class=\"elementor-heading-title elementor-size-default\">S.sensing<sup>TM<\/sup>  MX<\/h4>\t\t\t\t<\/div>\n\t\t\t\t<\/div>\n\t\t\t\t<div class=\"elementor-element elementor-element-2a6f98f3 elementor-invisible elementor-widget elementor-widget-text-editor\" data-id=\"2a6f98f3\" data-element_type=\"widget\" data-settings=\"{&quot;_animation&quot;:&quot;fadeIn&quot;}\" data-widget_type=\"text-editor.default\">\n\t\t\t\t<div class=\"elementor-widget-container\">\n\t\t\t\t\t\t\t\t\t<ul><li>Una pantalla, una l\u00ednea de flotaci\u00f3n, un cable<\/li><li>Estructura modular sencilla, econ\u00f3mica y ecol\u00f3gica<\/li><li>Tecnolog\u00edas anal\u00edticas autorizadas<\/li><li>Control de la dosificaci\u00f3n mediante medici\u00f3n real de la sustancia activa<\/li><li>\u00daltimas tecnolog\u00edas de analizadores<\/li><li>Modo a prueba de fallos y notificaciones de alarma<\/li><li>Capacidades de comunicaci\u00f3n modernas<\/li><li>Actualizable para satisfacer futuras necesidades<\/li><\/ul>\t\t\t\t\t\t\t\t<\/div>\n\t\t\t\t<\/div>\n\t\t\t\t\t<\/div>\n\t\t<\/div>\n\t\t\t\t\t<\/div>\n\t\t<\/section>\n\t\t\t\t<section class=\"elementor-section elementor-top-section elementor-element elementor-element-6a4515b2 elementor-section-boxed elementor-section-height-default elementor-section-height-default\" data-id=\"6a4515b2\" data-element_type=\"section\" data-settings=\"{&quot;background_background&quot;:&quot;classic&quot;}\">\n\t\t\t\t\t\t<div class=\"elementor-container elementor-column-gap-default\">\n\t\t\t\t\t<div class=\"elementor-column elementor-col-100 elementor-top-column elementor-element elementor-element-5dfd974d margin-content\" data-id=\"5dfd974d\" data-element_type=\"column\">\n\t\t\t<div class=\"elementor-widget-wrap elementor-element-populated\">\n\t\t\t\t\t\t<div class=\"elementor-element elementor-element-5f4240eb elementor-widget elementor-widget-heading\" data-id=\"5f4240eb\" data-element_type=\"widget\" data-widget_type=\"heading.default\">\n\t\t\t\t<div class=\"elementor-widget-container\">\n\t\t\t\t\t<h4 class=\"elementor-heading-title elementor-size-default\">V\u00eddeo del producto<\/h4>\t\t\t\t<\/div>\n\t\t\t\t<\/div>\n\t\t\t\t<div class=\"elementor-element elementor-element-724b916 elementor-widget elementor-widget-video\" data-id=\"724b916\" data-element_type=\"widget\" data-settings=\"{&quot;youtube_url&quot;:&quot;https:\\\/\\\/youtu.be\\\/5lkYXUvGQgw&quot;,&quot;video_type&quot;:&quot;youtube&quot;,&quot;controls&quot;:&quot;yes&quot;}\" data-widget_type=\"video.default\">\n\t\t\t\t<div class=\"elementor-widget-container\">\n\t\t\t\t\t\t\t<div class=\"elementor-wrapper elementor-open-inline\">\n\t\t\t<div class=\"elementor-video\"><\/div>\t\t<\/div>\n\t\t\t\t\t\t<\/div>\n\t\t\t\t<\/div>\n\t\t\t\t\t<\/div>\n\t\t<\/div>\n\t\t\t\t\t<\/div>\n\t\t<\/section>\n\t\t\t\t<section class=\"elementor-section elementor-top-section elementor-element elementor-element-2c3bcf26 elementor-section-boxed elementor-section-height-default elementor-section-height-default\" data-id=\"2c3bcf26\" data-element_type=\"section\" data-settings=\"{&quot;background_background&quot;:&quot;classic&quot;}\">\n\t\t\t\t\t\t<div class=\"elementor-container elementor-column-gap-default\">\n\t\t\t\t\t<div class=\"elementor-column elementor-col-100 elementor-top-column elementor-element elementor-element-3d0f33bc margin-content\" data-id=\"3d0f33bc\" data-element_type=\"column\">\n\t\t\t<div class=\"elementor-widget-wrap elementor-element-populated\">\n\t\t\t\t\t\t<div class=\"elementor-element elementor-element-2636668e elementor-widget elementor-widget-heading\" data-id=\"2636668e\" data-element_type=\"widget\" data-widget_type=\"heading.default\">\n\t\t\t\t<div class=\"elementor-widget-container\">\n\t\t\t\t\t<h2 class=\"elementor-heading-title elementor-size-default\">Estamos a su servicio<\/h2>\t\t\t\t<\/div>\n\t\t\t\t<\/div>\n\t\t\t\t<div class=\"elementor-element elementor-element-5d100e56 elementor-widget elementor-widget-html\" data-id=\"5d100e56\" data-element_type=\"widget\" data-widget_type=\"html.default\">\n\t\t\t\t<div class=\"elementor-widget-container\">\n\t\t\t\t\t<div\r\n        data-form-id='f4d0a8e4-73ce-ef11-b8e8-000d3ab41b62'\r\n        data-form-api-url='https:\/\/public-eur.mkt.dynamics.com\/api\/v1.0\/orgs\/30cac5a2-33f9-ed11-a66d-000d3a64d748\/landingpageforms'\r\n        data-cached-form-url='https:\/\/assets-eur.mkt.dynamics.com\/30cac5a2-33f9-ed11-a66d-000d3a64d748\/digitalassets\/forms\/f4d0a8e4-73ce-ef11-b8e8-000d3ab41b62' ><\/div>\r\n        <script src = 'https:\/\/cxppusa1formui01cdnsa01-endpoint.azureedge.net\/eur\/FormLoader\/FormLoader.bundle.js' ><\/script>\r\n        <script>document.documentElement.lang = navigator.language;<\/script>\t\t\t\t<\/div>\n\t\t\t\t<\/div>\n\t\t\t\t\t<\/div>\n\t\t<\/div>\n\t\t\t\t\t<\/div>\n\t\t<\/section>\n\t\t\t\t<\/div>","protected":false},"excerpt":{"rendered":"<p>S.sensingTM MX S.sensingTM MX - La plataforma modular multiparam\u00e9trica de Kurita para la monitorizaci\u00f3n del agua de refrigeraci\u00f3n. S.sensingTM MX es un nuevo sistema modular de analizadores especialmente dise\u00f1ado para aplicaciones de agua de refrigeraci\u00f3n industrial. El sistema modular contiene diferentes tipos de sensores y analizadores conectados a un controlador central de torre de refrigeraci\u00f3n. Esto permite adaptar S.sensingTM MX a pr\u00e1cticamente cualquier aplicaci\u00f3n. S.sensingTMMX consta de tres elementos principales: Panel de l\u00ednea de agua Refrigeraci\u00f3n [...]<\/p>","protected":false},"author":2,"featured_media":0,"parent":13875,"menu_order":0,"comment_status":"closed","ping_status":"closed","template":"","meta":{"footnotes":""},"class_list":["post-14364","page","type-page","status-publish","hentry"],"yoast_head":"<!-- This site is optimized with the Yoast SEO plugin v25.5 - https:\/\/yoast.com\/wordpress\/plugins\/seo\/ -->\n<title>S.sensingTM MX - Kurita LATAM<\/title>\n<meta name=\"description\" content=\"Sensing\u2011MX: smart monitoring and control for critical water systems\u2014real\u2011time insights to stabilize quality, reduce chemicals and avoid downtime.\" \/>\n<meta name=\"robots\" content=\"index, follow, max-snippet:-1, max-image-preview:large, max-video-preview:-1\" \/>\n<link rel=\"canonical\" href=\"https:\/\/latam.kurita-water.com\/es\/soluciones\/deteccion-mx\/\" \/>\n<meta property=\"og:locale\" content=\"es_ES\" \/>\n<meta property=\"og:type\" content=\"article\" \/>\n<meta property=\"og:title\" content=\"S.sensingTM MX - Kurita LATAM\" \/>\n<meta property=\"og:description\" content=\"Sensing\u2011MX: smart monitoring and control for critical water systems\u2014real\u2011time insights to stabilize quality, reduce chemicals and avoid downtime.\" \/>\n<meta property=\"og:url\" content=\"https:\/\/latam.kurita-water.com\/es\/soluciones\/deteccion-mx\/\" \/>\n<meta property=\"og:site_name\" content=\"Kurita LATAM\" \/>\n<meta property=\"article:modified_time\" content=\"2026-01-20T16:32:23+00:00\" \/>\n<meta property=\"og:image\" content=\"https:\/\/latam.kurita-water.com\/wp-content\/uploads\/2025\/07\/kurita-favicon-512x512-1.png\" \/>\n\t<meta property=\"og:image:width\" content=\"512\" \/>\n\t<meta property=\"og:image:height\" content=\"512\" \/>\n\t<meta property=\"og:image:type\" content=\"image\/png\" \/>\n<meta name=\"twitter:card\" content=\"summary_large_image\" \/>\n<meta name=\"twitter:label1\" content=\"Tiempo de lectura\" \/>\n\t<meta name=\"twitter:data1\" content=\"2 minutos\" \/>\n<script type=\"application\/ld+json\" class=\"yoast-schema-graph\">{\"@context\":\"https:\/\/schema.org\",\"@graph\":[{\"@type\":\"WebPage\",\"@id\":\"https:\/\/latam.kurita-water.com\/en\/solutions\/sensing-mx\/\",\"url\":\"https:\/\/latam.kurita-water.com\/en\/solutions\/sensing-mx\/\",\"name\":\"S.sensingTM MX - Kurita LATAM\",\"isPartOf\":{\"@id\":\"https:\/\/latam.kurita-water.com\/es\/#website\"},\"datePublished\":\"2025-04-25T08:56:24+00:00\",\"dateModified\":\"2026-01-20T16:32:23+00:00\",\"description\":\"Sensing\u2011MX: smart monitoring and control for critical water systems\u2014real\u2011time insights to stabilize quality, reduce chemicals and avoid downtime.\",\"breadcrumb\":{\"@id\":\"https:\/\/latam.kurita-water.com\/en\/solutions\/sensing-mx\/#breadcrumb\"},\"inLanguage\":\"es\",\"potentialAction\":[{\"@type\":\"ReadAction\",\"target\":[\"https:\/\/latam.kurita-water.com\/en\/solutions\/sensing-mx\/\"]}]},{\"@type\":\"BreadcrumbList\",\"@id\":\"https:\/\/latam.kurita-water.com\/en\/solutions\/sensing-mx\/#breadcrumb\",\"itemListElement\":[{\"@type\":\"ListItem\",\"position\":1,\"name\":\"Home\",\"item\":\"https:\/\/latam.kurita-water.com\/en\/\"},{\"@type\":\"ListItem\",\"position\":2,\"name\":\"Solutions\",\"item\":\"https:\/\/latamkurit-5281ce4bb8-cteaeha6g3c2hjhc.a03.azurefd.net\/es\/soluciones\/\"},{\"@type\":\"ListItem\",\"position\":3,\"name\":\"S.sensingTM MX\"}]},{\"@type\":\"WebSite\",\"@id\":\"https:\/\/latam.kurita-water.com\/es\/#website\",\"url\":\"https:\/\/latam.kurita-water.com\/es\/\",\"name\":\"Kurita LATAM\",\"description\":\"Water Treatment Solutions\",\"publisher\":{\"@id\":\"https:\/\/latam.kurita-water.com\/es\/#organization\"},\"potentialAction\":[{\"@type\":\"SearchAction\",\"target\":{\"@type\":\"EntryPoint\",\"urlTemplate\":\"https:\/\/latam.kurita-water.com\/es\/?s={search_term_string}\"},\"query-input\":{\"@type\":\"PropertyValueSpecification\",\"valueRequired\":true,\"valueName\":\"search_term_string\"}}],\"inLanguage\":\"es\"},{\"@type\":\"Organization\",\"@id\":\"https:\/\/latam.kurita-water.com\/es\/#organization\",\"name\":\"Kurita LATAM\",\"url\":\"https:\/\/latam.kurita-water.com\/es\/\",\"logo\":{\"@type\":\"ImageObject\",\"inLanguage\":\"es\",\"@id\":\"https:\/\/latam.kurita-water.com\/es\/#\/schema\/logo\/image\/\",\"url\":\"\/wp-content\/uploads\/2025\/05\/cropped-brand_mark_horizon_blue.png\",\"contentUrl\":\"\/wp-content\/uploads\/2025\/05\/cropped-brand_mark_horizon_blue.png\",\"width\":712,\"height\":204,\"caption\":\"Kurita LATAM\"},\"image\":{\"@id\":\"https:\/\/latam.kurita-water.com\/es\/#\/schema\/logo\/image\/\"}}]}<\/script>\n<!-- \/ Yoast SEO plugin. -->","yoast_head_json":{"title":"S.sensingTM MX - Kurita LATAM","description":"Sensing-MX: supervisi\u00f3n y control inteligentes para sistemas de agua cr\u00edticos: informaci\u00f3n en tiempo real para estabilizar la calidad, reducir los productos qu\u00edmicos y evitar tiempos de inactividad.","robots":{"index":"index","follow":"follow","max-snippet":"max-snippet:-1","max-image-preview":"max-image-preview:large","max-video-preview":"max-video-preview:-1"},"canonical":"https:\/\/latam.kurita-water.com\/es\/soluciones\/deteccion-mx\/","og_locale":"es_ES","og_type":"article","og_title":"S.sensingTM MX - Kurita LATAM","og_description":"Sensing\u2011MX: smart monitoring and control for critical water systems\u2014real\u2011time insights to stabilize quality, reduce chemicals and avoid downtime.","og_url":"https:\/\/latam.kurita-water.com\/es\/soluciones\/deteccion-mx\/","og_site_name":"Kurita LATAM","article_modified_time":"2026-01-20T16:32:23+00:00","og_image":[{"width":512,"height":512,"url":"https:\/\/latam.kurita-water.com\/wp-content\/uploads\/2025\/07\/kurita-favicon-512x512-1.png","type":"image\/png"}],"twitter_card":"summary_large_image","twitter_misc":{"Tiempo de lectura":"2 minutos"},"schema":{"@context":"https:\/\/schema.org","@graph":[{"@type":"WebPage","@id":"https:\/\/latam.kurita-water.com\/en\/solutions\/sensing-mx\/","url":"https:\/\/latam.kurita-water.com\/en\/solutions\/sensing-mx\/","name":"S.sensingTM MX - Kurita LATAM","isPartOf":{"@id":"https:\/\/latam.kurita-water.com\/es\/#website"},"datePublished":"2025-04-25T08:56:24+00:00","dateModified":"2026-01-20T16:32:23+00:00","description":"Sensing-MX: supervisi\u00f3n y control inteligentes para sistemas de agua cr\u00edticos: informaci\u00f3n en tiempo real para estabilizar la calidad, reducir los productos qu\u00edmicos y evitar tiempos de inactividad.","breadcrumb":{"@id":"https:\/\/latam.kurita-water.com\/en\/solutions\/sensing-mx\/#breadcrumb"},"inLanguage":"es","potentialAction":[{"@type":"ReadAction","target":["https:\/\/latam.kurita-water.com\/en\/solutions\/sensing-mx\/"]}]},{"@type":"BreadcrumbList","@id":"https:\/\/latam.kurita-water.com\/en\/solutions\/sensing-mx\/#breadcrumb","itemListElement":[{"@type":"ListItem","position":1,"name":"Home","item":"https:\/\/latam.kurita-water.com\/en\/"},{"@type":"ListItem","position":2,"name":"Solutions","item":"https:\/\/latamkurit-5281ce4bb8-cteaeha6g3c2hjhc.a03.azurefd.net\/es\/soluciones\/"},{"@type":"ListItem","position":3,"name":"S.sensingTM MX"}]},{"@type":"WebSite","@id":"https:\/\/latam.kurita-water.com\/es\/#website","url":"https:\/\/latam.kurita-water.com\/es\/","name":"Kurita LATAM","description":"Soluciones para el tratamiento del agua","publisher":{"@id":"https:\/\/latam.kurita-water.com\/es\/#organization"},"potentialAction":[{"@type":"SearchAction","target":{"@type":"EntryPoint","urlTemplate":"https:\/\/latam.kurita-water.com\/es\/?s={search_term_string}"},"query-input":{"@type":"PropertyValueSpecification","valueRequired":true,"valueName":"search_term_string"}}],"inLanguage":"es"},{"@type":"Organization","@id":"https:\/\/latam.kurita-water.com\/es\/#organization","name":"Kurita LATAM","url":"https:\/\/latam.kurita-water.com\/es\/","logo":{"@type":"ImageObject","inLanguage":"es","@id":"https:\/\/latam.kurita-water.com\/es\/#\/schema\/logo\/image\/","url":"\/wp-content\/uploads\/2025\/05\/cropped-brand_mark_horizon_blue.png","contentUrl":"\/wp-content\/uploads\/2025\/05\/cropped-brand_mark_horizon_blue.png","width":712,"height":204,"caption":"Kurita LATAM"},"image":{"@id":"https:\/\/latam.kurita-water.com\/es\/#\/schema\/logo\/image\/"}}]}},"_links":{"self":[{"href":"https:\/\/latam.kurita-water.com\/es\/wp-json\/wp\/v2\/pages\/14364","targetHints":{"allow":["GET"]}}],"collection":[{"href":"https:\/\/latam.kurita-water.com\/es\/wp-json\/wp\/v2\/pages"}],"about":[{"href":"https:\/\/latam.kurita-water.com\/es\/wp-json\/wp\/v2\/types\/page"}],"author":[{"embeddable":true,"href":"https:\/\/latam.kurita-water.com\/es\/wp-json\/wp\/v2\/users\/2"}],"replies":[{"embeddable":true,"href":"https:\/\/latam.kurita-water.com\/es\/wp-json\/wp\/v2\/comments?post=14364"}],"version-history":[{"count":7,"href":"https:\/\/latam.kurita-water.com\/es\/wp-json\/wp\/v2\/pages\/14364\/revisions"}],"predecessor-version":[{"id":19364,"href":"https:\/\/latam.kurita-water.com\/es\/wp-json\/wp\/v2\/pages\/14364\/revisions\/19364"}],"up":[{"embeddable":true,"href":"https:\/\/latam.kurita-water.com\/es\/wp-json\/wp\/v2\/pages\/13875"}],"wp:attachment":[{"href":"https:\/\/latam.kurita-water.com\/es\/wp-json\/wp\/v2\/media?parent=14364"}],"curies":[{"name":"wp","href":"https:\/\/api.w.org\/{rel}","templated":true}]}}