{"id":14500,"date":"2025-04-25T09:53:35","date_gmt":"2025-04-25T09:53:35","guid":{"rendered":"https:\/\/kurita-eu-gudza2cjbzfhcwbx.francecentral-01.azurewebsites.net\/?page_id=14500"},"modified":"2026-03-20T11:16:03","modified_gmt":"2026-03-20T11:16:03","slug":"limpieza","status":"publish","type":"page","link":"https:\/\/latam.kurita-water.com\/es\/soluciones\/limpieza\/","title":{"rendered":"Limpieza"},"content":{"rendered":"<div data-elementor-type=\"wp-page\" data-elementor-id=\"14500\" class=\"elementor elementor-14500\" data-elementor-post-type=\"page\">\n\t\t\t\t\t\t<section class=\"elementor-section elementor-top-section elementor-element elementor-element-52f8b394 elementor-section-full_width elementor-section-height-default elementor-section-height-default\" data-id=\"52f8b394\" data-element_type=\"section\">\n\t\t\t\t\t\t<div class=\"elementor-container elementor-column-gap-default\">\n\t\t\t\t\t<div class=\"elementor-column elementor-col-100 elementor-top-column elementor-element elementor-element-1cecbde\" data-id=\"1cecbde\" data-element_type=\"column\">\n\t\t\t<div class=\"elementor-widget-wrap elementor-element-populated\">\n\t\t\t\t\t\t<div class=\"elementor-element elementor-element-77f17f2b elementor--h-position-center elementor--v-position-middle elementor-arrows-position-inside elementor-pagination-position-inside elementor-widget elementor-widget-slides\" data-id=\"77f17f2b\" data-element_type=\"widget\" data-settings=\"{&quot;navigation&quot;:&quot;both&quot;,&quot;autoplay&quot;:&quot;yes&quot;,&quot;pause_on_hover&quot;:&quot;yes&quot;,&quot;pause_on_interaction&quot;:&quot;yes&quot;,&quot;autoplay_speed&quot;:5000,&quot;infinite&quot;:&quot;yes&quot;,&quot;transition&quot;:&quot;slide&quot;,&quot;transition_speed&quot;:500}\" data-widget_type=\"slides.default\">\n\t\t\t\t<div class=\"elementor-widget-container\">\n\t\t\t\t\t\t\t\t\t<div class=\"elementor-swiper\">\n\t\t\t\t\t<div class=\"elementor-slides-wrapper elementor-main-swiper swiper\" role=\"region\" aria-roledescription=\"carousel\" aria-label=\"Diapositivas\" dir=\"ltr\" data-animation=\"fadeInUp\">\n\t\t\t\t<div class=\"swiper-wrapper elementor-slides\">\n\t\t\t\t\t\t\t\t\t\t<div class=\"elementor-repeater-item-4e0b9f7 swiper-slide\" role=\"group\" aria-roledescription=\"slide\"><div class=\"swiper-slide-bg elementor-ken-burns elementor-ken-burns--in\" role=\"img\"><\/div><div class=\"elementor-background-overlay\"><\/div><div class=\"swiper-slide-inner\" ><div class=\"swiper-slide-contents\"><div class=\"elementor-slide-heading\">Limpieza<\/div><\/div><\/div><\/div>\t\t\t\t<\/div>\n\t\t\t\t\t\t\t<\/div>\n\t\t\t\t<\/div>\n\t\t\t\t\t\t\t\t<\/div>\n\t\t\t\t<\/div>\n\t\t\t\t\t<\/div>\n\t\t<\/div>\n\t\t\t\t\t<\/div>\n\t\t<\/section>\n\t\t\t\t<section class=\"elementor-section elementor-top-section elementor-element elementor-element-61d8fe2d elementor-section-boxed elementor-section-height-default elementor-section-height-default\" data-id=\"61d8fe2d\" data-element_type=\"section\">\n\t\t\t\t\t\t<div class=\"elementor-container elementor-column-gap-default\">\n\t\t\t\t\t<div class=\"elementor-column elementor-col-100 elementor-top-column elementor-element elementor-element-14d8d35e margin-content\" data-id=\"14d8d35e\" data-element_type=\"column\">\n\t\t\t<div class=\"elementor-widget-wrap elementor-element-populated\">\n\t\t\t\t\t\t<div class=\"elementor-element elementor-element-2e39827 elementor-widget elementor-widget-heading\" data-id=\"2e39827\" data-element_type=\"widget\" data-widget_type=\"heading.default\">\n\t\t\t\t<div class=\"elementor-widget-container\">\n\t\t\t\t\t<h1 class=\"elementor-heading-title elementor-size-default\">Soluciones de limpieza industrial para dep\u00f3sitos, incrustaciones y limo\n<\/h1>\t\t\t\t<\/div>\n\t\t\t\t<\/div>\n\t\t\t\t<div class=\"elementor-element elementor-element-664aa115 elementor-widget elementor-widget-text-editor\" data-id=\"664aa115\" data-element_type=\"widget\" data-widget_type=\"text-editor.default\">\n\t\t\t\t<div class=\"elementor-widget-container\">\n\t\t\t\t\t\t\t\t\t<p>Los dep\u00f3sitos en las instalaciones industriales pueden afectar y minimizar el rendimiento de un sistema e incluso da\u00f1ar el material de construcci\u00f3n. En los intercambiadores de calor, esto puede provocar una reducci\u00f3n significativa de la transferencia de calor, lo que conlleva una menor eficiencia y una capacidad de refrigeraci\u00f3n limitada.\u00a0<span lang=\"en\">Esto hace necesaria la limpieza qu\u00edmica y mec\u00e1nica de las tuber\u00edas.<\/span>. En los bucles de las m\u00e1quinas de papel, los dep\u00f3sitos provocan defectos en el papel acabado.<\/p><p>La formaci\u00f3n de dep\u00f3sitos puede deberse a diversas causas, como la mala calidad del agua, un tratamiento qu\u00edmico insuficiente o alteraciones del proceso. Debido a los graves problemas que pueden surgir, los dep\u00f3sitos excesivos deben eliminarse mediante una limpieza qu\u00edmica.<\/p><p><strong>El objetivo de una limpieza satisfactoria es una amplia eliminaci\u00f3n de todos los dep\u00f3sitos con un ataque m\u00ednimo a la superficie y la mayor compatibilidad medioambiental posible.<\/strong><\/p><p>La demanda del cliente es conseguir esta limpieza con\u00a0<strong>bajos costes de explotaci\u00f3n<\/strong>\u00a0y un\u00a0<strong>tiempo de inactividad m\u00ednimo<\/strong>\u00a0con\u00a0<strong>alta seguridad laboral<\/strong>.\u00a0<\/p><p>Es muy recomendable y forma parte de los protocolos de buenas pr\u00e1cticas aplicar una limpieza en las siguientes circunstancias:<\/p><ul><li>Larga espera del sistema sin y con agua,\u00a0<\/li><li>Tratamiento qu\u00edmico ineficaz,\u00a0<\/li><li>Tras realizar posteriormente trabajos de mantenimiento en la planta.<\/li><\/ul><p>Las limpiezas adecuadas mantienen las m\u00e1quinas, tuber\u00edas e instalaciones disponibles en todo momento y ayudan a evitar paradas inesperadas. Una limpieza peri\u00f3dica y especializada es uno de los factores clave para la disponibilidad operativa de las instalaciones de producci\u00f3n. Por ello, Kurita propone limpiadores \u00e1cidos, alcalinos y neutros para eliminar dep\u00f3sitos, incrustaciones, suciedad, mugre o impurezas. Para seleccionar los par\u00e1metros adecuados del proceso de limpieza, es muy importante conocer la composici\u00f3n de los dep\u00f3sitos. Por lo tanto, recomendamos analizar los dep\u00f3sitos. Adem\u00e1s, debe conocerse el grosor de los dep\u00f3sitos.<\/p><p>En general,\u00a0<strong>limpiadores \u00e1cidos<\/strong>\u00a0debe elegirse\u00a0<strong>para eliminar dep\u00f3sitos inorg\u00e1nicos<\/strong>\u00a0y\u00a0<strong>limpiadores alcalinos<\/strong>\u00a0debe aplicarse\u00a0<strong>eliminar la materia org\u00e1nica<\/strong>.\u00a0<\/p><p>En casos concretos, puede ser necesario aplicar dos limpiadores seguidos: por ejemplo, si hay que eliminar dep\u00f3sitos gruesos con aproximadamente la mitad de carbonato c\u00e1lcico y la mitad de materia org\u00e1nica. En este caso, se aplica primero un limpiador \u00e1cido y, despu\u00e9s de aclarar, un limpiador alcalino.<\/p><p><a href=\"\/es\/soluciones\/ferrolina\/\">Alberol<sup>\u00ae<\/sup>\u00a0y Ferrolin<sup>\u00ae<\/sup>:\u00a0<\/a>productos para la eliminaci\u00f3n de incrustaciones, \u00f3xidos met\u00e1licos, dep\u00f3sitos, aceite, lodo.<\/p>\t\t\t\t\t\t\t\t<\/div>\n\t\t\t\t<\/div>\n\t\t\t\t\t<\/div>\n\t\t<\/div>\n\t\t\t\t\t<\/div>\n\t\t<\/section>\n\t\t\t\t<section class=\"elementor-section elementor-top-section elementor-element elementor-element-41d486c9 elementor-section-boxed elementor-section-height-default elementor-section-height-default\" data-id=\"41d486c9\" data-element_type=\"section\" data-settings=\"{&quot;background_background&quot;:&quot;classic&quot;}\">\n\t\t\t\t\t\t<div class=\"elementor-container elementor-column-gap-default\">\n\t\t\t\t\t<div class=\"elementor-column elementor-col-100 elementor-top-column elementor-element elementor-element-7683a9c2 margin-content\" data-id=\"7683a9c2\" data-element_type=\"column\" data-settings=\"{&quot;background_background&quot;:&quot;classic&quot;}\">\n\t\t\t<div class=\"elementor-widget-wrap elementor-element-populated\">\n\t\t\t\t\t\t<div class=\"elementor-element elementor-element-530311cd elementor-widget elementor-widget-heading\" data-id=\"530311cd\" data-element_type=\"widget\" data-widget_type=\"heading.default\">\n\t\t\t\t<div class=\"elementor-widget-container\">\n\t\t\t\t\t<h4 class=\"elementor-heading-title elementor-size-default\">\u00bfQu\u00e9 puede ofrecerle Kurita?<\/h4>\t\t\t\t<\/div>\n\t\t\t\t<\/div>\n\t\t\t\t<div class=\"elementor-element elementor-element-b4d9c37 elementor-widget elementor-widget-text-editor\" data-id=\"b4d9c37\" data-element_type=\"widget\" data-widget_type=\"text-editor.default\">\n\t\t\t\t<div class=\"elementor-widget-container\">\n\t\t\t\t\t\t\t\t\t<ul><li>Investigaci\u00f3n preliminar de las condiciones l\u00edmite preestablecidas, por ejemplo, materiales del circuito, tiempo disponible, equipo t\u00e9cnico existente.<\/li><li>An\u00e1lisis exacto de la composici\u00f3n de los dep\u00f3sitos.<\/li><li>Aplicaci\u00f3n del procedimiento de limpieza personalizado.<\/li><li>Propuestas para optimizar el tratamiento del agua, por ejemplo, el uso de nuestros productos para la estabilizaci\u00f3n de la dureza o la inhibici\u00f3n de la corrosi\u00f3n en sistemas de agua, para evitar la corrosi\u00f3n y los dep\u00f3sitos.<\/li><\/ul>\t\t\t\t\t\t\t\t<\/div>\n\t\t\t\t<\/div>\n\t\t\t\t\t<\/div>\n\t\t<\/div>\n\t\t\t\t\t<\/div>\n\t\t<\/section>\n\t\t\t\t<section class=\"elementor-section elementor-top-section elementor-element elementor-element-7dbe0202 elementor-section-boxed elementor-section-height-default elementor-section-height-default\" data-id=\"7dbe0202\" data-element_type=\"section\" data-settings=\"{&quot;background_background&quot;:&quot;classic&quot;}\">\n\t\t\t\t\t\t<div class=\"elementor-container elementor-column-gap-default\">\n\t\t\t\t\t<div class=\"elementor-column elementor-col-100 elementor-top-column elementor-element elementor-element-35a2d1f3 margin-content\" data-id=\"35a2d1f3\" data-element_type=\"column\">\n\t\t\t<div class=\"elementor-widget-wrap elementor-element-populated\">\n\t\t\t\t\t\t<div class=\"elementor-element elementor-element-3e520172 elementor-widget elementor-widget-heading\" data-id=\"3e520172\" data-element_type=\"widget\" data-widget_type=\"heading.default\">\n\t\t\t\t<div class=\"elementor-widget-container\">\n\t\t\t\t\t<h4 class=\"elementor-heading-title elementor-size-default\">\u00bfPor qu\u00e9 elegir Kurita?<\/h4>\t\t\t\t<\/div>\n\t\t\t\t<\/div>\n\t\t\t\t<div class=\"elementor-element elementor-element-4186318c elementor-widget elementor-widget-text-editor\" data-id=\"4186318c\" data-element_type=\"widget\" data-widget_type=\"text-editor.default\">\n\t\t\t\t<div class=\"elementor-widget-container\">\n\t\t\t\t\t\t\t\t\t<p>Nuestros productos de limpieza presentan una eficacia optimizada para la eliminaci\u00f3n de dep\u00f3sitos:<\/p><ul><li>Para evitar la reducci\u00f3n de la transferencia de calor.<\/li><li>Para mantener el flujo de agua.<\/li><li>Para eliminar los dep\u00f3sitos de limo.<\/li><li>Para evitar la contaminaci\u00f3n biol\u00f3gica.<\/li><li>Para preservar los circuitos contra la corrosi\u00f3n.<\/li><\/ul>\t\t\t\t\t\t\t\t<\/div>\n\t\t\t\t<\/div>\n\t\t\t\t\t<\/div>\n\t\t<\/div>\n\t\t\t\t\t<\/div>\n\t\t<\/section>\n\t\t\t\t<section class=\"elementor-section elementor-top-section elementor-element elementor-element-d781494 elementor-section-boxed elementor-section-height-default elementor-section-height-default\" data-id=\"d781494\" data-element_type=\"section\" data-settings=\"{&quot;background_background&quot;:&quot;classic&quot;}\">\n\t\t\t\t\t\t<div class=\"elementor-container elementor-column-gap-default\">\n\t\t\t\t\t<div class=\"elementor-column elementor-col-100 elementor-top-column elementor-element elementor-element-f482c45 margin-content\" data-id=\"f482c45\" data-element_type=\"column\">\n\t\t\t<div class=\"elementor-widget-wrap elementor-element-populated\">\n\t\t\t\t\t\t<div class=\"elementor-element elementor-element-6d25329 elementor-widget elementor-widget-heading\" data-id=\"6d25329\" data-element_type=\"widget\" data-widget_type=\"heading.default\">\n\t\t\t\t<div class=\"elementor-widget-container\">\n\t\t\t\t\t<h4 class=\"elementor-heading-title elementor-size-default\">Descubra nuestras principales soluciones sectoriales<\/h4>\t\t\t\t<\/div>\n\t\t\t\t<\/div>\n\t\t\t\t<section class=\"elementor-section elementor-inner-section elementor-element elementor-element-f00aa2c elementor-section-boxed elementor-section-height-default elementor-section-height-default\" data-id=\"f00aa2c\" data-element_type=\"section\">\n\t\t\t\t\t\t<div class=\"elementor-container elementor-column-gap-default\">\n\t\t\t\t\t<div class=\"elementor-column elementor-col-100 elementor-inner-column elementor-element elementor-element-2b437b2\" data-id=\"2b437b2\" data-element_type=\"column\">\n\t\t\t<div class=\"elementor-widget-wrap elementor-element-populated\">\n\t\t\t\t\t\t<div class=\"elementor-element elementor-element-24721c9 elementor-grid-1 elementor-posts--thumbnail-none elementor-grid-tablet-2 elementor-grid-mobile-1 elementor-card-shadow-yes elementor-posts__hover-gradient elementor-widget elementor-widget-posts\" data-id=\"24721c9\" data-element_type=\"widget\" data-settings=\"{&quot;cards_columns&quot;:&quot;1&quot;,&quot;pagination_type&quot;:&quot;load_more_infinite_scroll&quot;,&quot;cards_columns_tablet&quot;:&quot;2&quot;,&quot;cards_columns_mobile&quot;:&quot;1&quot;,&quot;cards_row_gap&quot;:{&quot;unit&quot;:&quot;px&quot;,&quot;size&quot;:35,&quot;sizes&quot;:[]},&quot;cards_row_gap_widescreen&quot;:{&quot;unit&quot;:&quot;px&quot;,&quot;size&quot;:&quot;&quot;,&quot;sizes&quot;:[]},&quot;cards_row_gap_laptop&quot;:{&quot;unit&quot;:&quot;px&quot;,&quot;size&quot;:&quot;&quot;,&quot;sizes&quot;:[]},&quot;cards_row_gap_tablet&quot;:{&quot;unit&quot;:&quot;px&quot;,&quot;size&quot;:&quot;&quot;,&quot;sizes&quot;:[]},&quot;cards_row_gap_mobile&quot;:{&quot;unit&quot;:&quot;px&quot;,&quot;size&quot;:&quot;&quot;,&quot;sizes&quot;:[]},&quot;load_more_spinner&quot;:{&quot;value&quot;:&quot;fas fa-spinner&quot;,&quot;library&quot;:&quot;fa-solid&quot;}}\" data-widget_type=\"posts.cards\">\n\t\t\t\t<div class=\"elementor-widget-container\">\n\t\t\t\t\t\t\t<div class=\"elementor-posts-container elementor-posts elementor-posts--skin-cards elementor-grid\">\n\t\t\t\t<article class=\"elementor-post elementor-grid-item post-14059 page type-page status-publish hentry\">\n\t\t\t<div class=\"elementor-post__card\">\n\t\t\t\t<div class=\"elementor-post__text\">\n\t\t\t\t<h4 class=\"elementor-post__title\">\n\t\t\t<a href=\"https:\/\/latam.kurita-water.com\/es\/soluciones\/ferrolina\/\" target=\"&quot;_blank&quot;\">\n\t\t\t\tFerrolin\t\t\t<\/a>\n\t\t<\/h4>\n\t\t\t\t<div class=\"elementor-post__excerpt\">\n\t\t\t<p>Alberol\u00ae\/Ferrolin\u00ae Limpieza sostenible con Alberol\u00ae\/Ferrolin\u00ae Los dep\u00f3sitos en los sistemas de agua, especialmente en los intercambiadores de calor, pueden causar una reducci\u00f3n significativa de la transferencia de calor, lo que puede provocar una p\u00e9rdida de eficacia y, por tanto, de capacidad de refrigeraci\u00f3n. Es muy recomendable y forma parte de los protocolos de buenas pr\u00e1cticas<\/p>\n\t\t<\/div>\n\t\t\t\t\t<div class=\"elementor-post__read-more-wrapper\">\n\t\t\n\t\t<a class=\"elementor-post__read-more\" href=\"https:\/\/latam.kurita-water.com\/es\/soluciones\/ferrolina\/\" aria-label=\"M\u00e1s informaci\u00f3n sobre Ferrolin\" tabindex=\"-1\" target=\"_blank\">\n\t\t\tM\u00e1s informaci\u00f3n \"\t\t<\/a>\n\n\t\t\t\t\t<\/div>\n\t\t\t\t<\/div>\n\t\t\t\t\t<\/div>\n\t\t<\/article>\n\t\t\t\t<\/div>\n\t\t\t\t\t<span class=\"e-load-more-spinner\">\n\t\t\t\t<svg aria-hidden=\"true\" class=\"e-font-icon-svg e-fas-spinner\" viewbox=\"0 0 512 512\" xmlns=\"http:\/\/www.w3.org\/2000\/svg\"><path d=\"M304 48c0 26.51-21.49 48-48 48s-48-21.49-48-48 21.49-48 48-48 48 21.49 48 48zm-48 368c-26.51 0-48 21.49-48 48s21.49 48 48 48 48-21.49 48-48-21.49-48-48-48zm208-208c-26.51 0-48 21.49-48 48s21.49 48 48 48 48-21.49 48-48-21.49-48-48-48zM96 256c0-26.51-21.49-48-48-48S0 229.49 0 256s21.49 48 48 48 48-21.49 48-48zm12.922 99.078c-26.51 0-48 21.49-48 48s21.49 48 48 48 48-21.49 48-48c0-26.509-21.491-48-48-48zm294.156 0c-26.51 0-48 21.49-48 48s21.49 48 48 48 48-21.49 48-48c0-26.509-21.49-48-48-48zM108.922 60.922c-26.51 0-48 21.49-48 48s21.49 48 48 48 48-21.49 48-48-21.491-48-48-48z\"><\/path><\/svg>\t\t\t<\/span>\n\t\t\n\t\t\t\t\t\t<\/div>\n\t\t\t\t<\/div>\n\t\t\t\t\t<\/div>\n\t\t<\/div>\n\t\t\t\t\t<\/div>\n\t\t<\/section>\n\t\t\t\t\t<\/div>\n\t\t<\/div>\n\t\t\t\t\t<\/div>\n\t\t<\/section>\n\t\t\t\t<\/div>","protected":false},"excerpt":{"rendered":"<p>Descubra las soluciones de limpieza industrial de Kurita Europa. Mejore el rendimiento y la eficiencia del sistema con tecnolog\u00edas avanzadas de eliminaci\u00f3n de limo.<\/p>","protected":false},"author":2,"featured_media":13670,"parent":13875,"menu_order":0,"comment_status":"closed","ping_status":"closed","template":"","meta":{"footnotes":""},"class_list":["post-14500","page","type-page","status-publish","has-post-thumbnail","hentry"],"yoast_head":"<!-- This site is optimized with the Yoast SEO plugin v25.5 - https:\/\/yoast.com\/wordpress\/plugins\/seo\/ -->\n<title>Cleaning - Kurita LATAM<\/title>\n<meta name=\"description\" content=\"Kurita offers cleaning solutions for industrial water systems, removing deposits and restoring optimal performance and reliability.\" \/>\n<meta name=\"robots\" content=\"index, follow, max-snippet:-1, max-image-preview:large, max-video-preview:-1\" \/>\n<link rel=\"canonical\" href=\"https:\/\/latam.kurita-water.com\/es\/soluciones\/limpieza\/\" \/>\n<meta property=\"og:locale\" content=\"es_ES\" \/>\n<meta property=\"og:type\" content=\"article\" \/>\n<meta property=\"og:title\" content=\"Cleaning - Kurita LATAM\" \/>\n<meta property=\"og:description\" content=\"Kurita offers cleaning solutions for industrial water systems, removing deposits and restoring optimal performance and reliability.\" \/>\n<meta property=\"og:url\" content=\"https:\/\/latam.kurita-water.com\/es\/soluciones\/limpieza\/\" \/>\n<meta property=\"og:site_name\" content=\"Kurita LATAM\" \/>\n<meta property=\"article:modified_time\" content=\"2026-03-20T11:16:03+00:00\" \/>\n<meta property=\"og:image\" content=\"https:\/\/latam.kurita-water.com\/wp-content\/uploads\/2025\/04\/Applications_WaterTreatment_MembraneTreatment-eef67877.jpg\" \/>\n\t<meta property=\"og:image:width\" content=\"870\" \/>\n\t<meta property=\"og:image:height\" content=\"350\" \/>\n\t<meta property=\"og:image:type\" content=\"image\/jpeg\" \/>\n<meta name=\"twitter:card\" content=\"summary_large_image\" \/>\n<meta name=\"twitter:label1\" content=\"Tiempo de lectura\" \/>\n\t<meta name=\"twitter:data1\" content=\"3 minutos\" \/>\n<script type=\"application\/ld+json\" class=\"yoast-schema-graph\">{\"@context\":\"https:\/\/schema.org\",\"@graph\":[{\"@type\":\"WebPage\",\"@id\":\"https:\/\/latam.kurita-water.com\/es\/soluciones\/limpieza\/\",\"url\":\"https:\/\/latam.kurita-water.com\/es\/soluciones\/limpieza\/\",\"name\":\"Cleaning - Kurita LATAM\",\"isPartOf\":{\"@id\":\"https:\/\/latam.kurita-water.com\/es\/#website\"},\"primaryImageOfPage\":{\"@id\":\"https:\/\/latam.kurita-water.com\/es\/soluciones\/limpieza\/#primaryimage\"},\"image\":{\"@id\":\"https:\/\/latam.kurita-water.com\/es\/soluciones\/limpieza\/#primaryimage\"},\"thumbnailUrl\":\"\/wp-content\/uploads\/2025\/04\/Applications_WaterTreatment_MembraneTreatment-eef67877.jpg\",\"datePublished\":\"2025-04-25T09:53:35+00:00\",\"dateModified\":\"2026-03-20T11:16:03+00:00\",\"description\":\"Kurita offers cleaning solutions for industrial water systems, removing deposits and restoring optimal performance and reliability.\",\"breadcrumb\":{\"@id\":\"https:\/\/latam.kurita-water.com\/es\/soluciones\/limpieza\/#breadcrumb\"},\"inLanguage\":\"es\",\"potentialAction\":[{\"@type\":\"ReadAction\",\"target\":[\"https:\/\/latam.kurita-water.com\/es\/soluciones\/limpieza\/\"]}]},{\"@type\":\"ImageObject\",\"inLanguage\":\"es\",\"@id\":\"https:\/\/latam.kurita-water.com\/es\/soluciones\/limpieza\/#primaryimage\",\"url\":\"\/wp-content\/uploads\/2025\/04\/Applications_WaterTreatment_MembraneTreatment-eef67877.jpg\",\"contentUrl\":\"\/wp-content\/uploads\/2025\/04\/Applications_WaterTreatment_MembraneTreatment-eef67877.jpg\",\"width\":870,\"height\":350},{\"@type\":\"BreadcrumbList\",\"@id\":\"https:\/\/latam.kurita-water.com\/es\/soluciones\/limpieza\/#breadcrumb\",\"itemListElement\":[{\"@type\":\"ListItem\",\"position\":1,\"name\":\"Home\",\"item\":\"https:\/\/latam.kurita-water.com\/en\/\"},{\"@type\":\"ListItem\",\"position\":2,\"name\":\"Solutions\",\"item\":\"https:\/\/latamkurit-5281ce4bb8-cteaeha6g3c2hjhc.a03.azurefd.net\/es\/soluciones\/\"},{\"@type\":\"ListItem\",\"position\":3,\"name\":\"Cleaning\"}]},{\"@type\":\"WebSite\",\"@id\":\"https:\/\/latam.kurita-water.com\/es\/#website\",\"url\":\"https:\/\/latam.kurita-water.com\/es\/\",\"name\":\"Kurita LATAM\",\"description\":\"Water Treatment Solutions\",\"publisher\":{\"@id\":\"https:\/\/latam.kurita-water.com\/es\/#organization\"},\"potentialAction\":[{\"@type\":\"SearchAction\",\"target\":{\"@type\":\"EntryPoint\",\"urlTemplate\":\"https:\/\/latam.kurita-water.com\/es\/?s={search_term_string}\"},\"query-input\":{\"@type\":\"PropertyValueSpecification\",\"valueRequired\":true,\"valueName\":\"search_term_string\"}}],\"inLanguage\":\"es\"},{\"@type\":\"Organization\",\"@id\":\"https:\/\/latam.kurita-water.com\/es\/#organization\",\"name\":\"Kurita LATAM\",\"url\":\"https:\/\/latam.kurita-water.com\/es\/\",\"logo\":{\"@type\":\"ImageObject\",\"inLanguage\":\"es\",\"@id\":\"https:\/\/latam.kurita-water.com\/es\/#\/schema\/logo\/image\/\",\"url\":\"\/wp-content\/uploads\/2025\/05\/cropped-brand_mark_horizon_blue.png\",\"contentUrl\":\"\/wp-content\/uploads\/2025\/05\/cropped-brand_mark_horizon_blue.png\",\"width\":712,\"height\":204,\"caption\":\"Kurita LATAM\"},\"image\":{\"@id\":\"https:\/\/latam.kurita-water.com\/es\/#\/schema\/logo\/image\/\"}}]}<\/script>\n<!-- \/ Yoast SEO plugin. -->","yoast_head_json":{"title":"Limpieza - Kurita LATAM","description":"Kurita ofrece soluciones de limpieza para sistemas de agua industriales, eliminando los dep\u00f3sitos y restaurando el rendimiento y la fiabilidad \u00f3ptimos.","robots":{"index":"index","follow":"follow","max-snippet":"max-snippet:-1","max-image-preview":"max-image-preview:large","max-video-preview":"max-video-preview:-1"},"canonical":"https:\/\/latam.kurita-water.com\/es\/soluciones\/limpieza\/","og_locale":"es_ES","og_type":"article","og_title":"Cleaning - Kurita LATAM","og_description":"Kurita offers cleaning solutions for industrial water systems, removing deposits and restoring optimal performance and reliability.","og_url":"https:\/\/latam.kurita-water.com\/es\/soluciones\/limpieza\/","og_site_name":"Kurita LATAM","article_modified_time":"2026-03-20T11:16:03+00:00","og_image":[{"width":870,"height":350,"url":"https:\/\/latam.kurita-water.com\/wp-content\/uploads\/2025\/04\/Applications_WaterTreatment_MembraneTreatment-eef67877.jpg","type":"image\/jpeg"}],"twitter_card":"summary_large_image","twitter_misc":{"Tiempo de lectura":"3 minutos"},"schema":{"@context":"https:\/\/schema.org","@graph":[{"@type":"WebPage","@id":"https:\/\/latam.kurita-water.com\/es\/soluciones\/limpieza\/","url":"https:\/\/latam.kurita-water.com\/es\/soluciones\/limpieza\/","name":"Limpieza - Kurita LATAM","isPartOf":{"@id":"https:\/\/latam.kurita-water.com\/es\/#website"},"primaryImageOfPage":{"@id":"https:\/\/latam.kurita-water.com\/es\/soluciones\/limpieza\/#primaryimage"},"image":{"@id":"https:\/\/latam.kurita-water.com\/es\/soluciones\/limpieza\/#primaryimage"},"thumbnailUrl":"\/wp-content\/uploads\/2025\/04\/Applications_WaterTreatment_MembraneTreatment-eef67877.jpg","datePublished":"2025-04-25T09:53:35+00:00","dateModified":"2026-03-20T11:16:03+00:00","description":"Kurita ofrece soluciones de limpieza para sistemas de agua industriales, eliminando los dep\u00f3sitos y restaurando el rendimiento y la fiabilidad \u00f3ptimos.","breadcrumb":{"@id":"https:\/\/latam.kurita-water.com\/es\/soluciones\/limpieza\/#breadcrumb"},"inLanguage":"es","potentialAction":[{"@type":"ReadAction","target":["https:\/\/latam.kurita-water.com\/es\/soluciones\/limpieza\/"]}]},{"@type":"ImageObject","inLanguage":"es","@id":"https:\/\/latam.kurita-water.com\/es\/soluciones\/limpieza\/#primaryimage","url":"\/wp-content\/uploads\/2025\/04\/Applications_WaterTreatment_MembraneTreatment-eef67877.jpg","contentUrl":"\/wp-content\/uploads\/2025\/04\/Applications_WaterTreatment_MembraneTreatment-eef67877.jpg","width":870,"height":350},{"@type":"BreadcrumbList","@id":"https:\/\/latam.kurita-water.com\/es\/soluciones\/limpieza\/#breadcrumb","itemListElement":[{"@type":"ListItem","position":1,"name":"Home","item":"https:\/\/latam.kurita-water.com\/en\/"},{"@type":"ListItem","position":2,"name":"Solutions","item":"https:\/\/latamkurit-5281ce4bb8-cteaeha6g3c2hjhc.a03.azurefd.net\/es\/soluciones\/"},{"@type":"ListItem","position":3,"name":"Cleaning"}]},{"@type":"WebSite","@id":"https:\/\/latam.kurita-water.com\/es\/#website","url":"https:\/\/latam.kurita-water.com\/es\/","name":"Kurita LATAM","description":"Soluciones para el tratamiento del agua","publisher":{"@id":"https:\/\/latam.kurita-water.com\/es\/#organization"},"potentialAction":[{"@type":"SearchAction","target":{"@type":"EntryPoint","urlTemplate":"https:\/\/latam.kurita-water.com\/es\/?s={search_term_string}"},"query-input":{"@type":"PropertyValueSpecification","valueRequired":true,"valueName":"search_term_string"}}],"inLanguage":"es"},{"@type":"Organization","@id":"https:\/\/latam.kurita-water.com\/es\/#organization","name":"Kurita LATAM","url":"https:\/\/latam.kurita-water.com\/es\/","logo":{"@type":"ImageObject","inLanguage":"es","@id":"https:\/\/latam.kurita-water.com\/es\/#\/schema\/logo\/image\/","url":"\/wp-content\/uploads\/2025\/05\/cropped-brand_mark_horizon_blue.png","contentUrl":"\/wp-content\/uploads\/2025\/05\/cropped-brand_mark_horizon_blue.png","width":712,"height":204,"caption":"Kurita LATAM"},"image":{"@id":"https:\/\/latam.kurita-water.com\/es\/#\/schema\/logo\/image\/"}}]}},"_links":{"self":[{"href":"https:\/\/latam.kurita-water.com\/es\/wp-json\/wp\/v2\/pages\/14500","targetHints":{"allow":["GET"]}}],"collection":[{"href":"https:\/\/latam.kurita-water.com\/es\/wp-json\/wp\/v2\/pages"}],"about":[{"href":"https:\/\/latam.kurita-water.com\/es\/wp-json\/wp\/v2\/types\/page"}],"author":[{"embeddable":true,"href":"https:\/\/latam.kurita-water.com\/es\/wp-json\/wp\/v2\/users\/2"}],"replies":[{"embeddable":true,"href":"https:\/\/latam.kurita-water.com\/es\/wp-json\/wp\/v2\/comments?post=14500"}],"version-history":[{"count":11,"href":"https:\/\/latam.kurita-water.com\/es\/wp-json\/wp\/v2\/pages\/14500\/revisions"}],"predecessor-version":[{"id":19617,"href":"https:\/\/latam.kurita-water.com\/es\/wp-json\/wp\/v2\/pages\/14500\/revisions\/19617"}],"up":[{"embeddable":true,"href":"https:\/\/latam.kurita-water.com\/es\/wp-json\/wp\/v2\/pages\/13875"}],"wp:featuredmedia":[{"embeddable":true,"href":"https:\/\/latam.kurita-water.com\/es\/wp-json\/wp\/v2\/media\/13670"}],"wp:attachment":[{"href":"https:\/\/latam.kurita-water.com\/es\/wp-json\/wp\/v2\/media?parent=14500"}],"curies":[{"name":"wp","href":"https:\/\/api.w.org\/{rel}","templated":true}]}}