{"id":19659,"date":"2026-04-07T10:05:00","date_gmt":"2026-04-07T10:05:00","guid":{"rendered":"https:\/\/latam.kurita-water.com\/?page_id=19659"},"modified":"2026-04-07T10:17:47","modified_gmt":"2026-04-07T10:17:47","slug":"condiciones-finales","status":"publish","type":"page","link":"https:\/\/latam.kurita-water.com\/es\/condiciones-finales\/","title":{"rendered":"Condiciones generales"},"content":{"rendered":"<div data-elementor-type=\"wp-page\" data-elementor-id=\"19659\" class=\"elementor elementor-19659\" data-elementor-post-type=\"page\">\n\t\t\t\t\t\t<section class=\"elementor-section elementor-top-section elementor-element elementor-element-6396b7ec elementor-section-full_width elementor-section-height-default elementor-section-height-default\" data-id=\"6396b7ec\" data-element_type=\"section\">\n\t\t\t\t\t\t<div class=\"elementor-container elementor-column-gap-default\">\n\t\t\t\t\t<div class=\"elementor-column elementor-col-100 elementor-top-column elementor-element elementor-element-5544e820\" data-id=\"5544e820\" data-element_type=\"column\">\n\t\t\t<div class=\"elementor-widget-wrap elementor-element-populated\">\n\t\t\t\t\t\t<div class=\"elementor-element elementor-element-15403ade elementor--h-position-center elementor--v-position-middle elementor-arrows-position-inside elementor-pagination-position-inside elementor-widget elementor-widget-slides\" data-id=\"15403ade\" data-element_type=\"widget\" data-settings=\"{&quot;navigation&quot;:&quot;both&quot;,&quot;autoplay&quot;:&quot;yes&quot;,&quot;pause_on_hover&quot;:&quot;yes&quot;,&quot;pause_on_interaction&quot;:&quot;yes&quot;,&quot;autoplay_speed&quot;:5000,&quot;infinite&quot;:&quot;yes&quot;,&quot;transition&quot;:&quot;slide&quot;,&quot;transition_speed&quot;:500}\" data-widget_type=\"slides.default\">\n\t\t\t\t<div class=\"elementor-widget-container\">\n\t\t\t\t\t\t\t\t\t<div class=\"elementor-swiper\">\n\t\t\t\t\t<div class=\"elementor-slides-wrapper elementor-main-swiper swiper\" role=\"region\" aria-roledescription=\"carousel\" aria-label=\"Diapositivas\" dir=\"ltr\" data-animation=\"fadeInUp\">\n\t\t\t\t<div class=\"swiper-wrapper elementor-slides\">\n\t\t\t\t\t\t\t\t\t\t<div class=\"elementor-repeater-item-4e0b9f7 swiper-slide\" role=\"group\" aria-roledescription=\"slide\"><div class=\"swiper-slide-bg elementor-ken-burns elementor-ken-burns--in\" role=\"img\"><\/div><div class=\"elementor-background-overlay\"><\/div><div class=\"swiper-slide-inner\" ><div class=\"swiper-slide-contents\"><div class=\"elementor-slide-heading\">Condiciones generales<\/div><\/div><\/div><\/div>\t\t\t\t<\/div>\n\t\t\t\t\t\t\t<\/div>\n\t\t\t\t<\/div>\n\t\t\t\t\t\t\t\t<\/div>\n\t\t\t\t<\/div>\n\t\t\t\t\t<\/div>\n\t\t<\/div>\n\t\t\t\t\t<\/div>\n\t\t<\/section>\n\t\t\t\t<section class=\"elementor-section elementor-top-section elementor-element elementor-element-156df492 margin-content elementor-section-boxed elementor-section-height-default elementor-section-height-default\" data-id=\"156df492\" data-element_type=\"section\">\n\t\t\t\t\t\t<div class=\"elementor-container elementor-column-gap-default\">\n\t\t\t\t\t<div class=\"elementor-column elementor-col-100 elementor-top-column elementor-element elementor-element-1be6ea92\" data-id=\"1be6ea92\" data-element_type=\"column\">\n\t\t\t<div class=\"elementor-widget-wrap elementor-element-populated\">\n\t\t\t\t\t\t<div class=\"elementor-element elementor-element-1e696642 elementor-widget elementor-widget-heading\" data-id=\"1e696642\" data-element_type=\"widget\" data-widget_type=\"heading.default\">\n\t\t\t\t<div class=\"elementor-widget-container\">\n\t\t\t\t\t<h1 class=\"elementor-heading-title elementor-size-default\">T\u00e9rminos y Condiciones de Uso<\/h1>\t\t\t\t<\/div>\n\t\t\t\t<\/div>\n\t\t\t\t<div class=\"elementor-element elementor-element-b5e23a7 elementor-widget elementor-widget-text-editor\" data-id=\"b5e23a7\" data-element_type=\"widget\" data-widget_type=\"text-editor.default\">\n\t\t\t\t<div class=\"elementor-widget-container\">\n\t\t\t\t\t\t\t\t\t<p>Los presentes T\u00e9rminos y Condiciones de Uso regulan el acceso y utilizaci\u00f3n del sitio web <a href=\"https:\/\/latam.kurita-water.com\/es\/\">latam.kurita-water.com<\/a>, propiedad de Kurita Water Industries M\u00e9xico, S. de R.L. de C.V. (en adelante, \u201cKWMX\u201d).<\/p><p>La utilizaci\u00f3n de este sitio y de cualquiera de sus aplicaciones implica el pleno y expreso consentimiento por parte del usuario para sujetarse a los presentes T\u00e9rminos y Condiciones, as\u00ed como a la Pol\u00edtica de Privacidad, pol\u00edticas de seguridad y cualesquiera otros documentos que regulen la participaci\u00f3n del usuario en el Sitio.<\/p><p><br \/>En caso de que el usuario no est\u00e9 de acuerdo con alguno de estos t\u00e9rminos, deber\u00e1 abstenerse de utilizar el Sitio.<\/p>\t\t\t\t\t\t\t\t<\/div>\n\t\t\t\t<\/div>\n\t\t\t\t<div class=\"elementor-element elementor-element-4222e83 elementor-widget__width-initial elementor-widget elementor-widget-toggle\" data-id=\"4222e83\" data-element_type=\"widget\" data-widget_type=\"toggle.default\">\n\t\t\t\t<div class=\"elementor-widget-container\">\n\t\t\t\t\t\t\t<div class=\"elementor-toggle\">\n\t\t\t\t\t\t\t<div class=\"elementor-toggle-item\">\n\t\t\t\t\t<div id=\"elementor-tab-title-6931\" class=\"elementor-tab-title\" data-tab=\"1\" role=\"button\" aria-controls=\"elementor-tab-content-6931\" aria-expanded=\"false\">\n\t\t\t\t\t\t\t\t\t\t\t\t<span class=\"elementor-toggle-icon elementor-toggle-icon-left\" aria-hidden=\"true\">\n\t\t\t\t\t\t\t\t\t\t\t\t\t\t\t<span class=\"elementor-toggle-icon-closed\"><svg class=\"e-font-icon-svg e-fas-caret-right\" viewbox=\"0 0 192 512\" xmlns=\"http:\/\/www.w3.org\/2000\/svg\"><path d=\"M0 384.662V127.338c0-17.818 21.543-26.741 34.142-14.142l128.662 128.662c7.81 7.81 7.81 20.474 0 28.284L34.142 398.804C21.543 411.404 0 402.48 0 384.662z\"><\/path><\/svg><\/span>\n\t\t\t\t\t\t\t\t<span class=\"elementor-toggle-icon-opened\"><svg class=\"elementor-toggle-icon-opened e-font-icon-svg e-fas-caret-up\" viewbox=\"0 0 320 512\" xmlns=\"http:\/\/www.w3.org\/2000\/svg\"><path d=\"M288.662 352H31.338c-17.818 0-26.741-21.543-14.142-34.142l128.662-128.662c7.81-7.81 20.474-7.81 28.284 0l128.662 128.662c12.6 12.599 3.676 34.142-14.142 34.142z\"><\/path><\/svg><\/span>\n\t\t\t\t\t\t\t\t\t\t\t\t\t<\/span>\n\t\t\t\t\t\t\t\t\t\t\t\t<a class=\"elementor-toggle-title\" tabindex=\"0\">Obligaciones del usuario<\/a>\n\t\t\t\t\t<\/div>\n\n\t\t\t\t\t<div id=\"elementor-tab-content-6931\" class=\"elementor-tab-content elementor-clearfix\" data-tab=\"1\" role=\"region\" aria-labelledby=\"elementor-tab-title-6931\"><p>Al acceder y utilizar el Sitio, el usuario se obliga a cumplir con los presentes T\u00e9rminos y Condiciones, reconociendo que los ha le\u00eddo, entendido y aceptado en su totalidad.<\/p><p>La informaci\u00f3n y los servicios ofrecidos a trav\u00e9s del Sitio hacen referencia exclusivamente a la normatividad aplicable en los Estados Unidos Mexicanos.<\/p><p>Los usuarios no residentes en M\u00e9xico que accedan al Sitio deber\u00e1n asegurarse de que dicho acceso est\u00e9 permitido conforme a su legislaci\u00f3n local, siendo responsables del cumplimiento de las leyes aplicables en su jurisdicci\u00f3n.<\/p><p>El uso del Sitio se realiza bajo la exclusiva responsabilidad del usuario.<\/p><\/div>\n\t\t\t\t<\/div>\n\t\t\t\t\t\t\t<div class=\"elementor-toggle-item\">\n\t\t\t\t\t<div id=\"elementor-tab-title-6932\" class=\"elementor-tab-title\" data-tab=\"2\" role=\"button\" aria-controls=\"elementor-tab-content-6932\" aria-expanded=\"false\">\n\t\t\t\t\t\t\t\t\t\t\t\t<span class=\"elementor-toggle-icon elementor-toggle-icon-left\" aria-hidden=\"true\">\n\t\t\t\t\t\t\t\t\t\t\t\t\t\t\t<span class=\"elementor-toggle-icon-closed\"><svg class=\"e-font-icon-svg e-fas-caret-right\" viewbox=\"0 0 192 512\" xmlns=\"http:\/\/www.w3.org\/2000\/svg\"><path d=\"M0 384.662V127.338c0-17.818 21.543-26.741 34.142-14.142l128.662 128.662c7.81 7.81 7.81 20.474 0 28.284L34.142 398.804C21.543 411.404 0 402.48 0 384.662z\"><\/path><\/svg><\/span>\n\t\t\t\t\t\t\t\t<span class=\"elementor-toggle-icon-opened\"><svg class=\"elementor-toggle-icon-opened e-font-icon-svg e-fas-caret-up\" viewbox=\"0 0 320 512\" xmlns=\"http:\/\/www.w3.org\/2000\/svg\"><path d=\"M288.662 352H31.338c-17.818 0-26.741-21.543-14.142-34.142l128.662-128.662c7.81-7.81 20.474-7.81 28.284 0l128.662 128.662c12.6 12.599 3.676 34.142-14.142 34.142z\"><\/path><\/svg><\/span>\n\t\t\t\t\t\t\t\t\t\t\t\t\t<\/span>\n\t\t\t\t\t\t\t\t\t\t\t\t<a class=\"elementor-toggle-title\" tabindex=\"0\">Uso de los contenidos<\/a>\n\t\t\t\t\t<\/div>\n\n\t\t\t\t\t<div id=\"elementor-tab-content-6932\" class=\"elementor-tab-content elementor-clearfix\" data-tab=\"2\" role=\"region\" aria-labelledby=\"elementor-tab-title-6932\"><p>Se autoriza al usuario a visualizar y descargar los materiales contenidos en el Sitio \u00fanicamente para uso personal y no comercial, siempre que:<\/p><ol><li>Conserve en todas las copias los avisos de derechos de autor y propiedad intelectual;<\/li><li>No modifique, reproduzca, distribuya o comunique p\u00fablicamente los contenidos con fines comerciales;<\/li><li>No transfiera los materiales a terceros sin autorizaci\u00f3n expresa de KWMX.<\/li><\/ol><\/div>\n\t\t\t\t<\/div>\n\t\t\t\t\t\t\t<div class=\"elementor-toggle-item\">\n\t\t\t\t\t<div id=\"elementor-tab-title-6933\" class=\"elementor-tab-title\" data-tab=\"3\" role=\"button\" aria-controls=\"elementor-tab-content-6933\" aria-expanded=\"false\">\n\t\t\t\t\t\t\t\t\t\t\t\t<span class=\"elementor-toggle-icon elementor-toggle-icon-left\" aria-hidden=\"true\">\n\t\t\t\t\t\t\t\t\t\t\t\t\t\t\t<span class=\"elementor-toggle-icon-closed\"><svg class=\"e-font-icon-svg e-fas-caret-right\" viewbox=\"0 0 192 512\" xmlns=\"http:\/\/www.w3.org\/2000\/svg\"><path d=\"M0 384.662V127.338c0-17.818 21.543-26.741 34.142-14.142l128.662 128.662c7.81 7.81 7.81 20.474 0 28.284L34.142 398.804C21.543 411.404 0 402.48 0 384.662z\"><\/path><\/svg><\/span>\n\t\t\t\t\t\t\t\t<span class=\"elementor-toggle-icon-opened\"><svg class=\"elementor-toggle-icon-opened e-font-icon-svg e-fas-caret-up\" viewbox=\"0 0 320 512\" xmlns=\"http:\/\/www.w3.org\/2000\/svg\"><path d=\"M288.662 352H31.338c-17.818 0-26.741-21.543-14.142-34.142l128.662-128.662c7.81-7.81 20.474-7.81 28.284 0l128.662 128.662c12.6 12.599 3.676 34.142-14.142 34.142z\"><\/path><\/svg><\/span>\n\t\t\t\t\t\t\t\t\t\t\t\t\t<\/span>\n\t\t\t\t\t\t\t\t\t\t\t\t<a class=\"elementor-toggle-title\" tabindex=\"0\">Modificaciones y suspensi\u00f3n<\/a>\n\t\t\t\t\t<\/div>\n\n\t\t\t\t\t<div id=\"elementor-tab-content-6933\" class=\"elementor-tab-content elementor-clearfix\" data-tab=\"3\" role=\"region\" aria-labelledby=\"elementor-tab-title-6933\"><p>KWMX se reserva el derecho de modificar, suspender, interrumpir o dejar de operar el Sitio y los servicios ofrecidos en \u00e9l, en cualquier momento y sin previo aviso.<\/p><\/div>\n\t\t\t\t<\/div>\n\t\t\t\t\t\t\t<div class=\"elementor-toggle-item\">\n\t\t\t\t\t<div id=\"elementor-tab-title-6934\" class=\"elementor-tab-title\" data-tab=\"4\" role=\"button\" aria-controls=\"elementor-tab-content-6934\" aria-expanded=\"false\">\n\t\t\t\t\t\t\t\t\t\t\t\t<span class=\"elementor-toggle-icon elementor-toggle-icon-left\" aria-hidden=\"true\">\n\t\t\t\t\t\t\t\t\t\t\t\t\t\t\t<span class=\"elementor-toggle-icon-closed\"><svg class=\"e-font-icon-svg e-fas-caret-right\" viewbox=\"0 0 192 512\" xmlns=\"http:\/\/www.w3.org\/2000\/svg\"><path d=\"M0 384.662V127.338c0-17.818 21.543-26.741 34.142-14.142l128.662 128.662c7.81 7.81 7.81 20.474 0 28.284L34.142 398.804C21.543 411.404 0 402.48 0 384.662z\"><\/path><\/svg><\/span>\n\t\t\t\t\t\t\t\t<span class=\"elementor-toggle-icon-opened\"><svg class=\"elementor-toggle-icon-opened e-font-icon-svg e-fas-caret-up\" viewbox=\"0 0 320 512\" xmlns=\"http:\/\/www.w3.org\/2000\/svg\"><path d=\"M288.662 352H31.338c-17.818 0-26.741-21.543-14.142-34.142l128.662-128.662c7.81-7.81 20.474-7.81 28.284 0l128.662 128.662c12.6 12.599 3.676 34.142-14.142 34.142z\"><\/path><\/svg><\/span>\n\t\t\t\t\t\t\t\t\t\t\t\t\t<\/span>\n\t\t\t\t\t\t\t\t\t\t\t\t<a class=\"elementor-toggle-title\" tabindex=\"0\">Legislaci\u00f3n aplicable y jurisdicci\u00f3n<\/a>\n\t\t\t\t\t<\/div>\n\n\t\t\t\t\t<div id=\"elementor-tab-content-6934\" class=\"elementor-tab-content elementor-clearfix\" data-tab=\"4\" role=\"region\" aria-labelledby=\"elementor-tab-title-6934\"><p>Los presentes T\u00e9rminos y Condiciones se rigen por las leyes de los Estados Unidos Mexicanos.<br \/>Para cualquier controversia derivada del uso del Sitio, las partes se someten a los tribunales competentes en M\u00e9xico, renunciando a cualquier otro fuero que pudiera corresponderles.<\/p><\/div>\n\t\t\t\t<\/div>\n\t\t\t\t\t\t\t<div class=\"elementor-toggle-item\">\n\t\t\t\t\t<div id=\"elementor-tab-title-6935\" class=\"elementor-tab-title\" data-tab=\"5\" role=\"button\" aria-controls=\"elementor-tab-content-6935\" aria-expanded=\"false\">\n\t\t\t\t\t\t\t\t\t\t\t\t<span class=\"elementor-toggle-icon elementor-toggle-icon-left\" aria-hidden=\"true\">\n\t\t\t\t\t\t\t\t\t\t\t\t\t\t\t<span class=\"elementor-toggle-icon-closed\"><svg class=\"e-font-icon-svg e-fas-caret-right\" viewbox=\"0 0 192 512\" xmlns=\"http:\/\/www.w3.org\/2000\/svg\"><path d=\"M0 384.662V127.338c0-17.818 21.543-26.741 34.142-14.142l128.662 128.662c7.81 7.81 7.81 20.474 0 28.284L34.142 398.804C21.543 411.404 0 402.48 0 384.662z\"><\/path><\/svg><\/span>\n\t\t\t\t\t\t\t\t<span class=\"elementor-toggle-icon-opened\"><svg class=\"elementor-toggle-icon-opened e-font-icon-svg e-fas-caret-up\" viewbox=\"0 0 320 512\" xmlns=\"http:\/\/www.w3.org\/2000\/svg\"><path d=\"M288.662 352H31.338c-17.818 0-26.741-21.543-14.142-34.142l128.662-128.662c7.81-7.81 20.474-7.81 28.284 0l128.662 128.662c12.6 12.599 3.676 34.142-14.142 34.142z\"><\/path><\/svg><\/span>\n\t\t\t\t\t\t\t\t\t\t\t\t\t<\/span>\n\t\t\t\t\t\t\t\t\t\t\t\t<a class=\"elementor-toggle-title\" tabindex=\"0\">Contacto<\/a>\n\t\t\t\t\t<\/div>\n\n\t\t\t\t\t<div id=\"elementor-tab-content-6935\" class=\"elementor-tab-content elementor-clearfix\" data-tab=\"5\" role=\"region\" aria-labelledby=\"elementor-tab-title-6935\"><p>Para cualquier duda relacionada con estos T\u00e9rminos y Condiciones, el usuario puede contactar a: <a href=\"mailto:global.marketing@kurita-water.com\">global.marketing@kurita-water.com<\/a><\/p><p>\u00a0<\/p><\/div>\n\t\t\t\t<\/div>\n\t\t\t\t\t\t\t\t\t\t<script type=\"application\/ld+json\">{\"@context\":\"https:\\\/\\\/schema.org\",\"@type\":\"FAQPage\",\"mainEntity\":[{\"@type\":\"Question\",\"name\":\"Obligaciones del usuario\",\"acceptedAnswer\":{\"@type\":\"Answer\",\"text\":\"<p>Al acceder y utilizar el Sitio, el usuario se obliga a cumplir con los presentes T\\u00e9rminos y Condiciones, reconociendo que los ha le\\u00eddo, entendido y aceptado en su totalidad.<\\\/p><p>La informaci\\u00f3n y los servicios ofrecidos a trav\\u00e9s del Sitio hacen referencia exclusivamente a la normatividad aplicable en los Estados Unidos Mexicanos.<\\\/p><p>Los usuarios no residentes en M\\u00e9xico que accedan al Sitio deber\\u00e1n asegurarse de que dicho acceso est\\u00e9 permitido conforme a su legislaci\\u00f3n local, siendo responsables del cumplimiento de las leyes aplicables en su jurisdicci\\u00f3n.<\\\/p><p>El uso del Sitio se realiza bajo la exclusiva responsabilidad del usuario.<\\\/p>\"}},{\"@type\":\"Question\",\"name\":\"Uso de los contenidos\",\"acceptedAnswer\":{\"@type\":\"Answer\",\"text\":\"<p>Se autoriza al usuario a visualizar y descargar los materiales contenidos en el Sitio \\u00fanicamente para uso personal y no comercial, siempre que:<\\\/p><ol><li>Conserve en todas las copias los avisos de derechos de autor y propiedad intelectual;<\\\/li><li>No modifique, reproduzca, distribuya o comunique p\\u00fablicamente los contenidos con fines comerciales;<\\\/li><li>No transfiera los materiales a terceros sin autorizaci\\u00f3n expresa de KWMX.<\\\/li><\\\/ol>\"}},{\"@type\":\"Question\",\"name\":\"Modificaciones y suspensi\\u00f3n\",\"acceptedAnswer\":{\"@type\":\"Answer\",\"text\":\"<p>KWMX se reserva el derecho de modificar, suspender, interrumpir o dejar de operar el Sitio y los servicios ofrecidos en \\u00e9l, en cualquier momento y sin previo aviso.<\\\/p>\"}},{\"@type\":\"Question\",\"name\":\"Legislaci\\u00f3n aplicable y jurisdicci\\u00f3n\",\"acceptedAnswer\":{\"@type\":\"Answer\",\"text\":\"<p>Los presentes T\\u00e9rminos y Condiciones se rigen por las leyes de los Estados Unidos Mexicanos.<br \\\/>Para cualquier controversia derivada del uso del Sitio, las partes se someten a los tribunales competentes en M\\u00e9xico, renunciando a cualquier otro fuero que pudiera corresponderles.<\\\/p>\"}},{\"@type\":\"Question\",\"name\":\"Contacto\",\"acceptedAnswer\":{\"@type\":\"Answer\",\"text\":\"<p>Para cualquier duda relacionada con estos T\\u00e9rminos y Condiciones, el usuario puede contactar a: <a href=\\\"mailto:global.marketing@kurita-water.com\\\">global.marketing@kurita-water.com<\\\/a><\\\/p><p>\\u00a0<\\\/p>\"}}]}<\/script>\n\t\t\t\t\t<\/div>\n\t\t\t\t\t\t<\/div>\n\t\t\t\t<\/div>\n\t\t\t\t\t<\/div>\n\t\t<\/div>\n\t\t\t\t\t<\/div>\n\t\t<\/section>\n\t\t\t\t<\/div>","protected":false},"excerpt":{"rendered":"<p>Terms and Conditions T\u00e9rminos y Condiciones de Uso Los presentes T\u00e9rminos y Condiciones de Uso regulan el acceso y utilizaci\u00f3n del sitio web latam.kurita-water.com, propiedad de Kurita Water Industries M\u00e9xico, S. de R.L. de C.V. (en adelante, \u201cKWMX\u201d). La utilizaci\u00f3n de este sitio y de cualquiera de sus aplicaciones implica el pleno y expreso consentimiento [&hellip;]<\/p>","protected":false},"author":5,"featured_media":0,"parent":0,"menu_order":0,"comment_status":"closed","ping_status":"closed","template":"","meta":{"footnotes":""},"class_list":["post-19659","page","type-page","status-publish","hentry"],"yoast_head":"<!-- This site is optimized with the Yoast SEO plugin v25.5 - https:\/\/yoast.com\/wordpress\/plugins\/seo\/ -->\n<title>Terms and Conditions - Kurita LATAM<\/title>\n<meta name=\"description\" content=\"Los presentes T\u00e9rminos y Condiciones de Uso regulan el acceso y utilizaci\u00f3n del sitio web, propiedad de Kurita Water Industries M\u00e9xico\" \/>\n<meta name=\"robots\" content=\"index, follow, max-snippet:-1, max-image-preview:large, max-video-preview:-1\" \/>\n<link rel=\"canonical\" href=\"https:\/\/latam.kurita-water.com\/es\/condiciones-finales\/\" \/>\n<meta property=\"og:locale\" content=\"es_ES\" \/>\n<meta property=\"og:type\" content=\"article\" \/>\n<meta property=\"og:title\" content=\"Terms and Conditions - Kurita LATAM\" \/>\n<meta property=\"og:description\" content=\"Los presentes T\u00e9rminos y Condiciones de Uso regulan el acceso y utilizaci\u00f3n del sitio web, propiedad de Kurita Water Industries M\u00e9xico\" \/>\n<meta property=\"og:url\" content=\"https:\/\/latam.kurita-water.com\/es\/condiciones-finales\/\" \/>\n<meta property=\"og:site_name\" content=\"Kurita LATAM\" \/>\n<meta property=\"article:modified_time\" content=\"2026-04-07T10:17:47+00:00\" \/>\n<meta property=\"og:image\" content=\"https:\/\/latam.kurita-water.com\/wp-content\/uploads\/2025\/07\/kurita-favicon-512x512-1.png\" \/>\n\t<meta property=\"og:image:width\" content=\"512\" \/>\n\t<meta property=\"og:image:height\" content=\"512\" \/>\n\t<meta property=\"og:image:type\" content=\"image\/png\" \/>\n<meta name=\"twitter:card\" content=\"summary_large_image\" \/>\n<meta name=\"twitter:label1\" content=\"Tiempo de lectura\" \/>\n\t<meta name=\"twitter:data1\" content=\"2 minutos\" \/>\n<script type=\"application\/ld+json\" class=\"yoast-schema-graph\">{\"@context\":\"https:\/\/schema.org\",\"@graph\":[{\"@type\":\"WebPage\",\"@id\":\"https:\/\/latam.kurita-water.com\/es\/terminos-condiciones\/\",\"url\":\"https:\/\/latam.kurita-water.com\/es\/terminos-condiciones\/\",\"name\":\"Terms and Conditions - Kurita LATAM\",\"isPartOf\":{\"@id\":\"https:\/\/latam.kurita-water.com\/es\/#website\"},\"datePublished\":\"2026-04-07T10:05:00+00:00\",\"dateModified\":\"2026-04-07T10:17:47+00:00\",\"description\":\"Los presentes T\u00e9rminos y Condiciones de Uso regulan el acceso y utilizaci\u00f3n del sitio web, propiedad de Kurita Water Industries M\u00e9xico\",\"breadcrumb\":{\"@id\":\"https:\/\/latam.kurita-water.com\/es\/terminos-condiciones\/#breadcrumb\"},\"inLanguage\":\"es\",\"potentialAction\":[{\"@type\":\"ReadAction\",\"target\":[\"https:\/\/latam.kurita-water.com\/es\/terminos-condiciones\/\"]}]},{\"@type\":\"BreadcrumbList\",\"@id\":\"https:\/\/latam.kurita-water.com\/es\/terminos-condiciones\/#breadcrumb\",\"itemListElement\":[{\"@type\":\"ListItem\",\"position\":1,\"name\":\"Home\",\"item\":\"https:\/\/latam.kurita-water.com\/es\/\"},{\"@type\":\"ListItem\",\"position\":2,\"name\":\"Terms and Conditions\"}]},{\"@type\":\"WebSite\",\"@id\":\"https:\/\/latam.kurita-water.com\/es\/#website\",\"url\":\"https:\/\/latam.kurita-water.com\/es\/\",\"name\":\"Kurita LATAM\",\"description\":\"Water Treatment Solutions\",\"publisher\":{\"@id\":\"https:\/\/latam.kurita-water.com\/es\/#organization\"},\"potentialAction\":[{\"@type\":\"SearchAction\",\"target\":{\"@type\":\"EntryPoint\",\"urlTemplate\":\"https:\/\/latam.kurita-water.com\/es\/?s={search_term_string}\"},\"query-input\":{\"@type\":\"PropertyValueSpecification\",\"valueRequired\":true,\"valueName\":\"search_term_string\"}}],\"inLanguage\":\"es\"},{\"@type\":\"Organization\",\"@id\":\"https:\/\/latam.kurita-water.com\/es\/#organization\",\"name\":\"Kurita LATAM\",\"url\":\"https:\/\/latam.kurita-water.com\/es\/\",\"logo\":{\"@type\":\"ImageObject\",\"inLanguage\":\"es\",\"@id\":\"https:\/\/latam.kurita-water.com\/es\/#\/schema\/logo\/image\/\",\"url\":\"\/wp-content\/uploads\/2025\/05\/cropped-brand_mark_horizon_blue.png\",\"contentUrl\":\"\/wp-content\/uploads\/2025\/05\/cropped-brand_mark_horizon_blue.png\",\"width\":712,\"height\":204,\"caption\":\"Kurita LATAM\"},\"image\":{\"@id\":\"https:\/\/latam.kurita-water.com\/es\/#\/schema\/logo\/image\/\"}}]}<\/script>\n<!-- \/ Yoast SEO plugin. -->","yoast_head_json":{"title":"T\u00e9rminos y condiciones - Kurita LATAM","description":"Los presentes T\u00e9rminos y Condiciones de Uso regulan el acceso y utilizaci\u00f3n del sitio web, propiedad de Kurita Water Industries M\u00e9xico","robots":{"index":"index","follow":"follow","max-snippet":"max-snippet:-1","max-image-preview":"max-image-preview:large","max-video-preview":"max-video-preview:-1"},"canonical":"https:\/\/latam.kurita-water.com\/es\/condiciones-finales\/","og_locale":"es_ES","og_type":"article","og_title":"Terms and Conditions - Kurita LATAM","og_description":"Los presentes T\u00e9rminos y Condiciones de Uso regulan el acceso y utilizaci\u00f3n del sitio web, propiedad de Kurita Water Industries M\u00e9xico","og_url":"https:\/\/latam.kurita-water.com\/es\/condiciones-finales\/","og_site_name":"Kurita LATAM","article_modified_time":"2026-04-07T10:17:47+00:00","og_image":[{"width":512,"height":512,"url":"https:\/\/latam.kurita-water.com\/wp-content\/uploads\/2025\/07\/kurita-favicon-512x512-1.png","type":"image\/png"}],"twitter_card":"summary_large_image","twitter_misc":{"Tiempo de lectura":"2 minutos"},"schema":{"@context":"https:\/\/schema.org","@graph":[{"@type":"WebPage","@id":"https:\/\/latam.kurita-water.com\/es\/terminos-condiciones\/","url":"https:\/\/latam.kurita-water.com\/es\/terminos-condiciones\/","name":"T\u00e9rminos y condiciones - Kurita LATAM","isPartOf":{"@id":"https:\/\/latam.kurita-water.com\/es\/#website"},"datePublished":"2026-04-07T10:05:00+00:00","dateModified":"2026-04-07T10:17:47+00:00","description":"Los presentes T\u00e9rminos y Condiciones de Uso regulan el acceso y utilizaci\u00f3n del sitio web, propiedad de Kurita Water Industries M\u00e9xico","breadcrumb":{"@id":"https:\/\/latam.kurita-water.com\/es\/terminos-condiciones\/#breadcrumb"},"inLanguage":"es","potentialAction":[{"@type":"ReadAction","target":["https:\/\/latam.kurita-water.com\/es\/terminos-condiciones\/"]}]},{"@type":"BreadcrumbList","@id":"https:\/\/latam.kurita-water.com\/es\/terminos-condiciones\/#breadcrumb","itemListElement":[{"@type":"ListItem","position":1,"name":"Home","item":"https:\/\/latam.kurita-water.com\/es\/"},{"@type":"ListItem","position":2,"name":"Terms and Conditions"}]},{"@type":"WebSite","@id":"https:\/\/latam.kurita-water.com\/es\/#website","url":"https:\/\/latam.kurita-water.com\/es\/","name":"Kurita LATAM","description":"Soluciones para el tratamiento del agua","publisher":{"@id":"https:\/\/latam.kurita-water.com\/es\/#organization"},"potentialAction":[{"@type":"SearchAction","target":{"@type":"EntryPoint","urlTemplate":"https:\/\/latam.kurita-water.com\/es\/?s={search_term_string}"},"query-input":{"@type":"PropertyValueSpecification","valueRequired":true,"valueName":"search_term_string"}}],"inLanguage":"es"},{"@type":"Organization","@id":"https:\/\/latam.kurita-water.com\/es\/#organization","name":"Kurita LATAM","url":"https:\/\/latam.kurita-water.com\/es\/","logo":{"@type":"ImageObject","inLanguage":"es","@id":"https:\/\/latam.kurita-water.com\/es\/#\/schema\/logo\/image\/","url":"\/wp-content\/uploads\/2025\/05\/cropped-brand_mark_horizon_blue.png","contentUrl":"\/wp-content\/uploads\/2025\/05\/cropped-brand_mark_horizon_blue.png","width":712,"height":204,"caption":"Kurita LATAM"},"image":{"@id":"https:\/\/latam.kurita-water.com\/es\/#\/schema\/logo\/image\/"}}]}},"_links":{"self":[{"href":"https:\/\/latam.kurita-water.com\/es\/wp-json\/wp\/v2\/pages\/19659","targetHints":{"allow":["GET"]}}],"collection":[{"href":"https:\/\/latam.kurita-water.com\/es\/wp-json\/wp\/v2\/pages"}],"about":[{"href":"https:\/\/latam.kurita-water.com\/es\/wp-json\/wp\/v2\/types\/page"}],"author":[{"embeddable":true,"href":"https:\/\/latam.kurita-water.com\/es\/wp-json\/wp\/v2\/users\/5"}],"replies":[{"embeddable":true,"href":"https:\/\/latam.kurita-water.com\/es\/wp-json\/wp\/v2\/comments?post=19659"}],"version-history":[{"count":4,"href":"https:\/\/latam.kurita-water.com\/es\/wp-json\/wp\/v2\/pages\/19659\/revisions"}],"predecessor-version":[{"id":19663,"href":"https:\/\/latam.kurita-water.com\/es\/wp-json\/wp\/v2\/pages\/19659\/revisions\/19663"}],"wp:attachment":[{"href":"https:\/\/latam.kurita-water.com\/es\/wp-json\/wp\/v2\/media?parent=19659"}],"curies":[{"name":"wp","href":"https:\/\/api.w.org\/{rel}","templated":true}]}}